{"id":4433,"date":"2025-01-12T14:06:30","date_gmt":"2025-01-12T14:06:30","guid":{"rendered":"https:\/\/cool-style.md\/?post_type=product&#038;p=4433"},"modified":"2025-01-12T15:08:39","modified_gmt":"2025-01-12T15:08:39","slug":"iron-king-motion","status":"publish","type":"product","link":"https:\/\/cool-style.md\/ro\/product\/iron-king-motion\/","title":{"rendered":"Foarfec\u0103 pentru tuns Iron King Motion 5.0"},"content":{"rendered":"<h2><span style=\"font-size: 75%;\">Foarfec\u0103 pentru tuns Iron King Motion 5.0<\/span><\/h2>\n<p><a href=\"https:\/\/cool-style.md\/wp-content\/uploads\/2025\/01\/Cool-style.md-Foarfece-Iron-King-Motion-5.0-6.jpg\"><img decoding=\"async\" class=\"size-medium wp-image-4447 alignleft\" src=\"https:\/\/cool-style.md\/wp-content\/uploads\/2025\/01\/Cool-style.md-Foarfece-Iron-King-Motion-5.0-6-400x400.jpg\" alt=\"Cool-style.md Foarfece Iron King Motion 5.0\" width=\"400\" height=\"400\" srcset=\"https:\/\/cool-style.md\/wp-content\/uploads\/2025\/01\/Cool-style.md-Foarfece-Iron-King-Motion-5.0-6-400x400.jpg 400w, https:\/\/cool-style.md\/wp-content\/uploads\/2025\/01\/Cool-style.md-Foarfece-Iron-King-Motion-5.0-6-800x800.jpg 800w, https:\/\/cool-style.md\/wp-content\/uploads\/2025\/01\/Cool-style.md-Foarfece-Iron-King-Motion-5.0-6-280x280.jpg 280w, https:\/\/cool-style.md\/wp-content\/uploads\/2025\/01\/Cool-style.md-Foarfece-Iron-King-Motion-5.0-6-768x768.jpg 768w, https:\/\/cool-style.md\/wp-content\/uploads\/2025\/01\/Cool-style.md-Foarfece-Iron-King-Motion-5.0-6-300x300.jpg 300w, https:\/\/cool-style.md\/wp-content\/uploads\/2025\/01\/Cool-style.md-Foarfece-Iron-King-Motion-5.0-6-510x510.jpg 510w, https:\/\/cool-style.md\/wp-content\/uploads\/2025\/01\/Cool-style.md-Foarfece-Iron-King-Motion-5.0-6-100x100.jpg 100w, https:\/\/cool-style.md\/wp-content\/uploads\/2025\/01\/Cool-style.md-Foarfece-Iron-King-Motion-5.0-6.jpg 840w\" sizes=\"(max-width: 400px) 100vw, 400px\" \/><\/a>Foarfece profesionale <a href=\"https:\/\/ironking.ro\/\" target=\"_blank\" rel=\"noopener\">Iron King<\/a> este un <a href=\"https:\/\/cool-style.md\/ro\/accesorii\/\">accesoriu<\/a> indispensabil pentru coafura. Foarfeca profesional\u0103 MOTION 5.0 pentru frizeri a fost creat\u0103 pentru a oferi precizie maxim\u0103 \u0219i control absolut \u00een diverse tehnici de tuns. Este ideal\u0103 at\u00e2t pentru p\u0103rul umed, c\u00e2t \u0219i pentru cel uscat.<\/p>\n<p>U\u0219or de utilizat, aceasta permite realizarea unor t\u0103ieturi precise, fiind preferat\u0103 \u00een special pentru detalii minu\u021bioase sau lucrul pe sec\u021biuni mici de p\u0103r. Este perfect\u0103 pentru tehnici care necesit\u0103 aten\u021bie sporit\u0103 la detalii, cum ar fi contururile, texturarea v\u00e2rfurilor sau tehnica \u201epoint cutting\u201d.<\/p>\n<p>Lama dreapt\u0103 reprezint\u0103 o alegere excelent\u0103 pentru t\u0103ieturi de mare precizie, oferind o aliniere natural\u0103 cu forma capului \u0219i a firului de p\u0103r. Acest design permite un control mai bun \u00een timpul lucrului, asigur\u00e2nd o linie de t\u0103iere mai neted\u0103 \u0219i mai exact\u0103.<\/p>\n<p><strong>Dimensiuni:<\/strong> 5.0 inch, Greutate: 50 g<br \/>\n<strong>Forma lamei:<\/strong> dreapt\u0103<br \/>\n<strong>Sistem de pivotare:<\/strong> rulmen\u021bi cu bile<br \/>\n<strong>Recomandare:<\/strong> pentru p\u0103r umed \u0219i uscat<br \/>\n<strong>Tip m\u00e2ner:<\/strong> 3D Offset<br \/>\n<strong>Material:<\/strong> o\u021bel SUS 440 A<\/p>","protected":false},"excerpt":{"rendered":"<p><span style=\"font-size: 100%;\">Iron King Motion 5.0 &#8211; instrument profesional pentru toate tipurile de tunsori.<\/span><span style=\"font-size: 100%;\"><\/span><\/p>\n","protected":false},"featured_media":4441,"template":"","meta":[],"product_brand":[],"product_cat":[29,172],"product_tag":[],"class_list":{"0":"post-4433","1":"product","2":"type-product","3":"status-publish","4":"has-post-thumbnail","6":"product_cat-accesorii","7":"product_cat-foarfece","8":"pa_brand-iron-king","9":"pa_producator-japonia","10":"pa_volum-1buc","12":"first","13":"instock","14":"shipping-taxable","15":"purchasable","16":"product-type-simple"},"_links":{"self":[{"href":"https:\/\/cool-style.md\/ro\/wp-json\/wp\/v2\/product\/4433","targetHints":{"allow":["GET"]}}],"collection":[{"href":"https:\/\/cool-style.md\/ro\/wp-json\/wp\/v2\/product"}],"about":[{"href":"https:\/\/cool-style.md\/ro\/wp-json\/wp\/v2\/types\/product"}],"wp:featuredmedia":[{"embeddable":true,"href":"https:\/\/cool-style.md\/ro\/wp-json\/wp\/v2\/media\/4441"}],"wp:attachment":[{"href":"https:\/\/cool-style.md\/ro\/wp-json\/wp\/v2\/media?parent=4433"}],"wp:term":[{"taxonomy":"product_brand","embeddable":true,"href":"https:\/\/cool-style.md\/ro\/wp-json\/wp\/v2\/product_brand?post=4433"},{"taxonomy":"product_cat","embeddable":true,"href":"https:\/\/cool-style.md\/ro\/wp-json\/wp\/v2\/product_cat?post=4433"},{"taxonomy":"product_tag","embeddable":true,"href":"https:\/\/cool-style.md\/ro\/wp-json\/wp\/v2\/product_tag?post=4433"}],"curies":[{"name":"wp","href":"https:\/\/api.w.org\/{rel}","templated":true}]}}