{"id":4448,"date":"2025-01-12T14:21:21","date_gmt":"2025-01-12T14:21:21","guid":{"rendered":"https:\/\/cool-style.md\/?post_type=product&#038;p=4448"},"modified":"2025-01-12T15:08:28","modified_gmt":"2025-01-12T15:08:28","slug":"iron-king-nova","status":"publish","type":"product","link":"https:\/\/cool-style.md\/ro\/product\/iron-king-nova\/","title":{"rendered":"Foarfec\u0103 pentru tuns Iron King Nova 5.5"},"content":{"rendered":"<h2><span style=\"font-size: 75%;\">Foarfec\u0103 pentru tuns Iron King Nova 5.5<\/span><\/h2>\n<p><a href=\"https:\/\/cool-style.md\/wp-content\/uploads\/2025\/01\/Cool-style.md-Foarfece-Iron-King-Nova-5.5-6.jpg\"><img decoding=\"async\" class=\"alignleft wp-image-4449\" src=\"https:\/\/cool-style.md\/wp-content\/uploads\/2025\/01\/Cool-style.md-Foarfece-Iron-King-Nova-5.5-6.jpg\" alt=\"Cool-style.md Foarfece Iron King Nova 5.5\" width=\"400\" height=\"400\" srcset=\"https:\/\/cool-style.md\/wp-content\/uploads\/2025\/01\/Cool-style.md-Foarfece-Iron-King-Nova-5.5-6.jpg 840w, https:\/\/cool-style.md\/wp-content\/uploads\/2025\/01\/Cool-style.md-Foarfece-Iron-King-Nova-5.5-6-400x400.jpg 400w, https:\/\/cool-style.md\/wp-content\/uploads\/2025\/01\/Cool-style.md-Foarfece-Iron-King-Nova-5.5-6-800x800.jpg 800w, https:\/\/cool-style.md\/wp-content\/uploads\/2025\/01\/Cool-style.md-Foarfece-Iron-King-Nova-5.5-6-280x280.jpg 280w, https:\/\/cool-style.md\/wp-content\/uploads\/2025\/01\/Cool-style.md-Foarfece-Iron-King-Nova-5.5-6-768x768.jpg 768w, https:\/\/cool-style.md\/wp-content\/uploads\/2025\/01\/Cool-style.md-Foarfece-Iron-King-Nova-5.5-6-300x300.jpg 300w, https:\/\/cool-style.md\/wp-content\/uploads\/2025\/01\/Cool-style.md-Foarfece-Iron-King-Nova-5.5-6-510x510.jpg 510w, https:\/\/cool-style.md\/wp-content\/uploads\/2025\/01\/Cool-style.md-Foarfece-Iron-King-Nova-5.5-6-100x100.jpg 100w\" sizes=\"(max-width: 400px) 100vw, 400px\" \/><\/a>Foarfece profesionale <a href=\"https:\/\/ironking.ro\/\" target=\"_blank\" rel=\"noopener\">Iron King<\/a> este un <a href=\"https:\/\/cool-style.md\/ro\/accesorii\/\">accesoriu<\/a> indispensabil pentru coafura. Foarfeca profesional\u0103 NOVA 5.5 este un instrument premium destinat frizerilor care pun accent pe performan\u021b\u0103, precizie \u0219i confort \u00een utilizare.<\/p>\n<p>Aceast\u0103 foarfec\u0103 a fost conceput\u0103 pentru a oferi un control excelent \u0219i o manevrabilitate de excep\u021bie, asigur\u00e2nd un echilibru optim \u00een timpul t\u0103ierii.<\/p>\n<p>Lama dreapt\u0103 a acestui model este proiectat\u0103 pentru a realiza t\u0103ieturi precise \u0219i clare, indiferent dac\u0103 este utilizat\u0103 pe p\u0103r umed sau uscat. Datorit\u0103 versatilit\u0103\u021bii sale, NOVA 5.5 devine un instrument esen\u021bial pentru orice frizer, fie c\u0103 se urm\u0103re\u0219te o linie geometric\u0103 impecabil\u0103 sau o textur\u0103 natural\u0103 \u0219i aerisit\u0103.<\/p>\n<p>Unul dintre avantajele majore este sistemul s\u0103u de pivotare cu rulmen\u021bi cu bile, care garanteaz\u0103 o mi\u0219care fluid\u0103 \u0219i uniform\u0103 a lamelor.<\/p>\n<p>M\u00e2nerul ergonomic de tip Offset este creat pentru a se adapta perfect \u00een m\u00e2n\u0103, oferind o prindere confortabil\u0103 \u0219i reduc\u00e2nd tensiunea resim\u021bit\u0103 \u00een degete \u0219i \u00eencheieturi.<\/p>\n<p>NOVA reprezint\u0103 mai mult dec\u00e2t o simpl\u0103 foarfec\u0103 \u2013 este un partener de \u00eencredere \u00een realizarea tunsorilor perfecte, zi de zi.<\/p>\n<p><strong>Dimensiuni:<\/strong> 5.5 inch, Greutate: 51 g<br \/>\n<strong>Forma lamei:<\/strong> dreapt\u0103<br \/>\n<strong>Sistem de pivotare:<\/strong> rulmen\u021bi cu bile<br \/>\n<strong>Recomandare:<\/strong> pentru p\u0103r umed \u0219i uscat<br \/>\n<strong>Tip m\u00e2ner:<\/strong> Offset<br \/>\n<strong>Material:<\/strong> o\u021bel SUS 440 A<\/p>","protected":false},"excerpt":{"rendered":"<p><span style=\"font-size: 100%;\">Iron King Nova 5.5 &#8211; instrument profesional pentru toate tipurile de tunsori.<\/span><span style=\"font-size: 100%;\"><\/span><\/p>\n","protected":false},"featured_media":4450,"template":"","meta":[],"product_brand":[],"product_cat":[29,172],"product_tag":[],"class_list":{"0":"post-4448","1":"product","2":"type-product","3":"status-publish","4":"has-post-thumbnail","6":"product_cat-accesorii","7":"product_cat-foarfece","8":"pa_brand-iron-king","9":"pa_producator-japonia","10":"pa_volum-1buc","12":"first","13":"instock","14":"shipping-taxable","15":"purchasable","16":"product-type-simple"},"_links":{"self":[{"href":"https:\/\/cool-style.md\/ro\/wp-json\/wp\/v2\/product\/4448","targetHints":{"allow":["GET"]}}],"collection":[{"href":"https:\/\/cool-style.md\/ro\/wp-json\/wp\/v2\/product"}],"about":[{"href":"https:\/\/cool-style.md\/ro\/wp-json\/wp\/v2\/types\/product"}],"wp:featuredmedia":[{"embeddable":true,"href":"https:\/\/cool-style.md\/ro\/wp-json\/wp\/v2\/media\/4450"}],"wp:attachment":[{"href":"https:\/\/cool-style.md\/ro\/wp-json\/wp\/v2\/media?parent=4448"}],"wp:term":[{"taxonomy":"product_brand","embeddable":true,"href":"https:\/\/cool-style.md\/ro\/wp-json\/wp\/v2\/product_brand?post=4448"},{"taxonomy":"product_cat","embeddable":true,"href":"https:\/\/cool-style.md\/ro\/wp-json\/wp\/v2\/product_cat?post=4448"},{"taxonomy":"product_tag","embeddable":true,"href":"https:\/\/cool-style.md\/ro\/wp-json\/wp\/v2\/product_tag?post=4448"}],"curies":[{"name":"wp","href":"https:\/\/api.w.org\/{rel}","templated":true}]}}