{"id":4456,"date":"2025-01-12T14:28:41","date_gmt":"2025-01-12T14:28:41","guid":{"rendered":"https:\/\/cool-style.md\/?post_type=product&#038;p=4456"},"modified":"2025-01-12T15:08:19","modified_gmt":"2025-01-12T15:08:19","slug":"iron-king-tornado","status":"publish","type":"product","link":"https:\/\/cool-style.md\/ro\/product\/iron-king-tornado\/","title":{"rendered":"Foarfec\u0103 pentru tuns Iron King Tornado 5.5"},"content":{"rendered":"<h2><span style=\"font-size: 75%;\">Foarfec\u0103 pentru tuns Iron King Tornado 5.5<\/span><\/h2>\n<p><a href=\"https:\/\/cool-style.md\/wp-content\/uploads\/2025\/01\/Cool-style.md-Foarfece-Iron-King-Tornado-5.5-6.jpg\"><img decoding=\"async\" class=\"size-medium wp-image-4457 alignleft\" src=\"https:\/\/cool-style.md\/wp-content\/uploads\/2025\/01\/Cool-style.md-Foarfece-Iron-King-Tornado-5.5-6-400x400.jpg\" alt=\"Cool-style.md Foarfece Iron King Tornado 5.5\" width=\"400\" height=\"400\" srcset=\"https:\/\/cool-style.md\/wp-content\/uploads\/2025\/01\/Cool-style.md-Foarfece-Iron-King-Tornado-5.5-6-400x400.jpg 400w, https:\/\/cool-style.md\/wp-content\/uploads\/2025\/01\/Cool-style.md-Foarfece-Iron-King-Tornado-5.5-6-800x800.jpg 800w, https:\/\/cool-style.md\/wp-content\/uploads\/2025\/01\/Cool-style.md-Foarfece-Iron-King-Tornado-5.5-6-280x280.jpg 280w, https:\/\/cool-style.md\/wp-content\/uploads\/2025\/01\/Cool-style.md-Foarfece-Iron-King-Tornado-5.5-6-768x768.jpg 768w, https:\/\/cool-style.md\/wp-content\/uploads\/2025\/01\/Cool-style.md-Foarfece-Iron-King-Tornado-5.5-6-300x300.jpg 300w, https:\/\/cool-style.md\/wp-content\/uploads\/2025\/01\/Cool-style.md-Foarfece-Iron-King-Tornado-5.5-6-510x510.jpg 510w, https:\/\/cool-style.md\/wp-content\/uploads\/2025\/01\/Cool-style.md-Foarfece-Iron-King-Tornado-5.5-6-100x100.jpg 100w, https:\/\/cool-style.md\/wp-content\/uploads\/2025\/01\/Cool-style.md-Foarfece-Iron-King-Tornado-5.5-6.jpg 840w\" sizes=\"(max-width: 400px) 100vw, 400px\" \/><\/a>Foarfece profesionale <a href=\"https:\/\/ironking.ro\/\" target=\"_blank\" rel=\"noopener\">Iron King<\/a> este un <a href=\"https:\/\/cool-style.md\/ro\/accesorii\/\">accesoriu<\/a> indispensabil pentru coafura. Foarfeca TORNADO 5.5 nu reprezint\u0103 doar un simplu instrument de t\u0103iere, ci \u0219i o prelungire a creativit\u0103\u021bii \u0219i profesionalismului unui frizer. Cu o precizie excep\u021bional\u0103, acest model ofer\u0103 o experien\u021b\u0103 de tuns remarcabil\u0103, indiferent dac\u0103 este utilizat pe p\u0103r umed sau uscat.<\/p>\n<p>Lamele drepte asigur\u0103 t\u0103ieturi curate, fiind ideale pentru tehnici clasice precum t\u0103ieturile precise, stilurile bob sau alte coafuri ce necesit\u0103 linii bine definite. Sistemul cu rulment pe bile permite o ajustare fin\u0103 a tensiunii lamelor, garant\u00e2nd o utilizare lin\u0103 \u0219i f\u0103r\u0103 efort.<\/p>\n<p>Designul ergonomic al m\u00e2nerului 3D Offset este conceput pentru a oferi o pozi\u021bie natural\u0103 m\u00e2inii, reduc\u00e2nd tensiunea muscular\u0103 \u0219i oboseala, astfel asigur\u00e2nd confort pe termen lung.<\/p>\n<p>Inspir\u00e2ndu-se din numele s\u0103u, TORNADO simbolizeaz\u0103 for\u021ba \u0219i dinamismul, iar aceste foarfeci dep\u0103\u0219esc orice a\u0219tept\u0103ri. Fiecare t\u0103ietur\u0103 este realizat\u0103 cu o precizie incredibil\u0103, transform\u00e2nd p\u0103rul \u00eentr-o adev\u0103rat\u0103 oper\u0103 de art\u0103 \u0219i oferind rezultate perfecte de fiecare dat\u0103.<\/p>\n<p><strong>Dimensiuni:<\/strong> 5.5 inch, Greutate: 50 g<br \/>\n<strong>Forma lamei:<\/strong> dreapt\u0103<br \/>\n<strong>Sistem de pivotare:<\/strong> rulment cu bile<br \/>\n<strong>Recomandare:<\/strong> pentru p\u0103r umed \u0219i uscat<br \/>\n<strong>Tip m\u00e2ner:<\/strong> 3D Offset<br \/>\n<strong>Material:<\/strong> o\u021bel SUS 440 A<\/p>","protected":false},"excerpt":{"rendered":"<p><span style=\"font-size: 100%;\">Iron King Tornado 5.5 &#8211; instrument profesional pentru toate tipurile de tunsori.<\/span><span style=\"font-size: 100%;\"><\/span><\/p>\n","protected":false},"featured_media":4458,"template":"","meta":[],"product_brand":[],"product_cat":[29,172],"product_tag":[],"class_list":{"0":"post-4456","1":"product","2":"type-product","3":"status-publish","4":"has-post-thumbnail","6":"product_cat-accesorii","7":"product_cat-foarfece","8":"pa_brand-iron-king","9":"pa_producator-japonia","10":"pa_volum-1buc","12":"first","13":"instock","14":"shipping-taxable","15":"purchasable","16":"product-type-simple"},"_links":{"self":[{"href":"https:\/\/cool-style.md\/ro\/wp-json\/wp\/v2\/product\/4456","targetHints":{"allow":["GET"]}}],"collection":[{"href":"https:\/\/cool-style.md\/ro\/wp-json\/wp\/v2\/product"}],"about":[{"href":"https:\/\/cool-style.md\/ro\/wp-json\/wp\/v2\/types\/product"}],"wp:featuredmedia":[{"embeddable":true,"href":"https:\/\/cool-style.md\/ro\/wp-json\/wp\/v2\/media\/4458"}],"wp:attachment":[{"href":"https:\/\/cool-style.md\/ro\/wp-json\/wp\/v2\/media?parent=4456"}],"wp:term":[{"taxonomy":"product_brand","embeddable":true,"href":"https:\/\/cool-style.md\/ro\/wp-json\/wp\/v2\/product_brand?post=4456"},{"taxonomy":"product_cat","embeddable":true,"href":"https:\/\/cool-style.md\/ro\/wp-json\/wp\/v2\/product_cat?post=4456"},{"taxonomy":"product_tag","embeddable":true,"href":"https:\/\/cool-style.md\/ro\/wp-json\/wp\/v2\/product_tag?post=4456"}],"curies":[{"name":"wp","href":"https:\/\/api.w.org\/{rel}","templated":true}]}}