{"id":4464,"date":"2025-01-12T14:36:37","date_gmt":"2025-01-12T14:36:37","guid":{"rendered":"https:\/\/cool-style.md\/?post_type=product&#038;p=4464"},"modified":"2025-01-12T15:07:59","modified_gmt":"2025-01-12T15:07:59","slug":"iron-king-smart","status":"publish","type":"product","link":"https:\/\/cool-style.md\/ro\/product\/iron-king-smart\/","title":{"rendered":"Foarfec\u0103 de filat Iron King Smart 5.5"},"content":{"rendered":"<h2><span style=\"font-size: 75%;\">Foarfec\u0103 de filat\u00a0Iron King Smart 5.5<\/span><\/h2>\n<p><a href=\"https:\/\/cool-style.md\/wp-content\/uploads\/2025\/01\/Cool-style.md-Foarfece-Iron-King-Smart-5.5-6.jpg\"><img decoding=\"async\" class=\"size-medium wp-image-4465 alignleft\" src=\"https:\/\/cool-style.md\/wp-content\/uploads\/2025\/01\/Cool-style.md-Foarfece-Iron-King-Smart-5.5-6-400x400.jpg\" alt=\"Cool-style.md Foarfece Iron King Smart 5.5\" width=\"400\" height=\"400\" srcset=\"https:\/\/cool-style.md\/wp-content\/uploads\/2025\/01\/Cool-style.md-Foarfece-Iron-King-Smart-5.5-6-400x400.jpg 400w, https:\/\/cool-style.md\/wp-content\/uploads\/2025\/01\/Cool-style.md-Foarfece-Iron-King-Smart-5.5-6-800x800.jpg 800w, https:\/\/cool-style.md\/wp-content\/uploads\/2025\/01\/Cool-style.md-Foarfece-Iron-King-Smart-5.5-6-280x280.jpg 280w, https:\/\/cool-style.md\/wp-content\/uploads\/2025\/01\/Cool-style.md-Foarfece-Iron-King-Smart-5.5-6-768x768.jpg 768w, https:\/\/cool-style.md\/wp-content\/uploads\/2025\/01\/Cool-style.md-Foarfece-Iron-King-Smart-5.5-6-300x300.jpg 300w, https:\/\/cool-style.md\/wp-content\/uploads\/2025\/01\/Cool-style.md-Foarfece-Iron-King-Smart-5.5-6-510x510.jpg 510w, https:\/\/cool-style.md\/wp-content\/uploads\/2025\/01\/Cool-style.md-Foarfece-Iron-King-Smart-5.5-6-100x100.jpg 100w, https:\/\/cool-style.md\/wp-content\/uploads\/2025\/01\/Cool-style.md-Foarfece-Iron-King-Smart-5.5-6.jpg 840w\" sizes=\"(max-width: 400px) 100vw, 400px\" \/><\/a>Foarfece profesionale <a href=\"https:\/\/ironking.ro\/\" target=\"_blank\" rel=\"noopener\">Iron King<\/a> este un <a href=\"https:\/\/cool-style.md\/ro\/accesorii\/\">accesoriu<\/a> indispensabil pentru coafura. Acest model de foarfec\u0103 de filat este conceput pentru a oferi o precizie superioar\u0103 \u0219i un control optim \u00een timpul coaf\u0103rii, fiind ideal pentru tehnici avansate de sub\u021biere \u0219i blending. Lamele u\u0219or curbate permit realizarea unor t\u0103ieturi delicate \u0219i uniforme, facilit\u00e2nd tranzi\u021biile netede \u00eentre sec\u021biuni \u0219i elimin\u00e2nd riscul de linii dure sau inegale. Sistemul cu rulment pe bile contribuie la o mi\u0219care precis\u0103 \u0219i fluid\u0103 a lamelor.<\/p>\n<p>Designul ergonomic 3D Offset ofer\u0103 un confort deosebit \u0219i permite utilizarea \u00eendelungat\u0103 f\u0103r\u0103 efort. Mul\u021bumit\u0103 m\u00e2nerului offset, degetele se pozi\u021bioneaz\u0103 natural, reduc\u00e2nd tensiunea \u0219i oboseala chiar \u0219i \u00een timpul sesiunilor prelungite. Din\u021bii bine spa\u021bia\u021bi faciliteaz\u0103 t\u0103ierea unei cantit\u0103\u021bi mici de p\u0103r la fiecare mi\u0219care, ceea ce contribuie la ob\u021binerea unui aspect natural \u0219i aerisit. Cu o rat\u0103 de t\u0103iere de 25%, aceste foarfeci sunt ideale pentru a ad\u0103uga volum \u0219i textur\u0103 p\u0103rului f\u0103r\u0103 a reduce prea mult din densitate.<\/p>\n<p>Acest instrument reprezint\u0103 o alegere excelent\u0103 pentru orice profesionist care \u00ee\u0219i dore\u0219te un echipament de \u00eenalt\u0103 calitate.<\/p>\n<p><strong>Dimensiuni:<\/strong> 5.5 inch, Greutate: 55 g<br \/>\n<strong>Forma lamei:<\/strong> curbat\u0103<br \/>\n<strong>Sistem de pivotare:<\/strong> rulment cu bile<br \/>\n<strong>Recomandare:<\/strong> pentru p\u0103r umed \u0219i uscat<br \/>\n<strong>Tip m\u00e2ner:<\/strong> 3D Offset<br \/>\n<strong>Material:<\/strong> o\u021bel SUS 440 A<br \/>\n<strong>Din\u021bi:<\/strong> 30<br \/>\n<strong>Rat\u0103 de t\u0103iere:<\/strong> 25%<\/p>","protected":false},"excerpt":{"rendered":"<p><span style=\"font-size: 100%;\">Iron King Smart 5.5 &#8211; instrument profesional de filat.<\/span><span style=\"font-size: 100%;\"><\/span><\/p>\n","protected":false},"featured_media":4466,"template":"","meta":[],"product_brand":[],"product_cat":[29,172],"product_tag":[],"class_list":{"0":"post-4464","1":"product","2":"type-product","3":"status-publish","4":"has-post-thumbnail","6":"product_cat-accesorii","7":"product_cat-foarfece","8":"pa_brand-iron-king","9":"pa_producator-japonia","10":"pa_volum-1buc","12":"first","13":"instock","14":"shipping-taxable","15":"purchasable","16":"product-type-simple"},"_links":{"self":[{"href":"https:\/\/cool-style.md\/ro\/wp-json\/wp\/v2\/product\/4464","targetHints":{"allow":["GET"]}}],"collection":[{"href":"https:\/\/cool-style.md\/ro\/wp-json\/wp\/v2\/product"}],"about":[{"href":"https:\/\/cool-style.md\/ro\/wp-json\/wp\/v2\/types\/product"}],"wp:featuredmedia":[{"embeddable":true,"href":"https:\/\/cool-style.md\/ro\/wp-json\/wp\/v2\/media\/4466"}],"wp:attachment":[{"href":"https:\/\/cool-style.md\/ro\/wp-json\/wp\/v2\/media?parent=4464"}],"wp:term":[{"taxonomy":"product_brand","embeddable":true,"href":"https:\/\/cool-style.md\/ro\/wp-json\/wp\/v2\/product_brand?post=4464"},{"taxonomy":"product_cat","embeddable":true,"href":"https:\/\/cool-style.md\/ro\/wp-json\/wp\/v2\/product_cat?post=4464"},{"taxonomy":"product_tag","embeddable":true,"href":"https:\/\/cool-style.md\/ro\/wp-json\/wp\/v2\/product_tag?post=4464"}],"curies":[{"name":"wp","href":"https:\/\/api.w.org\/{rel}","templated":true}]}}