{"id":4876,"date":"2025-04-09T16:55:52","date_gmt":"2025-04-09T16:55:52","guid":{"rendered":"https:\/\/cool-style.md\/?post_type=product&#038;p=4876"},"modified":"2026-01-12T19:34:21","modified_gmt":"2026-01-12T19:34:21","slug":"jrl-reset-iq-charging-dock-2020","status":"publish","type":"product","link":"https:\/\/cool-style.md\/ro\/product\/jrl-reset-iq-charging-dock-2020\/","title":{"rendered":"\u00cenc\u0103rc\u0103tor JRL Reset IQ Charging Dock 2020C\/2020T"},"content":{"rendered":"<h2 style=\"text-align: center;\">\u00cenc\u0103rc\u0103tor JRL Reset IQ Charging Dock 2020<\/h2>\n<p><span style=\"font-size: 100%;\">Trimmer profesional de la produc\u0103torul <a href=\"https:\/\/www.jrlusa.com\/\" target=\"_blank\" rel=\"noopener\">JRL Professional<\/a> cu design \u0219i func\u021bionalitate excelent\u0103.<\/span><\/p>\n<div>\u00cenc\u0103rc\u0103tor pentru <a href=\"https:\/\/cool-style.md\/accesorii\/aparate-de-tuns\/\">ma\u0219ina de tuns<\/a> <a href=\"https:\/\/www.jrlusa.com\/\" target=\"_blank\" rel=\"noopener\">JRL Professional<\/a> 2020C \u0219i trimmer 2020T. Acest accesoriu esen\u021bial v\u0103 asigur\u0103 c\u0103 instrumentele dvs. de \u00eengrijire sunt \u00eentotdeauna gata de utilizare, f\u0103c\u00e2ndu-v\u0103 rutina de \u00eengrijire mai eficient\u0103 \u0219i eficient\u0103.<\/div>\n<div><\/div>\n<div><strong>Material:<\/strong> plastic;<\/div>\n<div><\/div>\n<div><strong>Compatibilitate:<\/strong> 2020T, 2020C;<\/div>\n<div><\/div>\n<div><strong>Putere:<\/strong> 2 amperi;<\/div>\n<div><\/div>\n<div><strong>Dimensiuni:<\/strong> 16x9x9 cm;<\/div>\n<div><\/div>\n<div><strong>Greutate:<\/strong> 1,3 kg;<\/div>\n<div><\/div>\n<div><strong>\u00cenc\u0103rcare rapid\u0103:<\/strong> ofer\u0103 o \u00eenc\u0103rcare rapid\u0103 eficient\u0103;<\/div>\n<p><span style=\"font-size: 100%;\"><\/span><\/p>","protected":false},"excerpt":{"rendered":"<p><span style=\"font-size: 100%;\">JRL Reset IQ Charging Dock 2020 &#8211; \u00eenc\u0103rc\u0103tor pentru trimmere \u0219i ma\u0219ini de tuns seria 2020.<\/span><span style=\"font-size: 100%;\"><\/span><\/p>\n","protected":false},"featured_media":4878,"template":"","meta":[],"product_brand":[],"product_cat":[177,29,132],"product_tag":[],"class_list":{"0":"post-4876","1":"product","2":"type-product","3":"status-publish","4":"has-post-thumbnail","6":"product_cat-aparate-de-tuns","7":"product_cat-accesorii","8":"product_cat-diverse-accesorii","9":"pa_brand-jrl-professional","10":"pa_felul-produsului-incarcator","11":"pa_producator-china","13":"first","14":"instock","15":"featured","16":"shipping-taxable","17":"purchasable","18":"product-type-simple"},"_links":{"self":[{"href":"https:\/\/cool-style.md\/ro\/wp-json\/wp\/v2\/product\/4876","targetHints":{"allow":["GET"]}}],"collection":[{"href":"https:\/\/cool-style.md\/ro\/wp-json\/wp\/v2\/product"}],"about":[{"href":"https:\/\/cool-style.md\/ro\/wp-json\/wp\/v2\/types\/product"}],"wp:featuredmedia":[{"embeddable":true,"href":"https:\/\/cool-style.md\/ro\/wp-json\/wp\/v2\/media\/4878"}],"wp:attachment":[{"href":"https:\/\/cool-style.md\/ro\/wp-json\/wp\/v2\/media?parent=4876"}],"wp:term":[{"taxonomy":"product_brand","embeddable":true,"href":"https:\/\/cool-style.md\/ro\/wp-json\/wp\/v2\/product_brand?post=4876"},{"taxonomy":"product_cat","embeddable":true,"href":"https:\/\/cool-style.md\/ro\/wp-json\/wp\/v2\/product_cat?post=4876"},{"taxonomy":"product_tag","embeddable":true,"href":"https:\/\/cool-style.md\/ro\/wp-json\/wp\/v2\/product_tag?post=4876"}],"curies":[{"name":"wp","href":"https:\/\/api.w.org\/{rel}","templated":true}]}}