{"id":4879,"date":"2025-04-09T17:33:38","date_gmt":"2025-04-09T17:33:38","guid":{"rendered":"https:\/\/cool-style.md\/?post_type=product&#038;p=4879"},"modified":"2026-01-12T19:35:45","modified_gmt":"2026-01-12T19:35:45","slug":"jrl-replacement-magnetic-foil","status":"publish","type":"product","link":"https:\/\/cool-style.md\/ro\/product\/jrl-replacement-magnetic-foil\/","title":{"rendered":"Accesoriu magnetic pentru aparat de ras JRL Replacement Magnetic Foil For SF PRO-SHAVER"},"content":{"rendered":"<h2 style=\"text-align: center;\">Accesoriu magnetic pentru aparat de ras JRL Replacement Magnetic Foil For SF PRO-SHAVER<\/h2>\n<div><span style=\"font-size: 100%;\"><a href=\"https:\/\/cool-style.md\/wp-content\/uploads\/2025\/04\/Cool-style.md-JRL-Replacement-Magnetic-Foil-For-SF-PRO-SHAVER--e1744220348764.jpg\"><img decoding=\"async\" class=\" wp-image-4880 alignleft\" src=\"https:\/\/cool-style.md\/wp-content\/uploads\/2025\/04\/Cool-style.md-JRL-Replacement-Magnetic-Foil-For-SF-PRO-SHAVER--e1744220348764-739x400.jpg\" alt=\"Cool-style.md JRL Replacement Magnetic Foil For SF PRO-SHAVER\" width=\"307\" height=\"166\" srcset=\"https:\/\/cool-style.md\/wp-content\/uploads\/2025\/04\/Cool-style.md-JRL-Replacement-Magnetic-Foil-For-SF-PRO-SHAVER--e1744220348764-739x400.jpg 739w, https:\/\/cool-style.md\/wp-content\/uploads\/2025\/04\/Cool-style.md-JRL-Replacement-Magnetic-Foil-For-SF-PRO-SHAVER--e1744220348764-768x415.jpg 768w, https:\/\/cool-style.md\/wp-content\/uploads\/2025\/04\/Cool-style.md-JRL-Replacement-Magnetic-Foil-For-SF-PRO-SHAVER--e1744220348764-510x276.jpg 510w, https:\/\/cool-style.md\/wp-content\/uploads\/2025\/04\/Cool-style.md-JRL-Replacement-Magnetic-Foil-For-SF-PRO-SHAVER--e1744220348764.jpg 1063w\" sizes=\"(max-width: 307px) 100vw, 307px\" \/><\/a><\/span>Accesoriu de \u00eenlocuire pentru <a href=\"https:\/\/cool-style.md\/accesorii\/aparate-de-tuns\/\">aparatul de ras<\/a> profesional pentru tuns p\u0103r de la produc\u0103torul <a href=\"https:\/\/www.jrlusa.com\/\" target=\"_blank\" rel=\"noopener\">JRL Professional<\/a>. Ob\u021bine\u021bi rezultate impecabile f\u0103r\u0103 efort cu lama revolu\u021bionar\u0103. Spune-\u021bi adio ajust\u0103rilor care necesit\u0103 timp. Experimenta\u021bi o precizie \u0219i eficien\u021b\u0103 de neegalat. Simplifica\u021bi-v\u0103 fluxul de lucru \u0219i \u00eembun\u0103t\u0103\u021bi\u021bi productivitatea cu tehnologii inovatoare. Cel mai bun instrument pentru profesioni\u0219ti.<\/div>\n<div><\/div>\n<ul>\n<li>Tehnologie patentat\u0103 de levita\u021bie magnetic\u0103;<\/li>\n<li>Folie ultra-sub\u021bire \u0219i prietenoas\u0103 cu pielea pentru t\u0103ieturi super-curate;<\/li>\n<li>Material super rezistent si durabil.<\/li>\n<\/ul>\n<p><span style=\"font-size: 100%;\"><\/span><\/p>","protected":false},"excerpt":{"rendered":"<p><span style=\"font-size: 100%;\">JRL Replacement Magnetic Foil For SF PRO-SHAVER &#8211; accesoriu pentru aparat profesional pentru ras.<\/span><span style=\"font-size: 100%;\"><\/span><\/p>\n","protected":false},"featured_media":4882,"template":"","meta":[],"product_brand":[],"product_cat":[29,242],"product_tag":[],"class_list":{"0":"post-4879","1":"product","2":"type-product","3":"status-publish","4":"has-post-thumbnail","6":"product_cat-accesorii","7":"product_cat-lame-si-duze","8":"pa_brand-jrl-professional","9":"pa_felul-produsului-lama","10":"pa_producator-china","12":"first","13":"instock","14":"shipping-taxable","15":"purchasable","16":"product-type-simple"},"_links":{"self":[{"href":"https:\/\/cool-style.md\/ro\/wp-json\/wp\/v2\/product\/4879","targetHints":{"allow":["GET"]}}],"collection":[{"href":"https:\/\/cool-style.md\/ro\/wp-json\/wp\/v2\/product"}],"about":[{"href":"https:\/\/cool-style.md\/ro\/wp-json\/wp\/v2\/types\/product"}],"wp:featuredmedia":[{"embeddable":true,"href":"https:\/\/cool-style.md\/ro\/wp-json\/wp\/v2\/media\/4882"}],"wp:attachment":[{"href":"https:\/\/cool-style.md\/ro\/wp-json\/wp\/v2\/media?parent=4879"}],"wp:term":[{"taxonomy":"product_brand","embeddable":true,"href":"https:\/\/cool-style.md\/ro\/wp-json\/wp\/v2\/product_brand?post=4879"},{"taxonomy":"product_cat","embeddable":true,"href":"https:\/\/cool-style.md\/ro\/wp-json\/wp\/v2\/product_cat?post=4879"},{"taxonomy":"product_tag","embeddable":true,"href":"https:\/\/cool-style.md\/ro\/wp-json\/wp\/v2\/product_tag?post=4879"}],"curies":[{"name":"wp","href":"https:\/\/api.w.org\/{rel}","templated":true}]}}