{"id":4889,"date":"2025-04-09T18:05:18","date_gmt":"2025-04-09T18:05:18","guid":{"rendered":"https:\/\/cool-style.md\/?post_type=product&#038;p=4889"},"modified":"2026-01-12T19:37:03","modified_gmt":"2026-01-12T19:37:03","slug":"jrl-forte-pro-2150w-white","status":"publish","type":"product","link":"https:\/\/cool-style.md\/ro\/product\/jrl-forte-pro-2150w-white\/","title":{"rendered":"Set usc\u0103tor de p\u0103r, perie \u0219i brushing JRL Forte Pro 2150W White"},"content":{"rendered":"<h2 style=\"text-align: center;\">Set usc\u0103tor de p\u0103r, perie \u0219i brushing JRL Forte Pro 2150W White<\/h2>\n<p><span style=\"font-size: 100%;\">Set de <a href=\"https:\/\/cool-style.md\/accesorii\/tehnica-de-styling\/\">aparate profesionale<\/a> de styling de la produc\u0103torul <a href=\"https:\/\/www.jrlusa.com\/\" target=\"_blank\" rel=\"noopener\">JRL Professional<\/a> cu design \u0219i func\u021bionalitate excelent\u0103. Include: 1 usc\u0103tor de p\u0103r Ghost Forte Pro, 1 brushing JRL-BR32, 1 perie JRL-BR3.<\/span><\/p>\n<h3><span style=\"font-size: 100%;\"><a href=\"https:\/\/cool-style.md\/wp-content\/uploads\/2024\/12\/Cool-style.md-JRL-Ghost-Forte-PRO-Dryer.jpg\"><img decoding=\"async\" class=\"wp-image-4036 alignleft\" src=\"https:\/\/cool-style.md\/wp-content\/uploads\/2024\/12\/Cool-style.md-JRL-Ghost-Forte-PRO-Dryer-400x400.jpg\" alt=\"\" width=\"260\" height=\"260\" srcset=\"https:\/\/cool-style.md\/wp-content\/uploads\/2024\/12\/Cool-style.md-JRL-Ghost-Forte-PRO-Dryer-400x400.jpg 400w, https:\/\/cool-style.md\/wp-content\/uploads\/2024\/12\/Cool-style.md-JRL-Ghost-Forte-PRO-Dryer-800x800.jpg 800w, https:\/\/cool-style.md\/wp-content\/uploads\/2024\/12\/Cool-style.md-JRL-Ghost-Forte-PRO-Dryer-280x280.jpg 280w, https:\/\/cool-style.md\/wp-content\/uploads\/2024\/12\/Cool-style.md-JRL-Ghost-Forte-PRO-Dryer-768x768.jpg 768w, https:\/\/cool-style.md\/wp-content\/uploads\/2024\/12\/Cool-style.md-JRL-Ghost-Forte-PRO-Dryer-300x300.jpg 300w, https:\/\/cool-style.md\/wp-content\/uploads\/2024\/12\/Cool-style.md-JRL-Ghost-Forte-PRO-Dryer-510x510.jpg 510w, https:\/\/cool-style.md\/wp-content\/uploads\/2024\/12\/Cool-style.md-JRL-Ghost-Forte-PRO-Dryer-100x100.jpg 100w, https:\/\/cool-style.md\/wp-content\/uploads\/2024\/12\/Cool-style.md-JRL-Ghost-Forte-PRO-Dryer.jpg 966w\" sizes=\"(max-width: 260px) 100vw, 260px\" \/><\/a><\/span><\/h3>\n<h3><span style=\"font-size: 100%;\">Usc\u0103tor de p\u0103r profesional <a href=\"https:\/\/cool-style.md\/product\/jrl-forte-pro-dryer\/\">Ghost Forte PRO Dryer<\/a><br \/>\n<\/span><\/h3>\n<ul>\n<li>Puternic \u0219i rapid, cu viteze ale motorului de p\u00e2n\u0103 la 95.000 RPM \u0219i putere de 1.850W;<\/li>\n<li>Func\u021bie de cur\u0103\u021bare automat\u0103;<\/li>\n<li>Filtru lavabil pentru \u00eembun\u0103t\u0103\u021birea protec\u021biei motorului;<\/li>\n<li>Generatorul avansat de ioni \u00eencorporat ajut\u0103 la reducerea timpului de uscare Frizz &amp; Static, oferind \u00een acela\u0219i timp hidratare;<\/li>\n<li>Lumina LED JRL indic\u0103 starea usc\u0103torului. De exemplu, avertizare de cur\u0103\u021bare regulat\u0103, avertizare de autocur\u0103\u021bare;<\/li>\n<li>Ultra u\u0219or \u0219i compact.<\/li>\n<\/ul>\n<h3><a href=\"https:\/\/cool-style.md\/wp-content\/uploads\/2025\/04\/Cool-style.md-Brushing-JRL-BR32.webp\"><img decoding=\"async\" class=\"wp-image-4885 alignleft\" src=\"https:\/\/cool-style.md\/wp-content\/uploads\/2025\/04\/Cool-style.md-Brushing-JRL-BR32-400x400.webp\" alt=\"Cool-style.md Brushing JRL-BR32\" width=\"260\" height=\"260\" srcset=\"https:\/\/cool-style.md\/wp-content\/uploads\/2025\/04\/Cool-style.md-Brushing-JRL-BR32-400x400.webp 400w, https:\/\/cool-style.md\/wp-content\/uploads\/2025\/04\/Cool-style.md-Brushing-JRL-BR32-280x280.webp 280w, https:\/\/cool-style.md\/wp-content\/uploads\/2025\/04\/Cool-style.md-Brushing-JRL-BR32-300x300.webp 300w, https:\/\/cool-style.md\/wp-content\/uploads\/2025\/04\/Cool-style.md-Brushing-JRL-BR32-510x510.webp 510w, https:\/\/cool-style.md\/wp-content\/uploads\/2025\/04\/Cool-style.md-Brushing-JRL-BR32-100x100.webp 100w, https:\/\/cool-style.md\/wp-content\/uploads\/2025\/04\/Cool-style.md-Brushing-JRL-BR32.webp 700w\" sizes=\"(max-width: 260px) 100vw, 260px\" \/><\/a><\/h3>\n<h3>Brushing JRL-BR32<\/h3>\n<div>Tehnologia ceramico-ionic\u0103 reduce electricitatea static\u0103 din p\u0103r. Stratul de cuticul\u0103 va fi \u00eenchis, p\u0103rul nu se va usca, ceea ce va contribui la un aspect s\u0103n\u0103tos, str\u0103lucitor \u0219i la modelare u\u0219oar\u0103. Perii ioniza\u021bi ofer\u0103 protec\u021bie \u00een timpul usc\u0103rii frecvente.<\/div>\n<div><\/div>\n<div>\u00cenc\u0103rcarea electrostatic\u0103 a p\u0103rului este o problem\u0103 etern\u0103 \u00een \u00eengrijirea p\u0103rului. Datorit\u0103 perilor antistatici, ioniza\u021bi, peria previne eficient formarea de electricitate static\u0103 pe p\u0103r, f\u0103c\u00e2ndu-l neted \u0219i str\u0103lucitor.<\/div>\n<h3><a href=\"https:\/\/cool-style.md\/wp-content\/uploads\/2025\/04\/Cool-style.md-Brush-JRL-BR3.jpg\"><img decoding=\"async\" class=\"wp-image-4886 alignleft\" src=\"https:\/\/cool-style.md\/wp-content\/uploads\/2025\/04\/Cool-style.md-Brush-JRL-BR3-400x400.jpg\" alt=\"Cool-style.md Brush JRL-BR3\" width=\"260\" height=\"260\" srcset=\"https:\/\/cool-style.md\/wp-content\/uploads\/2025\/04\/Cool-style.md-Brush-JRL-BR3-400x400.jpg 400w, https:\/\/cool-style.md\/wp-content\/uploads\/2025\/04\/Cool-style.md-Brush-JRL-BR3-280x280.jpg 280w, https:\/\/cool-style.md\/wp-content\/uploads\/2025\/04\/Cool-style.md-Brush-JRL-BR3-768x768.jpg 768w, https:\/\/cool-style.md\/wp-content\/uploads\/2025\/04\/Cool-style.md-Brush-JRL-BR3-300x300.jpg 300w, https:\/\/cool-style.md\/wp-content\/uploads\/2025\/04\/Cool-style.md-Brush-JRL-BR3-510x510.jpg 510w, https:\/\/cool-style.md\/wp-content\/uploads\/2025\/04\/Cool-style.md-Brush-JRL-BR3-100x100.jpg 100w, https:\/\/cool-style.md\/wp-content\/uploads\/2025\/04\/Cool-style.md-Brush-JRL-BR3.jpg 800w\" sizes=\"(max-width: 260px) 100vw, 260px\" \/><\/a><\/h3>\n<h3>Perie JRL-BR3<\/h3>\n<div>Perie antistatic\u0103 \u0219i descurc\u0103toare pentru p\u0103r cre\u021b cu forma dreptunghiular\u0103 pentru descurcarea, pieptanarea \u0219i uscarea p\u0103rului. L\u0103sa\u021bi aerul din usc\u0103tor de p\u0103r s\u0103 v\u0103 loveasc\u0103 direct p\u0103rul, ceea ce este ideal pentru uscare rapid\u0103. Cu v\u00e2rfuri formate \u0219i peri f\u0103r\u0103 ag\u0103\u021ba\u021bi. Fabricat din fibr\u0103 de carbon \u0219i nailon. Rezistent la influente chimice si termice.<\/div>\n<p><span style=\"font-size: 100%;\"><\/span><\/p>","protected":false},"excerpt":{"rendered":"<p><span style=\"font-size: 100%;\">JRL Forte Pro 2150W White &#8211; set de aparate profesionale pentru tuns.<\/span><span style=\"font-size: 100%;\"><\/span><\/p>\n","protected":false},"featured_media":4891,"template":"","meta":[],"product_brand":[],"product_cat":[246,29,131],"product_tag":[],"class_list":{"0":"post-4889","1":"product","2":"type-product","3":"status-publish","4":"has-post-thumbnail","6":"product_cat-tehnica-de-styling","7":"product_cat-accesorii","8":"product_cat-piepteni-si-perii","9":"pa_brand-jrl-professional","10":"pa_felul-produsului-tip-pieptene","11":"pa_felul-produsului-uscator-de-par","12":"pa_felul-produsului-tip-perie","13":"pa_producator-china","14":"pa_volum-1-set","16":"first","17":"instock","18":"featured","19":"shipping-taxable","20":"purchasable","21":"product-type-simple"},"_links":{"self":[{"href":"https:\/\/cool-style.md\/ro\/wp-json\/wp\/v2\/product\/4889","targetHints":{"allow":["GET"]}}],"collection":[{"href":"https:\/\/cool-style.md\/ro\/wp-json\/wp\/v2\/product"}],"about":[{"href":"https:\/\/cool-style.md\/ro\/wp-json\/wp\/v2\/types\/product"}],"wp:featuredmedia":[{"embeddable":true,"href":"https:\/\/cool-style.md\/ro\/wp-json\/wp\/v2\/media\/4891"}],"wp:attachment":[{"href":"https:\/\/cool-style.md\/ro\/wp-json\/wp\/v2\/media?parent=4889"}],"wp:term":[{"taxonomy":"product_brand","embeddable":true,"href":"https:\/\/cool-style.md\/ro\/wp-json\/wp\/v2\/product_brand?post=4889"},{"taxonomy":"product_cat","embeddable":true,"href":"https:\/\/cool-style.md\/ro\/wp-json\/wp\/v2\/product_cat?post=4889"},{"taxonomy":"product_tag","embeddable":true,"href":"https:\/\/cool-style.md\/ro\/wp-json\/wp\/v2\/product_tag?post=4889"}],"curies":[{"name":"wp","href":"https:\/\/api.w.org\/{rel}","templated":true}]}}