{"id":4901,"date":"2025-04-09T19:10:51","date_gmt":"2025-04-09T19:10:51","guid":{"rendered":"https:\/\/cool-style.md\/?post_type=product&#038;p=4901"},"modified":"2025-04-09T19:18:37","modified_gmt":"2025-04-09T19:18:37","slug":"jrl-travel-backpack","status":"publish","type":"product","link":"https:\/\/cool-style.md\/ro\/product\/jrl-travel-backpack\/","title":{"rendered":"Rucsac pentru instrumente JRL Travel Backpack"},"content":{"rendered":"<h2 style=\"text-align: center;\">Rucsac pentru instrumente JRL Travel Backpack<\/h2>\n<p><a href=\"https:\/\/cool-style.md\/accesorii\/\">Accesoriu<\/a> de marc\u0103 de la produc\u0103torul <a href=\"https:\/\/www.jrlusa.com\/\" target=\"_blank\" rel=\"noopener\">JRL Professional<\/a>. Confec\u021bionat\u0103 din \u021bes\u0103tur\u0103 rezistent\u0103, hidrofug\u0103, cu un design minimalist, aceast\u0103 geant\u0103 este conceput\u0103 pentru a v\u0103 transporta \u00een siguran\u021b\u0103 \u0219i convenabil uneltele esen\u021biale &#8211; pl\u0103ci de \u00eendreptat, fiare de c\u0103lcat, ondulatoare \u0219i accesorii.<\/p>\n<ul>\n<li>Material: textil;<\/li>\n<li>Culoare: negru;<\/li>\n<li>Dimensiune: 33&#215;43,5&#215;15 cm.<\/li>\n<\/ul>\n<p><span style=\"font-size: 100%;\"><\/span><\/p>","protected":false},"excerpt":{"rendered":"<p><span style=\"font-size: 100%;\">JRL Travel Backpack &#8211; un accesoriu interesant pentru adev\u0103ra\u021bii profesioni\u0219ti.<\/span><span style=\"font-size: 100%;\"><\/span><\/p>\n","protected":false},"featured_media":4905,"template":"","meta":[],"product_brand":[],"product_cat":[29,132],"product_tag":[],"class_list":{"0":"post-4901","1":"product","2":"type-product","3":"status-publish","4":"has-post-thumbnail","6":"product_cat-accesorii","7":"product_cat-diverse-accesorii","8":"pa_brand-jrl-professional","9":"pa_felul-produsului-geanta","10":"pa_producator-china","12":"first","13":"instock","14":"featured","15":"shipping-taxable","16":"purchasable","17":"product-type-simple"},"_links":{"self":[{"href":"https:\/\/cool-style.md\/ro\/wp-json\/wp\/v2\/product\/4901","targetHints":{"allow":["GET"]}}],"collection":[{"href":"https:\/\/cool-style.md\/ro\/wp-json\/wp\/v2\/product"}],"about":[{"href":"https:\/\/cool-style.md\/ro\/wp-json\/wp\/v2\/types\/product"}],"wp:featuredmedia":[{"embeddable":true,"href":"https:\/\/cool-style.md\/ro\/wp-json\/wp\/v2\/media\/4905"}],"wp:attachment":[{"href":"https:\/\/cool-style.md\/ro\/wp-json\/wp\/v2\/media?parent=4901"}],"wp:term":[{"taxonomy":"product_brand","embeddable":true,"href":"https:\/\/cool-style.md\/ro\/wp-json\/wp\/v2\/product_brand?post=4901"},{"taxonomy":"product_cat","embeddable":true,"href":"https:\/\/cool-style.md\/ro\/wp-json\/wp\/v2\/product_cat?post=4901"},{"taxonomy":"product_tag","embeddable":true,"href":"https:\/\/cool-style.md\/ro\/wp-json\/wp\/v2\/product_tag?post=4901"}],"curies":[{"name":"wp","href":"https:\/\/api.w.org\/{rel}","templated":true}]}}