{"id":4915,"date":"2025-04-09T19:39:33","date_gmt":"2025-04-09T19:39:33","guid":{"rendered":"https:\/\/cool-style.md\/?post_type=product&#038;p=4915"},"modified":"2026-01-12T19:45:07","modified_gmt":"2026-01-12T19:45:07","slug":"jrl-professional-shop-apron","status":"publish","type":"product","link":"https:\/\/cool-style.md\/ro\/product\/jrl-professional-shop-apron\/","title":{"rendered":"\u0218or\u021b impermeabil JRL Professional Shop Apron"},"content":{"rendered":"<h2><span style=\"font-size: 75%;\">\u0218or\u021b\u00a0JRL Professional Shop Apron<\/span><\/h2>\n<p>\u0218or\u021b impermeabil din poliester <a href=\"https:\/\/www.jrlusa.com\/\" target=\"_blank\" rel=\"noopener\">JRL<\/a> pentru saloane de \u00eenalt\u0103 calitate, fabricat din material durabil \u0219i impermeabil. \u0218or\u021bul are un buzunar cu file \u0219i o curea reglabil\u0103 confortabil.<\/p>\n<ul>\n<li>U\u0219or, nu constr\u00e2nge \u0219i nu \u00eempiedic\u0103 mi\u0219carea;<\/li>\n<li>Dimensiune universal\u0103;<\/li>\n<li>Poliester rezistent la ap\u0103;<\/li>\n<li>Dimensiune: 66&#215;86 cm;<\/li>\n<li>Culoare: negru.<\/li>\n<\/ul>\n<p>Un <a href=\"https:\/\/cool-style.md\/ro\/accesorii\/\">accesoriu<\/a> esential pentru orice salon pentru a proteja hainele \u0219i pielea de lichide fierbinti, stropi, murdarie, praf, vopsea, lipici si fire de par fine.<\/p>","protected":false},"excerpt":{"rendered":"<p><span style=\"font-size: 100%;\">JRL Professional Shop Apron v\u0103 va ajuta s\u0103 proteja\u021bi \u00eembr\u0103c\u0103mintea de murd\u0103rie \u00een timpul lucrului.<\/span><span style=\"font-size: 100%;\"><\/span><\/p>\n","protected":false},"featured_media":4917,"template":"","meta":[],"product_brand":[],"product_cat":[29,132],"product_tag":[],"class_list":{"0":"post-4915","1":"product","2":"type-product","3":"status-publish","4":"has-post-thumbnail","6":"product_cat-accesorii","7":"product_cat-diverse-accesorii","8":"pa_brand-jrl-professional","9":"pa_felul-produsului-sort","10":"pa_producator-china","12":"first","13":"instock","14":"shipping-taxable","15":"purchasable","16":"product-type-simple"},"_links":{"self":[{"href":"https:\/\/cool-style.md\/ro\/wp-json\/wp\/v2\/product\/4915","targetHints":{"allow":["GET"]}}],"collection":[{"href":"https:\/\/cool-style.md\/ro\/wp-json\/wp\/v2\/product"}],"about":[{"href":"https:\/\/cool-style.md\/ro\/wp-json\/wp\/v2\/types\/product"}],"wp:featuredmedia":[{"embeddable":true,"href":"https:\/\/cool-style.md\/ro\/wp-json\/wp\/v2\/media\/4917"}],"wp:attachment":[{"href":"https:\/\/cool-style.md\/ro\/wp-json\/wp\/v2\/media?parent=4915"}],"wp:term":[{"taxonomy":"product_brand","embeddable":true,"href":"https:\/\/cool-style.md\/ro\/wp-json\/wp\/v2\/product_brand?post=4915"},{"taxonomy":"product_cat","embeddable":true,"href":"https:\/\/cool-style.md\/ro\/wp-json\/wp\/v2\/product_cat?post=4915"},{"taxonomy":"product_tag","embeddable":true,"href":"https:\/\/cool-style.md\/ro\/wp-json\/wp\/v2\/product_tag?post=4915"}],"curies":[{"name":"wp","href":"https:\/\/api.w.org\/{rel}","templated":true}]}}