{"id":4925,"date":"2025-04-09T20:02:08","date_gmt":"2025-04-09T20:02:08","guid":{"rendered":"https:\/\/cool-style.md\/?post_type=product&#038;p=4925"},"modified":"2026-01-12T19:44:07","modified_gmt":"2026-01-12T19:44:07","slug":"jrl-magnetic-stationary-mat-big","status":"publish","type":"product","link":"https:\/\/cool-style.md\/ro\/product\/jrl-magnetic-stationary-mat-big\/","title":{"rendered":"Mat pentru barber mare cu 6 magne\u021bi JRL Magnetic Stationary Mat Big"},"content":{"rendered":"<h2><span style=\"font-size: 75%;\">Mat magnetic pentru barber JRL Magnetic Stationary Mat Big<\/span><\/h2>\n<p><a href=\"https:\/\/cool-style.md\/accesorii\/\">Accesoriu<\/a> de marc\u0103 de la produc\u0103torul <a href=\"https:\/\/www.jrlusa.com\/\" target=\"_blank\" rel=\"noopener\">JRL Professional<\/a>. Un mat magnetic pentru scule v\u0103 va ajuta s\u0103 v\u0103 men\u021bine\u021bi zona de lucru ordonat\u0103. 6 sec\u021biuni magnetice v\u0103 vor \u021bine \u00een siguran\u021b\u0103 ma\u0219ini de tuns \u0219i trimmere.<\/p>\n<ul>\n<li>Material: cauciuc;<\/li>\n<li>Dimensiune: 49x32x0,8 cm;<\/li>\n<li>Culoare: negru.<\/li>\n<\/ul>","protected":false},"excerpt":{"rendered":"<p><span style=\"font-size: 100%;\">JRL Magnetic Stationary Mat Big &#8211; un accesoriu indispensabil pentru adev\u0103ra\u021bii profesioni\u0219ti.<\/span><\/p>\n","protected":false},"featured_media":4929,"template":"","meta":[],"product_brand":[],"product_cat":[29,132],"product_tag":[],"class_list":{"0":"post-4925","1":"product","2":"type-product","3":"status-publish","4":"has-post-thumbnail","6":"product_cat-accesorii","7":"product_cat-diverse-accesorii","8":"pa_brand-jrl-professional","9":"pa_felul-produsului-mat-magnetic","10":"pa_producator-china","12":"first","13":"instock","14":"shipping-taxable","15":"purchasable","16":"product-type-simple"},"_links":{"self":[{"href":"https:\/\/cool-style.md\/ro\/wp-json\/wp\/v2\/product\/4925","targetHints":{"allow":["GET"]}}],"collection":[{"href":"https:\/\/cool-style.md\/ro\/wp-json\/wp\/v2\/product"}],"about":[{"href":"https:\/\/cool-style.md\/ro\/wp-json\/wp\/v2\/types\/product"}],"wp:featuredmedia":[{"embeddable":true,"href":"https:\/\/cool-style.md\/ro\/wp-json\/wp\/v2\/media\/4929"}],"wp:attachment":[{"href":"https:\/\/cool-style.md\/ro\/wp-json\/wp\/v2\/media?parent=4925"}],"wp:term":[{"taxonomy":"product_brand","embeddable":true,"href":"https:\/\/cool-style.md\/ro\/wp-json\/wp\/v2\/product_brand?post=4925"},{"taxonomy":"product_cat","embeddable":true,"href":"https:\/\/cool-style.md\/ro\/wp-json\/wp\/v2\/product_cat?post=4925"},{"taxonomy":"product_tag","embeddable":true,"href":"https:\/\/cool-style.md\/ro\/wp-json\/wp\/v2\/product_tag?post=4925"}],"curies":[{"name":"wp","href":"https:\/\/api.w.org\/{rel}","templated":true}]}}