{"id":4936,"date":"2025-04-10T15:35:14","date_gmt":"2025-04-10T15:35:14","guid":{"rendered":"https:\/\/cool-style.md\/?post_type=product&#038;p=4936"},"modified":"2025-04-10T15:41:40","modified_gmt":"2025-04-10T15:41:40","slug":"jrl-clipper-and-trimmer-blade-oil","status":"publish","type":"product","link":"https:\/\/cool-style.md\/ro\/product\/jrl-clipper-and-trimmer-blade-oil\/","title":{"rendered":"Ulei pentru lame JRL Clipper and Trimmer Blade Oil 120ml"},"content":{"rendered":"<h2><span style=\"font-size: 75%;\">Ulei pentru ungerea ma\u0219inei de tuns JRL Clipper and Trimmer Blade Oil<\/span><\/h2>\n<p><span style=\"font-size: 100%;\">Ulei pentru lamele trimmerului \u0219i ma\u0219inii de tuns p\u0103rul <a href=\"https:\/\/www.jrlusa.com\/\" target=\"_blank\" rel=\"noopener\">JRL Professional<\/a><\/span> este un accesoriu indispensabil pentru orice stilist. \u00cembun\u0103t\u0103\u021be\u0219te performan\u021ba sculei \u0219i prelunge\u0219te durata de via\u021b\u0103 a lamei.<\/p>\n<ul>\n<li>Reduce rezisten\u021ba \u0219i are un efect pozitiv asupra capacit\u0103\u021bii de t\u0103iere;<\/li>\n<li>\u00cencetine\u0219te procesul de uzur\u0103;<\/li>\n<li>Cu\u021bitele r\u0103m\u00e2n ascu\u021bite mai mult timp;<\/li>\n<li>Reduce zgomotul, uzura \u0219i vibra\u021biile.<\/li>\n<\/ul>\n<p><strong>Volum:<\/strong> 120 ml<\/p>","protected":false},"excerpt":{"rendered":"<p><span style=\"font-size: 100%;\">JRL Clipper and Trimmer Blade Oil reduce rezisten\u021ba \u0219i are un efect pozitiv asupra capacit\u0103\u021bii de t\u0103iere a lamei.<\/span><span style=\"font-size: 100%;\"><\/span><\/p>\n","protected":false},"featured_media":4937,"template":"","meta":[],"product_brand":[],"product_cat":[29,132],"product_tag":[],"class_list":{"0":"post-4936","1":"product","2":"type-product","3":"status-publish","4":"has-post-thumbnail","6":"product_cat-accesorii","7":"product_cat-diverse-accesorii","8":"pa_brand-jrl-professional","9":"pa_felul-produsului-tip-ulei","10":"pa_producator-china","11":"pa_volum-120ml","13":"first","14":"instock","15":"featured","16":"shipping-taxable","17":"purchasable","18":"product-type-simple"},"_links":{"self":[{"href":"https:\/\/cool-style.md\/ro\/wp-json\/wp\/v2\/product\/4936","targetHints":{"allow":["GET"]}}],"collection":[{"href":"https:\/\/cool-style.md\/ro\/wp-json\/wp\/v2\/product"}],"about":[{"href":"https:\/\/cool-style.md\/ro\/wp-json\/wp\/v2\/types\/product"}],"wp:featuredmedia":[{"embeddable":true,"href":"https:\/\/cool-style.md\/ro\/wp-json\/wp\/v2\/media\/4937"}],"wp:attachment":[{"href":"https:\/\/cool-style.md\/ro\/wp-json\/wp\/v2\/media?parent=4936"}],"wp:term":[{"taxonomy":"product_brand","embeddable":true,"href":"https:\/\/cool-style.md\/ro\/wp-json\/wp\/v2\/product_brand?post=4936"},{"taxonomy":"product_cat","embeddable":true,"href":"https:\/\/cool-style.md\/ro\/wp-json\/wp\/v2\/product_cat?post=4936"},{"taxonomy":"product_tag","embeddable":true,"href":"https:\/\/cool-style.md\/ro\/wp-json\/wp\/v2\/product_tag?post=4936"}],"curies":[{"name":"wp","href":"https:\/\/api.w.org\/{rel}","templated":true}]}}