{"id":4938,"date":"2025-04-10T15:45:41","date_gmt":"2025-04-10T15:45:41","guid":{"rendered":"https:\/\/cool-style.md\/?post_type=product&#038;p=4938"},"modified":"2025-04-10T15:56:09","modified_gmt":"2025-04-10T15:56:09","slug":"jrl-large-hand-held-mirror-black","status":"publish","type":"product","link":"https:\/\/cool-style.md\/ro\/product\/jrl-large-hand-held-mirror-black\/","title":{"rendered":"Oglind\u0103 retrovizoare neagr\u0103 JRL Large Hand Held Mirror Black"},"content":{"rendered":"<h2><span style=\"font-size: 75%;\">Oglind\u0103 retrovizoare neagr\u0103 JRL Large Hand Held Mirror Black<\/span><\/h2>\n<div>O oglind\u0103 retrovizoare mare \u0219i convenabil\u0103 de la produc\u0103torul <a href=\"https:\/\/www.jrlusa.com\/\" target=\"_blank\" rel=\"noopener\">JRL Professional<\/a> este un <a href=\"https:\/\/cool-style.md\/ru\/accesorii\/\">accesoriu<\/a> indispensabil pentru orice stilist. M\u00e2nerele ergonomice ofer\u0103 u\u0219urin\u021b\u0103 \u00een utilizare. Stratul antiderapant previne alunecarea accidental\u0103 de pe m\u00e2ini. Dimensiunea mare ofer\u0103 vizibilitate maxim\u0103 clientului dumneavoastr\u0103.<\/div>\n<div><\/div>\n<div><strong>Culoare:<\/strong> negru<\/div>\n<div><strong>Dimensiune:<\/strong> 40,3&#215;23,2&#215;1,4 cm<\/div>","protected":false},"excerpt":{"rendered":"<p><span style=\"font-size: 100%;\">JRL Large Hand Held Mirror Black &#8211; un accesoriu indispensabil pentru adev\u0103ra\u021bii profesioni\u0219ti.<\/span><\/p>\n","protected":false},"featured_media":4940,"template":"","meta":[],"product_brand":[],"product_cat":[29,132],"product_tag":[],"class_list":{"0":"post-4938","1":"product","2":"type-product","3":"status-publish","4":"has-post-thumbnail","6":"product_cat-accesorii","7":"product_cat-diverse-accesorii","8":"pa_brand-jrl-professional","9":"pa_felul-produsului-oglinda","10":"pa_producator-china","12":"first","13":"instock","14":"featured","15":"shipping-taxable","16":"purchasable","17":"product-type-simple"},"_links":{"self":[{"href":"https:\/\/cool-style.md\/ro\/wp-json\/wp\/v2\/product\/4938","targetHints":{"allow":["GET"]}}],"collection":[{"href":"https:\/\/cool-style.md\/ro\/wp-json\/wp\/v2\/product"}],"about":[{"href":"https:\/\/cool-style.md\/ro\/wp-json\/wp\/v2\/types\/product"}],"wp:featuredmedia":[{"embeddable":true,"href":"https:\/\/cool-style.md\/ro\/wp-json\/wp\/v2\/media\/4940"}],"wp:attachment":[{"href":"https:\/\/cool-style.md\/ro\/wp-json\/wp\/v2\/media?parent=4938"}],"wp:term":[{"taxonomy":"product_brand","embeddable":true,"href":"https:\/\/cool-style.md\/ro\/wp-json\/wp\/v2\/product_brand?post=4938"},{"taxonomy":"product_cat","embeddable":true,"href":"https:\/\/cool-style.md\/ro\/wp-json\/wp\/v2\/product_cat?post=4938"},{"taxonomy":"product_tag","embeddable":true,"href":"https:\/\/cool-style.md\/ro\/wp-json\/wp\/v2\/product_tag?post=4938"}],"curies":[{"name":"wp","href":"https:\/\/api.w.org\/{rel}","templated":true}]}}