{"id":4950,"date":"2025-04-10T16:18:21","date_gmt":"2025-04-10T16:18:21","guid":{"rendered":"https:\/\/cool-style.md\/?post_type=product&#038;p=4950"},"modified":"2025-04-10T16:19:32","modified_gmt":"2025-04-10T16:19:32","slug":"jrl-spray-bottle-jca024","status":"publish","type":"product","link":"https:\/\/cool-style.md\/ro\/product\/jrl-spray-bottle-jca024\/","title":{"rendered":"Pulverizator automat alb JRL Spray Bottle JCA024"},"content":{"rendered":"<h2><span style=\"font-size: 75%;\">Pulverizator automat JRL Spray Bottle JCA024<\/span><\/h2>\n<div>\n<div>\n<p>Pulverizator practic de la produc\u0103torul <a href=\"https:\/\/www.jrlusa.com\/\" target=\"_blank\" rel=\"noopener\">JRL Professional<\/a> este un <a href=\"https:\/\/cool-style.md\/ru\/accesorii\/\">accesoriu<\/a> indispensabil pentru orice stilist. Fabricat din plastic rezistent, cu pomp\u0103 de pulverizare reglabil\u0103 pentru o aplicare precis\u0103. Datorit\u0103 mecanismului automat, ofer\u0103 o pulverizare puternic\u0103 \u0219i uniform\u0103, f\u0103r\u0103 a fi nevoie de ap\u0103s\u0103ri multiple. Designul ergonomic, culoarea alb\u0103 elegant\u0103 \u0219i volumul sporit fac din acest instrument o alegere ideal\u0103 pentru o munc\u0103 confortabil\u0103 \u00eentr-un salon sau frizerie.<\/p>\n<ul>\n<li>Spray fin: creeaz\u0103 un efect de cea\u021b\u0103 fin\u0103, distribuind uniform umiditatea pe tot p\u0103rul.<\/li>\n<li>Design ergonomic: forma convenabil\u0103 \u0219i corpul u\u0219or fac utilizarea confortabil\u0103.<\/li>\n<li>Material durabil: plasticul de \u00eenalt\u0103 calitate asigur\u0103 durabilitate \u0219i fiabilitate.<\/li>\n<\/ul>\n<\/div>\n<div><strong>Culoare:<\/strong> alb<\/div>\n<div><strong>Capacitate:<\/strong> 280 ml<\/div>\n<\/div>","protected":false},"excerpt":{"rendered":"<p><span style=\"font-size: 100%;\">JRL Spray Bottle JCA024 &#8211; un accesoriu indispensabil pentru adev\u0103ra\u021bii profesioni\u0219ti.<\/span><\/p>\n","protected":false},"featured_media":4951,"template":"","meta":[],"product_brand":[],"product_cat":[29,132],"product_tag":[],"class_list":{"0":"post-4950","1":"product","2":"type-product","3":"status-publish","4":"has-post-thumbnail","6":"product_cat-accesorii","7":"product_cat-diverse-accesorii","8":"pa_brand-jrl-professional","9":"pa_felul-produsului-pulverizator","10":"pa_producator-china","12":"first","13":"instock","14":"featured","15":"shipping-taxable","16":"purchasable","17":"product-type-simple"},"_links":{"self":[{"href":"https:\/\/cool-style.md\/ro\/wp-json\/wp\/v2\/product\/4950","targetHints":{"allow":["GET"]}}],"collection":[{"href":"https:\/\/cool-style.md\/ro\/wp-json\/wp\/v2\/product"}],"about":[{"href":"https:\/\/cool-style.md\/ro\/wp-json\/wp\/v2\/types\/product"}],"wp:featuredmedia":[{"embeddable":true,"href":"https:\/\/cool-style.md\/ro\/wp-json\/wp\/v2\/media\/4951"}],"wp:attachment":[{"href":"https:\/\/cool-style.md\/ro\/wp-json\/wp\/v2\/media?parent=4950"}],"wp:term":[{"taxonomy":"product_brand","embeddable":true,"href":"https:\/\/cool-style.md\/ro\/wp-json\/wp\/v2\/product_brand?post=4950"},{"taxonomy":"product_cat","embeddable":true,"href":"https:\/\/cool-style.md\/ro\/wp-json\/wp\/v2\/product_cat?post=4950"},{"taxonomy":"product_tag","embeddable":true,"href":"https:\/\/cool-style.md\/ro\/wp-json\/wp\/v2\/product_tag?post=4950"}],"curies":[{"name":"wp","href":"https:\/\/api.w.org\/{rel}","templated":true}]}}