{"id":4954,"date":"2025-04-10T16:26:16","date_gmt":"2025-04-10T16:26:16","guid":{"rendered":"https:\/\/cool-style.md\/?post_type=product&#038;p=4954"},"modified":"2025-04-10T16:27:51","modified_gmt":"2025-04-10T16:27:51","slug":"jrl-spray-bottle-jca015","status":"publish","type":"product","link":"https:\/\/cool-style.md\/ro\/product\/jrl-spray-bottle-jca015\/","title":{"rendered":"Pulverizator automat negru JRL Spray Bottle JCA015"},"content":{"rendered":"<h2><span style=\"font-size: 75%;\">Pulverizator automat JRL Spray Bottle JCA015<\/span><\/h2>\n<div>\n<div>\n<p>Pulverizator practic de la produc\u0103torul <a href=\"https:\/\/www.jrlusa.com\/\" target=\"_blank\" rel=\"noopener\">JRL Professional<\/a> este un <a href=\"https:\/\/cool-style.md\/ru\/accesorii\/\">accesoriu<\/a> indispensabil pentru orice stilist. Pulverizator inovator care asigur\u0103 o umidificare uniform\u0103 \u0219i fin dispersat\u0103. Mecanismul s\u0103u automat v\u0103 permite s\u0103 lucra\u021bi f\u0103r\u0103 a fi nevoie s\u0103 ap\u0103sa\u021bi din nou, reduc\u00e2nd solicitarea m\u00e2inii \u0219i acceler\u00e2nd procesul de lucru.<\/p>\n<ul>\n<li>Spray fin: creeaz\u0103 o cea\u021b\u0103 fin\u0103 care hidrateaz\u0103 uniform p\u0103rul.<\/li>\n<li>Design ergonomic: forma convenabil\u0103 \u0219i greutatea redus\u0103 \u00eel fac confortabil de utilizat chiar \u0219i \u00een timpul lucrului pe termen lung.<\/li>\n<li>Materiale de calitate: fabricate din plastic durabil, rezistent la deterior\u0103ri.<\/li>\n<\/ul>\n<\/div>\n<div><strong>Culoare:<\/strong> negru<\/div>\n<div><strong>Capacitate:<\/strong> 250 ml<\/div>\n<\/div>","protected":false},"excerpt":{"rendered":"<p><span style=\"font-size: 100%;\">JRL Spray Bottle JCA015 &#8211; un accesoriu indispensabil pentru adev\u0103ra\u021bii profesioni\u0219ti.<\/span><\/p>\n","protected":false},"featured_media":4955,"template":"","meta":[],"product_brand":[],"product_cat":[29,132],"product_tag":[],"class_list":{"0":"post-4954","1":"product","2":"type-product","3":"status-publish","4":"has-post-thumbnail","6":"product_cat-accesorii","7":"product_cat-diverse-accesorii","8":"pa_brand-jrl-professional","9":"pa_felul-produsului-pulverizator","10":"pa_producator-china","12":"first","13":"instock","14":"featured","15":"shipping-taxable","16":"purchasable","17":"product-type-simple"},"_links":{"self":[{"href":"https:\/\/cool-style.md\/ro\/wp-json\/wp\/v2\/product\/4954","targetHints":{"allow":["GET"]}}],"collection":[{"href":"https:\/\/cool-style.md\/ro\/wp-json\/wp\/v2\/product"}],"about":[{"href":"https:\/\/cool-style.md\/ro\/wp-json\/wp\/v2\/types\/product"}],"wp:featuredmedia":[{"embeddable":true,"href":"https:\/\/cool-style.md\/ro\/wp-json\/wp\/v2\/media\/4955"}],"wp:attachment":[{"href":"https:\/\/cool-style.md\/ro\/wp-json\/wp\/v2\/media?parent=4954"}],"wp:term":[{"taxonomy":"product_brand","embeddable":true,"href":"https:\/\/cool-style.md\/ro\/wp-json\/wp\/v2\/product_brand?post=4954"},{"taxonomy":"product_cat","embeddable":true,"href":"https:\/\/cool-style.md\/ro\/wp-json\/wp\/v2\/product_cat?post=4954"},{"taxonomy":"product_tag","embeddable":true,"href":"https:\/\/cool-style.md\/ro\/wp-json\/wp\/v2\/product_tag?post=4954"}],"curies":[{"name":"wp","href":"https:\/\/api.w.org\/{rel}","templated":true}]}}