{"id":4958,"date":"2025-04-10T16:32:50","date_gmt":"2025-04-10T16:32:50","guid":{"rendered":"https:\/\/cool-style.md\/?post_type=product&#038;p=4958"},"modified":"2025-04-10T16:38:38","modified_gmt":"2025-04-10T16:38:38","slug":"jrl-professional-hair-clips","status":"publish","type":"product","link":"https:\/\/cool-style.md\/ro\/product\/jrl-professional-hair-clips\/","title":{"rendered":"Agrafe de p\u0103r 6 buc JRL Professional Hair Clips"},"content":{"rendered":"<h2><span style=\"font-size: 75%;\">Agrafe de p\u0103r JRL Professional Hair Clips<\/span><\/h2>\n<div>\n<div><a href=\"https:\/\/cool-style.md\/wp-content\/uploads\/2025\/04\/Cool-style.md-JRL-Professional-Hair-Clips.webp\"><img decoding=\"async\" class=\"wp-image-4959 alignleft\" src=\"https:\/\/cool-style.md\/wp-content\/uploads\/2025\/04\/Cool-style.md-JRL-Professional-Hair-Clips-400x400.webp\" alt=\"Cool-style.md JRL Professional Hair Clips\" width=\"229\" height=\"229\" srcset=\"https:\/\/cool-style.md\/wp-content\/uploads\/2025\/04\/Cool-style.md-JRL-Professional-Hair-Clips-400x400.webp 400w, https:\/\/cool-style.md\/wp-content\/uploads\/2025\/04\/Cool-style.md-JRL-Professional-Hair-Clips-280x280.webp 280w, https:\/\/cool-style.md\/wp-content\/uploads\/2025\/04\/Cool-style.md-JRL-Professional-Hair-Clips-300x300.webp 300w, https:\/\/cool-style.md\/wp-content\/uploads\/2025\/04\/Cool-style.md-JRL-Professional-Hair-Clips-510x510.webp 510w, https:\/\/cool-style.md\/wp-content\/uploads\/2025\/04\/Cool-style.md-JRL-Professional-Hair-Clips-100x100.webp 100w, https:\/\/cool-style.md\/wp-content\/uploads\/2025\/04\/Cool-style.md-JRL-Professional-Hair-Clips.webp 630w\" sizes=\"(max-width: 229px) 100vw, 229px\" \/><\/a>Agrafele profesionale de p\u0103r de la produc\u0103torul <a href=\"https:\/\/www.jrlusa.com\/\" target=\"_blank\" rel=\"noopener\">JRL Professional<\/a> sunt un <a href=\"https:\/\/cool-style.md\/ru\/accesorii\/\">accesoriu<\/a> indispensabil pentru orice stilist. Acestea vor ajuta la prinderea \u0219i fixarea ferm\u0103 at\u00e2t a celor mai mici, c\u00e2t \u0219i a celor mai mari fire de p\u0103r. Ideal pentru tuns, coafat \u0219i vopsit p\u0103rul.<\/div>\n<div><\/div>\n<div><strong>Culoare:<\/strong> alb, negru<\/div>\n<div><\/div>\n<div><strong>Cantitate:<\/strong> 6 buc\u0103\u021bi<\/div>\n<\/div>","protected":false},"excerpt":{"rendered":"<p><span style=\"font-size: 100%;\">JRL Professional Hair Clips &#8211; un accesoriu indispensabil pentru adev\u0103ra\u021bii profesioni\u0219ti.<\/span><\/p>\n","protected":false},"featured_media":4961,"template":"","meta":[],"product_brand":[],"product_cat":[29,132],"product_tag":[],"class_list":{"0":"post-4958","1":"product","2":"type-product","3":"status-publish","4":"has-post-thumbnail","6":"product_cat-accesorii","7":"product_cat-diverse-accesorii","8":"pa_brand-jrl-professional","9":"pa_felul-produsului-clama-de-par","10":"pa_producator-china","12":"first","13":"instock","14":"featured","15":"shipping-taxable","16":"purchasable","17":"product-type-simple"},"_links":{"self":[{"href":"https:\/\/cool-style.md\/ro\/wp-json\/wp\/v2\/product\/4958","targetHints":{"allow":["GET"]}}],"collection":[{"href":"https:\/\/cool-style.md\/ro\/wp-json\/wp\/v2\/product"}],"about":[{"href":"https:\/\/cool-style.md\/ro\/wp-json\/wp\/v2\/types\/product"}],"wp:featuredmedia":[{"embeddable":true,"href":"https:\/\/cool-style.md\/ro\/wp-json\/wp\/v2\/media\/4961"}],"wp:attachment":[{"href":"https:\/\/cool-style.md\/ro\/wp-json\/wp\/v2\/media?parent=4958"}],"wp:term":[{"taxonomy":"product_brand","embeddable":true,"href":"https:\/\/cool-style.md\/ro\/wp-json\/wp\/v2\/product_brand?post=4958"},{"taxonomy":"product_cat","embeddable":true,"href":"https:\/\/cool-style.md\/ro\/wp-json\/wp\/v2\/product_cat?post=4958"},{"taxonomy":"product_tag","embeddable":true,"href":"https:\/\/cool-style.md\/ro\/wp-json\/wp\/v2\/product_tag?post=4958"}],"curies":[{"name":"wp","href":"https:\/\/api.w.org\/{rel}","templated":true}]}}