{"id":4962,"date":"2025-04-10T16:41:24","date_gmt":"2025-04-10T16:41:24","guid":{"rendered":"https:\/\/cool-style.md\/?post_type=product&#038;p=4962"},"modified":"2025-04-10T16:45:10","modified_gmt":"2025-04-10T16:45:10","slug":"jrl-professional-classic-cutting-cape","status":"publish","type":"product","link":"https:\/\/cool-style.md\/ro\/product\/jrl-professional-classic-cutting-cape\/","title":{"rendered":"Pelerin\u0103 clasic\u0103 JRL Professional Classic Cutting Cape"},"content":{"rendered":"<h2><span style=\"font-size: 75%;\">Pelerina JRL Professional Classic Cutting Cape<\/span><\/h2>\n<p>Pelerina <a href=\"https:\/\/www.jrlusa.com\/\" target=\"_blank\" rel=\"noopener\">JRL<\/a> de \u00eenalt\u0103 calitate pentru saloane, fabricat\u0103 din material rezistent \u0219i impermeabil. Gulerul Velcro se potrive\u0219te perfect \u00een jurul g\u00e2tului, \u00eempiedic\u00e2nd p\u0103trunderea firelor de p\u0103r \u0219i a impurit\u0103\u021bilor \u00een timpul procedurii. Se foloseste pentru diferite tipuri de lucrari: tunsoare, vopsit, coafat etc.<\/p>\n<ul>\n<li>U\u0219or, nu rigidizeaz\u0103 \u0219i nu \u00eempiedic\u0103 mi\u0219carea;<\/li>\n<li>M\u0103rime universal\u0103;<\/li>\n<li>Poliester rezistent la ap\u0103;<\/li>\n<li>Fixare cu velcro;<\/li>\n<li>Culoare: alb.<\/li>\n<\/ul>\n<p>Un <a href=\"https:\/\/cool-style.md\/ro\/accesorii\/\">accesoriu<\/a> esential pentru orice salon pentru a proteja hainele si pielea clientului de lichide fierbinti, stropi, murdarie, praf, vopsea, lipici si fire de par fine.<\/p>","protected":false},"excerpt":{"rendered":"<p><span style=\"font-size: 100%;\">JRL Professional Classic Cutting Cape v\u0103 va ajuta s\u0103 proteja\u021bi \u00eembr\u0103c\u0103mintea clientului de murd\u0103rie \u00een timpul lucrului.<\/span><span style=\"font-size: 100%;\"><\/span><\/p>\n","protected":false},"featured_media":4963,"template":"","meta":[],"product_brand":[],"product_cat":[29,132],"product_tag":[],"class_list":{"0":"post-4962","1":"product","2":"type-product","3":"status-publish","4":"has-post-thumbnail","6":"product_cat-accesorii","7":"product_cat-diverse-accesorii","8":"pa_brand-jrl-professional","9":"pa_felul-produsului-tip-pelerina","10":"pa_producator-china","12":"first","13":"instock","14":"shipping-taxable","15":"purchasable","16":"product-type-simple"},"_links":{"self":[{"href":"https:\/\/cool-style.md\/ro\/wp-json\/wp\/v2\/product\/4962","targetHints":{"allow":["GET"]}}],"collection":[{"href":"https:\/\/cool-style.md\/ro\/wp-json\/wp\/v2\/product"}],"about":[{"href":"https:\/\/cool-style.md\/ro\/wp-json\/wp\/v2\/types\/product"}],"wp:featuredmedia":[{"embeddable":true,"href":"https:\/\/cool-style.md\/ro\/wp-json\/wp\/v2\/media\/4963"}],"wp:attachment":[{"href":"https:\/\/cool-style.md\/ro\/wp-json\/wp\/v2\/media?parent=4962"}],"wp:term":[{"taxonomy":"product_brand","embeddable":true,"href":"https:\/\/cool-style.md\/ro\/wp-json\/wp\/v2\/product_brand?post=4962"},{"taxonomy":"product_cat","embeddable":true,"href":"https:\/\/cool-style.md\/ro\/wp-json\/wp\/v2\/product_cat?post=4962"},{"taxonomy":"product_tag","embeddable":true,"href":"https:\/\/cool-style.md\/ro\/wp-json\/wp\/v2\/product_tag?post=4962"}],"curies":[{"name":"wp","href":"https:\/\/api.w.org\/{rel}","templated":true}]}}