{"id":4964,"date":"2025-04-10T16:48:01","date_gmt":"2025-04-10T16:48:01","guid":{"rendered":"https:\/\/cool-style.md\/?post_type=product&#038;p=4964"},"modified":"2025-04-10T17:22:14","modified_gmt":"2025-04-10T17:22:14","slug":"jrl-waterproof-silicone-cutting-collar","status":"publish","type":"product","link":"https:\/\/cool-style.md\/ro\/product\/jrl-waterproof-silicone-cutting-collar\/","title":{"rendered":"Guler de tuns impermeabil JRL Waterproof Silicone Cutting Collar"},"content":{"rendered":"<h2><span style=\"font-size: 75%;\">Guler de tuns impermeabil JRL Waterproof Silicone Cutting Collar<\/span><\/h2>\n<div>Guler pentru tuns \u0219i vopsit p\u0103rul de la produc\u0103torul <a href=\"https:\/\/www.jrlusa.com\/\" target=\"_blank\" rel=\"noopener\">JRL Professional<\/a> este un <a href=\"https:\/\/cool-style.md\/ru\/accesorii\/\">accesoriu<\/a> necesar pentru orice salon. Potrivit pentru tuns, permanent, colorare a p\u0103rului, coafare, machiaj, b\u0103rbierit etc.<\/div>\n<ul>\n<li>U\u0219or \u0219i confortabil;<\/li>\n<li>Impermeabil \u0219i non-lipicios;<\/li>\n<li>10 catarame magnetice v\u0103 ajut\u0103 s\u0103 ajusta\u021bi \u00een func\u021bie de dimensiunea g\u00e2tului;<\/li>\n<\/ul>","protected":false},"excerpt":{"rendered":"<p><span style=\"font-size: 100%;\">JRL Waterproof Silicone Cutting Collar v\u0103 va ajuta s\u0103 proteja\u021bi \u00eembr\u0103c\u0103mintea clientului de murd\u0103rie \u00een timpul lucrului.<\/span><span style=\"font-size: 100%;\"><\/span><\/p>\n","protected":false},"featured_media":4966,"template":"","meta":[],"product_brand":[],"product_cat":[29,132],"product_tag":[],"class_list":{"0":"post-4964","1":"product","2":"type-product","3":"status-publish","4":"has-post-thumbnail","6":"product_cat-accesorii","7":"product_cat-diverse-accesorii","8":"pa_brand-jrl-professional","9":"pa_felul-produsului-guler","10":"pa_producator-china","12":"first","13":"instock","14":"shipping-taxable","15":"purchasable","16":"product-type-simple"},"_links":{"self":[{"href":"https:\/\/cool-style.md\/ro\/wp-json\/wp\/v2\/product\/4964","targetHints":{"allow":["GET"]}}],"collection":[{"href":"https:\/\/cool-style.md\/ro\/wp-json\/wp\/v2\/product"}],"about":[{"href":"https:\/\/cool-style.md\/ro\/wp-json\/wp\/v2\/types\/product"}],"wp:featuredmedia":[{"embeddable":true,"href":"https:\/\/cool-style.md\/ro\/wp-json\/wp\/v2\/media\/4966"}],"wp:attachment":[{"href":"https:\/\/cool-style.md\/ro\/wp-json\/wp\/v2\/media?parent=4964"}],"wp:term":[{"taxonomy":"product_brand","embeddable":true,"href":"https:\/\/cool-style.md\/ro\/wp-json\/wp\/v2\/product_brand?post=4964"},{"taxonomy":"product_cat","embeddable":true,"href":"https:\/\/cool-style.md\/ro\/wp-json\/wp\/v2\/product_cat?post=4964"},{"taxonomy":"product_tag","embeddable":true,"href":"https:\/\/cool-style.md\/ro\/wp-json\/wp\/v2\/product_tag?post=4964"}],"curies":[{"name":"wp","href":"https:\/\/api.w.org\/{rel}","templated":true}]}}