{"id":4970,"date":"2025-04-10T17:33:48","date_gmt":"2025-04-10T17:33:48","guid":{"rendered":"https:\/\/cool-style.md\/?post_type=product&#038;p=4970"},"modified":"2026-01-12T19:43:14","modified_gmt":"2026-01-12T19:43:14","slug":"jrl-hair-dye-tinting-bowl-jpp153l","status":"publish","type":"product","link":"https:\/\/cool-style.md\/ro\/product\/jrl-hair-dye-tinting-bowl-jpp153l\/","title":{"rendered":"Bol pentru colorarea p\u0103rului JRL Hair Dye Tinting Bowl JPP153L"},"content":{"rendered":"<h2><span style=\"font-size: 75%;\">Bol pentru colorarea p\u0103rului JRL Hair Dye Tinting Bowl JPP153L<\/span><\/h2>\n<div>Bol pentru colorarea p\u0103rului de la produc\u0103torul <a href=\"https:\/\/www.jrlusa.com\/\" target=\"_blank\" rel=\"noopener\">JRL Professional<\/a> este un <a href=\"https:\/\/cool-style.md\/ru\/accesorii\/\">accesoriu<\/a> esen\u021bial pentru orice salon. Un accesoriu profesional conceput pentru comoditate atunci c\u00e2nd colora\u021bi p\u0103rul, aplica\u021bi m\u0103\u0219ti \u0219i alte proceduri cosmetice. Simplitatea \u0219i func\u021bionalitatea sa \u00eel fac o alegere ideal\u0103 at\u00e2t pentru coafori, c\u00e2t \u0219i pentru uz casnic.<\/div>\n<ul>\n<li>Material de \u00eenalt\u0103 calitate: Fabricat din plastic durabil, u\u0219or de cur\u0103\u021bat, pentru utilizare \u00eendelungat\u0103.<\/li>\n<li>Baz\u0103 antiderapant\u0103: Ofer\u0103 stabilitate \u00een timpul amestec\u0103rii \u0219i aplic\u0103rii.<\/li>\n<li>Marcaje de m\u0103surare: Asigur\u0103 amestecarea precis\u0103 a coloran\u021bilor.<\/li>\n<li>Prindere confortabil\u0103: M\u00e2ner ergonomic pentru u\u0219urin\u021b\u0103 \u00een utilizare.<\/li>\n<\/ul>","protected":false},"excerpt":{"rendered":"<p><span style=\"font-size: 100%;\">JRL Hair Dye Tinting Bowl JPP153L un accesoriu profesional conceput pentru comoditate atunci c\u00e2nd colora\u021bi p\u0103rul, aplica\u021bi m\u0103\u0219ti \u0219i alte proceduri cosmetice.<\/span><span style=\"font-size: 100%;\"><\/span><\/p>\n","protected":false},"featured_media":4971,"template":"","meta":[],"product_brand":[],"product_cat":[29,132],"product_tag":[],"class_list":{"0":"post-4970","1":"product","2":"type-product","3":"status-publish","4":"has-post-thumbnail","6":"product_cat-accesorii","7":"product_cat-diverse-accesorii","8":"pa_brand-jrl-professional","9":"pa_felul-produsului-bol","10":"pa_producator-china","12":"first","13":"instock","14":"shipping-taxable","15":"purchasable","16":"product-type-simple"},"_links":{"self":[{"href":"https:\/\/cool-style.md\/ro\/wp-json\/wp\/v2\/product\/4970","targetHints":{"allow":["GET"]}}],"collection":[{"href":"https:\/\/cool-style.md\/ro\/wp-json\/wp\/v2\/product"}],"about":[{"href":"https:\/\/cool-style.md\/ro\/wp-json\/wp\/v2\/types\/product"}],"wp:featuredmedia":[{"embeddable":true,"href":"https:\/\/cool-style.md\/ro\/wp-json\/wp\/v2\/media\/4971"}],"wp:attachment":[{"href":"https:\/\/cool-style.md\/ro\/wp-json\/wp\/v2\/media?parent=4970"}],"wp:term":[{"taxonomy":"product_brand","embeddable":true,"href":"https:\/\/cool-style.md\/ro\/wp-json\/wp\/v2\/product_brand?post=4970"},{"taxonomy":"product_cat","embeddable":true,"href":"https:\/\/cool-style.md\/ro\/wp-json\/wp\/v2\/product_cat?post=4970"},{"taxonomy":"product_tag","embeddable":true,"href":"https:\/\/cool-style.md\/ro\/wp-json\/wp\/v2\/product_tag?post=4970"}],"curies":[{"name":"wp","href":"https:\/\/api.w.org\/{rel}","templated":true}]}}