{"id":4973,"date":"2025-04-10T17:45:12","date_gmt":"2025-04-10T17:45:12","guid":{"rendered":"https:\/\/cool-style.md\/?post_type=product&#038;p=4973"},"modified":"2025-04-10T17:58:31","modified_gmt":"2025-04-10T17:58:31","slug":"jrl-anti-static-paddle-brush","status":"publish","type":"product","link":"https:\/\/cool-style.md\/ro\/product\/jrl-anti-static-paddle-brush\/","title":{"rendered":"Perie de p\u0103r antistatic\u0103 JRL Anti-Static Paddle Brush"},"content":{"rendered":"<h2><span style=\"font-size: 75%;\">Perie de p\u0103r antistatic\u0103\u00a0JRL Anti-Static Paddle Brush<\/span><\/h2>\n<div>\n<p>Peria de p\u0103r de la produc\u0103torul <a href=\"https:\/\/www.jrlusa.com\/\" target=\"_blank\" rel=\"noopener\">JRL Professiona<\/a> este un <a href=\"https:\/\/cool-style.md\/ru\/accesorii\/\">accesoriu<\/a> esen\u021bial pentru orice salon.<\/p>\n<ul>\n<li>Ideal\u0103 pentru descurcarea p\u0103rului umed \u0219i uscat.<\/li>\n<li>Spune\u021bi adio staticii \u0219i frizzului: peria este special conceput\u0103 pentru a combate statica \u0219i frizzul datorit\u0103 materialelor care disip\u0103 electricitatea din p\u0103r, l\u0103s\u00e2ndu-l neted \u0219i u\u0219or de manevrat.<\/li>\n<li>Dimensiune mare pentru o coafare u\u0219oar\u0103: capul mare al periei faciliteaz\u0103 piept\u0103narea chiar \u0219i a p\u0103rului cel mai gros, texturat sau ondulat, pentru un aspect neted \u0219i str\u0103lucitor.<\/li>\n<li>Inovatoare \u0219i delicat\u0103: cu v\u00e2rfuri modelate \u00een form\u0103 de bil\u0103 \u0219i peri care nu se aga\u021b\u0103, peria noastr\u0103 este o adev\u0103rat\u0103 descoperire \u00een coafarea p\u0103rului umed \u0219i uscat. Experimenta\u021bi mai pu\u021bine daune \u0219i o coafare nedureroas\u0103, men\u021bin\u00e2nd \u00een acela\u0219i timp un control deplin datorit\u0103 m\u00e2nerului antiderapant din fibr\u0103 de carbon \u0219i nailon<\/li>\n<li>Accelera\u021bi uscarea \u0219i reduce\u021bi ruperea: peria noastr\u0103 are un model de pl\u0103cu\u021be ventilate cu uscare rapid\u0103, care maximizeaz\u0103 fluxul de aer al usc\u0103torului de p\u0103r, reduc\u00e2nd timpul de uscare. De asemenea, previne tragerea \u0219i smulgerea care pot duce la ruperea p\u0103rului<\/li>\n<li>Construit\u0103 pentru a dura: fabricat\u0103 din fibr\u0103 de carbon \u0219i nailon de \u00eenalt\u0103 calitate, rezistent\u0103 la substan\u021be chimice \u0219i c\u0103ldur\u0103. Este alegerea perfect\u0103 pentru cei care prefer\u0103 coafarea \u0219i uscarea la temperaturi ridicate.<\/li>\n<\/ul>\n<\/div>","protected":false},"excerpt":{"rendered":"<p><span style=\"font-size: 100%;\">JRL Anti-Static Paddle Brush ideal\u0103 pentru descurcarea p\u0103rului umed \u0219i uscat.<\/span><span style=\"font-size: 100%;\"><\/span><\/p>\n","protected":false},"featured_media":4976,"template":"","meta":[],"product_brand":[],"product_cat":[29,131],"product_tag":[],"class_list":{"0":"post-4973","1":"product","2":"type-product","3":"status-publish","4":"has-post-thumbnail","6":"product_cat-accesorii","7":"product_cat-piepteni-si-perii","8":"pa_brand-jrl-professional","9":"pa_felul-produsului-tip-pieptene","10":"pa_producator-china","12":"first","13":"instock","14":"shipping-taxable","15":"purchasable","16":"product-type-simple"},"_links":{"self":[{"href":"https:\/\/cool-style.md\/ro\/wp-json\/wp\/v2\/product\/4973","targetHints":{"allow":["GET"]}}],"collection":[{"href":"https:\/\/cool-style.md\/ro\/wp-json\/wp\/v2\/product"}],"about":[{"href":"https:\/\/cool-style.md\/ro\/wp-json\/wp\/v2\/types\/product"}],"wp:featuredmedia":[{"embeddable":true,"href":"https:\/\/cool-style.md\/ro\/wp-json\/wp\/v2\/media\/4976"}],"wp:attachment":[{"href":"https:\/\/cool-style.md\/ro\/wp-json\/wp\/v2\/media?parent=4973"}],"wp:term":[{"taxonomy":"product_brand","embeddable":true,"href":"https:\/\/cool-style.md\/ro\/wp-json\/wp\/v2\/product_brand?post=4973"},{"taxonomy":"product_cat","embeddable":true,"href":"https:\/\/cool-style.md\/ro\/wp-json\/wp\/v2\/product_cat?post=4973"},{"taxonomy":"product_tag","embeddable":true,"href":"https:\/\/cool-style.md\/ro\/wp-json\/wp\/v2\/product_tag?post=4973"}],"curies":[{"name":"wp","href":"https:\/\/api.w.org\/{rel}","templated":true}]}}