{"id":4974,"date":"2025-04-10T17:42:40","date_gmt":"2025-04-10T17:42:40","guid":{"rendered":"https:\/\/cool-style.md\/?post_type=product&#038;p=4974"},"modified":"2025-04-10T17:47:32","modified_gmt":"2025-04-10T17:47:32","slug":"jrl-neck-duster-black","status":"publish","type":"product","link":"https:\/\/cool-style.md\/ro\/product\/jrl-neck-duster-black\/","title":{"rendered":"Pamatuf dup\u0103 frezur\u0103 JRL Neck Duster Black"},"content":{"rendered":"<h2><span style=\"font-size: 75%;\">Pamatuf pentru eliminarea firelor de p\u0103r JRL Neck Duster Black<\/span><\/h2>\n<p>Perie dup\u0103 frezur\u0103 <a href=\"https:\/\/www.jrlusa.com\/\" target=\"_blank\" rel=\"noopener\">JRL Professional<\/a>\u00a0este un <a href=\"https:\/\/cool-style.md\/ro\/accesorii\/\">accesoriu<\/a> indispensabil pentru un barber. Nu provoac\u0103 irita\u021bii, poate fi folosit\u0103 acasa. Peria de ras cu peri moi asigura un efect de masaj usor f\u0103r\u0103 zg\u00e2rieturi.<\/p>\n<ul>\n<li>Designul \u00een evantai este excelent pentru \u00eendep\u0103rtarea p\u0103rului din jurul urechilor, g\u00e2tului \u0219i umerilor;<\/li>\n<li>U\u0219or de \u021binut datorit\u0103 designului ergonomic confortabil;<\/li>\n<li>Accesoriul esen\u021bial perfect pentru coafori \u0219i frizerii;<\/li>\n<li>U\u0219or de utilizat.<\/li>\n<\/ul>","protected":false},"excerpt":{"rendered":"<p><span style=\"font-size: 100%;\">JRL Neck Duster Black pentru perierea p\u0103rului fin dup\u0103 tundere sau b\u0103rbierit.<\/span><span style=\"font-size: 100%;\"><\/span><\/p>\n","protected":false},"featured_media":4975,"template":"","meta":[],"product_brand":[],"product_cat":[29,131],"product_tag":[],"class_list":{"0":"post-4974","1":"product","2":"type-product","3":"status-publish","4":"has-post-thumbnail","6":"product_cat-accesorii","7":"product_cat-piepteni-si-perii","8":"pa_brand-jrl-professional","9":"pa_felul-produsului-tip-pamatuf","10":"pa_producator-china","12":"first","13":"instock","14":"shipping-taxable","15":"purchasable","16":"product-type-simple"},"_links":{"self":[{"href":"https:\/\/cool-style.md\/ro\/wp-json\/wp\/v2\/product\/4974","targetHints":{"allow":["GET"]}}],"collection":[{"href":"https:\/\/cool-style.md\/ro\/wp-json\/wp\/v2\/product"}],"about":[{"href":"https:\/\/cool-style.md\/ro\/wp-json\/wp\/v2\/types\/product"}],"wp:featuredmedia":[{"embeddable":true,"href":"https:\/\/cool-style.md\/ro\/wp-json\/wp\/v2\/media\/4975"}],"wp:attachment":[{"href":"https:\/\/cool-style.md\/ro\/wp-json\/wp\/v2\/media?parent=4974"}],"wp:term":[{"taxonomy":"product_brand","embeddable":true,"href":"https:\/\/cool-style.md\/ro\/wp-json\/wp\/v2\/product_brand?post=4974"},{"taxonomy":"product_cat","embeddable":true,"href":"https:\/\/cool-style.md\/ro\/wp-json\/wp\/v2\/product_cat?post=4974"},{"taxonomy":"product_tag","embeddable":true,"href":"https:\/\/cool-style.md\/ro\/wp-json\/wp\/v2\/product_tag?post=4974"}],"curies":[{"name":"wp","href":"https:\/\/api.w.org\/{rel}","templated":true}]}}