{"id":4977,"date":"2025-04-10T17:58:58","date_gmt":"2025-04-10T17:58:58","guid":{"rendered":"https:\/\/cool-style.md\/?post_type=product&#038;p=4977"},"modified":"2026-01-12T19:42:15","modified_gmt":"2026-01-12T19:42:15","slug":"jrl-premium-double-sided-hair-beard-brush","status":"publish","type":"product","link":"https:\/\/cool-style.md\/ro\/product\/jrl-premium-double-sided-hair-beard-brush\/","title":{"rendered":"Perie pentru p\u0103r \u0219i barb\u0103 cu dou\u0103 fe\u021be JRL Premium Double-Sided Hair &#038; Beard Brush"},"content":{"rendered":"<h2><span style=\"font-size: 75%;\">Perie pentru p\u0103r \u0219i barb\u0103 cu dou\u0103 fe\u021be JRL Premium Double-Sided Hair &amp; Beard Brush<\/span><\/h2>\n<div>\n<p><a href=\"https:\/\/cool-style.md\/wp-content\/uploads\/2025\/04\/Cool-style.md-JRL-Premium-Double-Sided-Hair-Beard-Brush-.jpg\"><img decoding=\"async\" class=\" wp-image-4978 alignleft\" src=\"https:\/\/cool-style.md\/wp-content\/uploads\/2025\/04\/Cool-style.md-JRL-Premium-Double-Sided-Hair-Beard-Brush--400x400.jpg\" alt=\"Cool-style.md JRL Premium Double-Sided Hair &amp; Beard Brush\" width=\"270\" height=\"270\" srcset=\"https:\/\/cool-style.md\/wp-content\/uploads\/2025\/04\/Cool-style.md-JRL-Premium-Double-Sided-Hair-Beard-Brush--400x400.jpg 400w, https:\/\/cool-style.md\/wp-content\/uploads\/2025\/04\/Cool-style.md-JRL-Premium-Double-Sided-Hair-Beard-Brush--800x800.jpg 800w, https:\/\/cool-style.md\/wp-content\/uploads\/2025\/04\/Cool-style.md-JRL-Premium-Double-Sided-Hair-Beard-Brush--280x280.jpg 280w, https:\/\/cool-style.md\/wp-content\/uploads\/2025\/04\/Cool-style.md-JRL-Premium-Double-Sided-Hair-Beard-Brush--768x768.jpg 768w, https:\/\/cool-style.md\/wp-content\/uploads\/2025\/04\/Cool-style.md-JRL-Premium-Double-Sided-Hair-Beard-Brush--300x300.jpg 300w, https:\/\/cool-style.md\/wp-content\/uploads\/2025\/04\/Cool-style.md-JRL-Premium-Double-Sided-Hair-Beard-Brush--510x510.jpg 510w, https:\/\/cool-style.md\/wp-content\/uploads\/2025\/04\/Cool-style.md-JRL-Premium-Double-Sided-Hair-Beard-Brush--100x100.jpg 100w, https:\/\/cool-style.md\/wp-content\/uploads\/2025\/04\/Cool-style.md-JRL-Premium-Double-Sided-Hair-Beard-Brush-.jpg 1500w\" sizes=\"(max-width: 270px) 100vw, 270px\" \/><\/a>Peria pentru p\u0103r \u0219i barb\u0103 de la produc\u0103torul <a href=\"https:\/\/www.jrlusa.com\/\" target=\"_blank\" rel=\"noopener\">JRL Professional<\/a> este un <a href=\"https:\/\/cool-style.md\/ru\/accesorii\/\">accesoriu<\/a> esen\u021bial pentru orice salon. Aceast\u0103 perie este ideal\u0103 pentru toate tipurile de p\u0103r \u0219i barb\u0103. Peria este fabricat\u0103 din 100% peri de mistre\u021b de \u00eenalt\u0103 calitate pe o parte \u0219i peri sintetici moi pe cealalt\u0103 parte. Periile sintetice moi sunt ideale pentru scalpurile sensibile, ajut\u00e2nd la prevenirea ruperii p\u0103rului \u0219i la reducerea \u00eencre\u021birii pentru un styling cu valuri dorit. Periile premium de mistre\u021b distribuie uniform gr\u0103simea pe scalp pentru o str\u0103lucire natural\u0103 \u0219i o formare \u00eembun\u0103t\u0103\u021bit\u0103 a ondul\u0103rilor. M\u00e2nerul din lemn canelat ofer\u0103 confort maxim.<\/p>\n<\/div>","protected":false},"excerpt":{"rendered":"<p><span style=\"font-size: 100%;\">JRL Premium Double-Sided Hair &amp; Beard Brush ideal\u0103 pentru toate tipurile de p\u0103r \u0219i barb\u0103.<\/span><span style=\"font-size: 100%;\"><\/span><\/p>\n","protected":false},"featured_media":4979,"template":"","meta":[],"product_brand":[],"product_cat":[29,131],"product_tag":[],"class_list":{"0":"post-4977","1":"product","2":"type-product","3":"status-publish","4":"has-post-thumbnail","6":"product_cat-accesorii","7":"product_cat-piepteni-si-perii","8":"pa_brand-jrl-professional","9":"pa_felul-produsului-tip-pieptene","10":"pa_producator-china","12":"first","13":"instock","14":"shipping-taxable","15":"purchasable","16":"product-type-simple"},"_links":{"self":[{"href":"https:\/\/cool-style.md\/ro\/wp-json\/wp\/v2\/product\/4977","targetHints":{"allow":["GET"]}}],"collection":[{"href":"https:\/\/cool-style.md\/ro\/wp-json\/wp\/v2\/product"}],"about":[{"href":"https:\/\/cool-style.md\/ro\/wp-json\/wp\/v2\/types\/product"}],"wp:featuredmedia":[{"embeddable":true,"href":"https:\/\/cool-style.md\/ro\/wp-json\/wp\/v2\/media\/4979"}],"wp:attachment":[{"href":"https:\/\/cool-style.md\/ro\/wp-json\/wp\/v2\/media?parent=4977"}],"wp:term":[{"taxonomy":"product_brand","embeddable":true,"href":"https:\/\/cool-style.md\/ro\/wp-json\/wp\/v2\/product_brand?post=4977"},{"taxonomy":"product_cat","embeddable":true,"href":"https:\/\/cool-style.md\/ro\/wp-json\/wp\/v2\/product_cat?post=4977"},{"taxonomy":"product_tag","embeddable":true,"href":"https:\/\/cool-style.md\/ro\/wp-json\/wp\/v2\/product_tag?post=4977"}],"curies":[{"name":"wp","href":"https:\/\/api.w.org\/{rel}","templated":true}]}}