{"id":4988,"date":"2025-04-10T18:21:01","date_gmt":"2025-04-10T18:21:01","guid":{"rendered":"https:\/\/cool-style.md\/?post_type=product&#038;p=4988"},"modified":"2025-04-10T18:22:03","modified_gmt":"2025-04-10T18:22:03","slug":"jrl-mixed-bristle-round-brush-jrl-br25","status":"publish","type":"product","link":"https:\/\/cool-style.md\/ro\/product\/jrl-mixed-bristle-round-brush-jrl-br25\/","title":{"rendered":"Perie termic\u0103 pentru styling cu peri amesteca\u021bi JRL Mixed Bristle Round Brush JRL-BR25"},"content":{"rendered":"<h2><span style=\"font-size: 75%;\">Perie termic\u0103 pentru styling cu peri amesteca\u021bi JRL Mixed Bristle Round Brush JRL-BR25<\/span><\/h2>\n<div>\n<p><a href=\"https:\/\/cool-style.md\/wp-content\/uploads\/2025\/04\/Cool-style.md-JRL-Mixed-Bristle-Round-Brush-e1744309074685.webp\"><img decoding=\"async\" class=\" wp-image-4983 alignleft\" src=\"https:\/\/cool-style.md\/wp-content\/uploads\/2025\/04\/Cool-style.md-JRL-Mixed-Bristle-Round-Brush-e1744309074685-668x400.webp\" alt=\"Cool-style.md JRL Mixed Bristle Round Brush\" width=\"367\" height=\"220\" srcset=\"https:\/\/cool-style.md\/wp-content\/uploads\/2025\/04\/Cool-style.md-JRL-Mixed-Bristle-Round-Brush-e1744309074685-668x400.webp 668w, https:\/\/cool-style.md\/wp-content\/uploads\/2025\/04\/Cool-style.md-JRL-Mixed-Bristle-Round-Brush-e1744309074685-1336x800.webp 1336w, https:\/\/cool-style.md\/wp-content\/uploads\/2025\/04\/Cool-style.md-JRL-Mixed-Bristle-Round-Brush-e1744309074685-768x460.webp 768w, https:\/\/cool-style.md\/wp-content\/uploads\/2025\/04\/Cool-style.md-JRL-Mixed-Bristle-Round-Brush-e1744309074685-1536x920.webp 1536w, https:\/\/cool-style.md\/wp-content\/uploads\/2025\/04\/Cool-style.md-JRL-Mixed-Bristle-Round-Brush-e1744309074685-510x305.webp 510w, https:\/\/cool-style.md\/wp-content\/uploads\/2025\/04\/Cool-style.md-JRL-Mixed-Bristle-Round-Brush-e1744309074685.webp 1920w\" sizes=\"(max-width: 367px) 100vw, 367px\" \/><\/a>Peria termic\u0103 de la produc\u0103torul <a href=\"https:\/\/www.jrlusa.com\/\" target=\"_blank\" rel=\"noopener\">JRL Professional<\/a> este un <a href=\"https:\/\/www.jrlusa.com\/\" target=\"_blank\" rel=\"noopener\">accesoriu<\/a> esen\u021bial pentru orice salon. \u00cembun\u0103t\u0103\u021bi\u021bi aspectul clien\u021bilor dvs. \u0219i maximiza\u021bi flerul dvs. artistic cu perii rotunde profesionale. Conceput\u0103 pentru versatilitate \u0219i durabilitate, peria rotund\u0103 ofer\u0103 o calitate excep\u021bional\u0103 la fiecare blowout.<\/p>\n<ul>\n<li><strong>Peri ionici Multiplex:<\/strong> piept\u0103nare neted\u0103 combinat\u0103 cu peri ondula\u021bi pentru aderen\u021b\u0103, tensiune, volum \u0219i form\u0103 \u00eembun\u0103t\u0103\u021bite;<\/li>\n<li><strong>Uscare \u0219i styling rapide:<\/strong> aerul curge prin spa\u021biul format de peri ondula\u021bi, asigur\u00e2nd o uscare eficient\u0103;<\/li>\n<li><strong>Construc\u021bie rigid\u0103 a periilor:<\/strong> asigur\u0103 o tensiune perfect\u0103 pentru un styling neted \u0219i impecabil;<\/li>\n<li><strong>Corp IGC:<\/strong> Corpul ceramic cu grafen ionic ad\u0103ugat asigur\u0103 o conducere uniform\u0103 a c\u0103ldurii atunci c\u00e2nd este utilizat cu usc\u0103torul de p\u0103r;<\/li>\n<li><strong>Func\u021bie inovatoare activat\u0103 de c\u0103ldur\u0103:<\/strong> culoarea cilindrului se schimb\u0103 de la negru la auriu atunci c\u00e2nd este \u00eenc\u0103lzit;<\/li>\n<li><strong>V\u00e2rfuri rotunjite ale periilor:<\/strong> protejeaz\u0103 p\u0103rul \u0219i scalpul, prevenind zg\u00e2rieturile \u0219i deteriorarea;<\/li>\n<li><strong>Design ergonomic u\u0219or:<\/strong> asigur\u0103 confort \u00een timpul sesiunilor de coafare;<\/li>\n<li><strong>Design continuu al m\u00e2nerului:<\/strong> previne blocarea p\u0103rului \u00een timpul coaf\u0103rii cu usc\u0103torul de p\u0103r.<\/li>\n<li><strong>Diametru:<\/strong> 25 mm.<\/li>\n<\/ul>\n<\/div>","protected":false},"excerpt":{"rendered":"<p><span style=\"font-size: 100%;\">JRL Mixed Bristle Round Brush JRL-BR25 conceput\u0103 pentru versatilitate \u0219i durabilitate, peria rotund\u0103 ofer\u0103 o calitate excep\u021bional\u0103 la fiecare blowout.<\/span><span style=\"font-size: 100%;\"><\/span><\/p>\n","protected":false},"featured_media":4989,"template":"","meta":[],"product_brand":[],"product_cat":[29,131],"product_tag":[],"class_list":{"0":"post-4988","1":"product","2":"type-product","3":"status-publish","4":"has-post-thumbnail","6":"product_cat-accesorii","7":"product_cat-piepteni-si-perii","8":"pa_brand-jrl-professional","9":"pa_felul-produsului-tip-pieptene","10":"pa_producator-china","12":"first","13":"instock","14":"shipping-taxable","15":"purchasable","16":"product-type-simple"},"_links":{"self":[{"href":"https:\/\/cool-style.md\/ro\/wp-json\/wp\/v2\/product\/4988","targetHints":{"allow":["GET"]}}],"collection":[{"href":"https:\/\/cool-style.md\/ro\/wp-json\/wp\/v2\/product"}],"about":[{"href":"https:\/\/cool-style.md\/ro\/wp-json\/wp\/v2\/types\/product"}],"wp:featuredmedia":[{"embeddable":true,"href":"https:\/\/cool-style.md\/ro\/wp-json\/wp\/v2\/media\/4989"}],"wp:attachment":[{"href":"https:\/\/cool-style.md\/ro\/wp-json\/wp\/v2\/media?parent=4988"}],"wp:term":[{"taxonomy":"product_brand","embeddable":true,"href":"https:\/\/cool-style.md\/ro\/wp-json\/wp\/v2\/product_brand?post=4988"},{"taxonomy":"product_cat","embeddable":true,"href":"https:\/\/cool-style.md\/ro\/wp-json\/wp\/v2\/product_cat?post=4988"},{"taxonomy":"product_tag","embeddable":true,"href":"https:\/\/cool-style.md\/ro\/wp-json\/wp\/v2\/product_tag?post=4988"}],"curies":[{"name":"wp","href":"https:\/\/api.w.org\/{rel}","templated":true}]}}