{"id":5006,"date":"2025-04-11T16:14:54","date_gmt":"2025-04-11T16:14:54","guid":{"rendered":"https:\/\/cool-style.md\/?post_type=product&#038;p=5006"},"modified":"2025-04-11T17:23:07","modified_gmt":"2025-04-11T17:23:07","slug":"jrl-barber-blending-comb-jrl-202red","status":"publish","type":"product","link":"https:\/\/cool-style.md\/ro\/product\/jrl-barber-blending-comb-jrl-202red\/","title":{"rendered":"Pieptene pentru blading, fading, taping JRL Barber Blending Comb JRL-202RED"},"content":{"rendered":"<h2><span style=\"font-size: 75%;\">Pieptene pentru blading, fading, taping\u00a0JRL Barber Blending Comb JRL-202RED<\/span><\/h2>\n<div>\n<p>Pieptene de la produc\u0103torul <a href=\"https:\/\/www.jrlusa.com\/\" target=\"_blank\" rel=\"noopener\">JRL Professional<\/a> este un <a href=\"https:\/\/cool-style.md\/ru\/accesorii\/\">accesoriu<\/a> esen\u021bial pentru orice salon. Designul unic al v\u00e2rfului concav v\u0103 ajut\u0103 s\u0103 men\u021bine\u021bi un control precis al unghiului de 90\u00b0, fiind ideal pentru tranzi\u021bii line, blading \u0219i taping. Din\u021bii fini patenta\u021bi cu design canelat ajut\u0103 la ridicarea p\u0103rului. Pieptenele are un m\u00e2ner confortabil anti-alunecare.<\/p>\n<ul>\n<li>Rezisten\u021b\u0103 termic\u0103 pe termen lung, p\u00e2n\u0103 la 464 F \u0219i rezisten\u021b\u0103 chimic\u0103 excelent\u0103<\/li>\n<li>Din\u021bi rotunzi confortabili, moi la atingere, dar puternici \u0219i rezisten\u021bi.<\/li>\n<li>Fabricat cu tehnologie ceramic\u0103, elimin\u0103 electricitatea static\u0103, accelereaz\u0103 procesul de uscare \u0219i creeaz\u0103 un rezultat neted \u0219i str\u0103lucitor.<\/li>\n<li>Lungime: 24,5 cm.<\/li>\n<li>Culoare: ro\u0219u.<\/li>\n<\/ul>\n<\/div>","protected":false},"excerpt":{"rendered":"<p><span style=\"font-size: 100%;\">JRL Barber Blending Comb JRL-202RED &#8211; un pieptene profesional creat pentru coafori \u0219i frizerii care se str\u0103duiesc s\u0103 ob\u021bin\u0103 o precizie perfect\u0103 \u00een munca lor.<\/span><span style=\"font-size: 100%;\"><\/span><\/p>\n","protected":false},"featured_media":5007,"template":"","meta":[],"product_brand":[],"product_cat":[29,131],"product_tag":[],"class_list":{"0":"post-5006","1":"product","2":"type-product","3":"status-publish","4":"has-post-thumbnail","6":"product_cat-accesorii","7":"product_cat-piepteni-si-perii","8":"pa_brand-jrl-professional","9":"pa_felul-produsului-tip-pieptene","10":"pa_producator-china","12":"first","13":"instock","14":"shipping-taxable","15":"purchasable","16":"product-type-simple"},"_links":{"self":[{"href":"https:\/\/cool-style.md\/ro\/wp-json\/wp\/v2\/product\/5006","targetHints":{"allow":["GET"]}}],"collection":[{"href":"https:\/\/cool-style.md\/ro\/wp-json\/wp\/v2\/product"}],"about":[{"href":"https:\/\/cool-style.md\/ro\/wp-json\/wp\/v2\/types\/product"}],"wp:featuredmedia":[{"embeddable":true,"href":"https:\/\/cool-style.md\/ro\/wp-json\/wp\/v2\/media\/5007"}],"wp:attachment":[{"href":"https:\/\/cool-style.md\/ro\/wp-json\/wp\/v2\/media?parent=5006"}],"wp:term":[{"taxonomy":"product_brand","embeddable":true,"href":"https:\/\/cool-style.md\/ro\/wp-json\/wp\/v2\/product_brand?post=5006"},{"taxonomy":"product_cat","embeddable":true,"href":"https:\/\/cool-style.md\/ro\/wp-json\/wp\/v2\/product_cat?post=5006"},{"taxonomy":"product_tag","embeddable":true,"href":"https:\/\/cool-style.md\/ro\/wp-json\/wp\/v2\/product_tag?post=5006"}],"curies":[{"name":"wp","href":"https:\/\/api.w.org\/{rel}","templated":true}]}}