{"id":5010,"date":"2025-04-11T16:32:01","date_gmt":"2025-04-11T16:32:01","guid":{"rendered":"https:\/\/cool-style.md\/?post_type=product&#038;p=5010"},"modified":"2025-04-11T16:34:58","modified_gmt":"2025-04-11T16:34:58","slug":"jrl-barbering-comb-jrl-204red","status":"publish","type":"product","link":"https:\/\/cool-style.md\/ro\/product\/jrl-barbering-comb-jrl-204red\/","title":{"rendered":"Pieptene de tuns JRL Barbering Comb JRL-204RED"},"content":{"rendered":"<h2><span style=\"font-size: 75%;\">Pieptene de tuns JRL Barbering Comb JRL-204RED<\/span><\/h2>\n<div>\n<p>Pieptene de la produc\u0103torul <a href=\"https:\/\/www.jrlusa.com\/\" target=\"_blank\" rel=\"noopener\">JRL Professional<\/a> este un <a href=\"https:\/\/cool-style.md\/ru\/accesorii\/\">accesoriu<\/a> esen\u021bial pentru orice salon. Proiectat pentru a oferi cea mai uniform\u0103 tunsoare de p\u0103r posibil\u0103. Din\u021bii fini patenta\u021bi cu design canelat ajut\u0103 la ridicarea p\u0103rului. Pieptenele are un m\u00e2ner confortabil anti-alunecare.<\/p>\n<ul>\n<li>Rezisten\u021b\u0103 termic\u0103 pe termen lung, p\u00e2n\u0103 la 464 F \u0219i rezisten\u021b\u0103 chimic\u0103 excelent\u0103<\/li>\n<li>Din\u021bi rotunzi confortabili, moi la atingere, dar puternici \u0219i rezisten\u021bi.<\/li>\n<li>Fabricat cu tehnologie ceramic\u0103, elimin\u0103 electricitatea static\u0103, accelereaz\u0103 procesul de uscare \u0219i creeaz\u0103 un rezultat neted \u0219i str\u0103lucitor.<\/li>\n<li>Lungime: 21,5 cm.<\/li>\n<li>Culoare: ro\u0219u.<\/li>\n<\/ul>\n<\/div>","protected":false},"excerpt":{"rendered":"<p><span style=\"font-size: 100%;\">JRL Barbering Comb JRL-204RED proiectat pentru a oferi cea mai uniform\u0103 tunsoare de p\u0103r posibil\u0103.<\/span><span style=\"font-size: 100%;\"><\/span><\/p>\n","protected":false},"featured_media":5011,"template":"","meta":[],"product_brand":[],"product_cat":[29,131],"product_tag":[],"class_list":{"0":"post-5010","1":"product","2":"type-product","3":"status-publish","4":"has-post-thumbnail","6":"product_cat-accesorii","7":"product_cat-piepteni-si-perii","8":"pa_brand-jrl-professional","9":"pa_felul-produsului-tip-pieptene","10":"pa_producator-china","12":"first","13":"instock","14":"shipping-taxable","15":"purchasable","16":"product-type-simple"},"_links":{"self":[{"href":"https:\/\/cool-style.md\/ro\/wp-json\/wp\/v2\/product\/5010","targetHints":{"allow":["GET"]}}],"collection":[{"href":"https:\/\/cool-style.md\/ro\/wp-json\/wp\/v2\/product"}],"about":[{"href":"https:\/\/cool-style.md\/ro\/wp-json\/wp\/v2\/types\/product"}],"wp:featuredmedia":[{"embeddable":true,"href":"https:\/\/cool-style.md\/ro\/wp-json\/wp\/v2\/media\/5011"}],"wp:attachment":[{"href":"https:\/\/cool-style.md\/ro\/wp-json\/wp\/v2\/media?parent=5010"}],"wp:term":[{"taxonomy":"product_brand","embeddable":true,"href":"https:\/\/cool-style.md\/ro\/wp-json\/wp\/v2\/product_brand?post=5010"},{"taxonomy":"product_cat","embeddable":true,"href":"https:\/\/cool-style.md\/ro\/wp-json\/wp\/v2\/product_cat?post=5010"},{"taxonomy":"product_tag","embeddable":true,"href":"https:\/\/cool-style.md\/ro\/wp-json\/wp\/v2\/product_tag?post=5010"}],"curies":[{"name":"wp","href":"https:\/\/api.w.org\/{rel}","templated":true}]}}