{"id":5033,"date":"2025-04-11T17:25:35","date_gmt":"2025-04-11T17:25:35","guid":{"rendered":"https:\/\/cool-style.md\/?post_type=product&#038;p=5033"},"modified":"2025-04-11T17:31:07","modified_gmt":"2025-04-11T17:31:07","slug":"jrl-barber-comb-set-jrl-j002","status":"publish","type":"product","link":"https:\/\/cool-style.md\/ro\/product\/jrl-barber-comb-set-jrl-j002\/","title":{"rendered":"Set de piepteni 101, 102, 301, 304, 305 JRL Barber Comb Set JRL-J002"},"content":{"rendered":"<h2><span style=\"font-size: 75%;\">Set de piepteni JRL Barber Comb Set JRL-J002<\/span><\/h2>\n<div>\n<p>Set de piepteni de la produc\u0103torul <a href=\"https:\/\/www.jrlusa.com\/\" target=\"_blank\" rel=\"noopener\">JRL Professional<\/a> este un <a href=\"https:\/\/cool-style.md\/ru\/accesorii\/\">accesoriu<\/a> esen\u021bial pentru orice salon. Include: <a href=\"https:\/\/cool-style.md\/product\/jrl-fine-teeth-tail-comb-jrl-101red\/\">Pieptene cu din\u021bi fini 101<\/a>, <a href=\"https:\/\/cool-style.md\/product\/jrl-pin-tail-comb-jrl-102red\/\">pieptene cu coad\u0103 metalic\u0103 102<\/a>, <a href=\"https:\/\/cool-style.md\/product\/jrl-precise-cutting-comb-jrl-304red\/\">pieptene de tuns 304<\/a>, <a href=\"https:\/\/cool-style.md\/product\/jrl-precise-cutting-comb-jrl-305red\/\">pieptene de tuns 305<\/a> \u0219i geant\u0103 din piele reciclat\u0103.<\/p>\n<ul>\n<li>Rezisten\u021b\u0103 termic\u0103 pe termen lung, p\u00e2n\u0103 la 464 F \u0219i rezisten\u021b\u0103 chimic\u0103 excelent\u0103<\/li>\n<li>Din\u021bi rotunzi confortabili, moi la atingere, dar puternici \u0219i rezisten\u021bi.<\/li>\n<li>Fabricat cu tehnologie ceramic\u0103, elimin\u0103 electricitatea static\u0103, accelereaz\u0103 procesul de uscare \u0219i creeaz\u0103 un rezultat neted \u0219i str\u0103lucitor.<\/li>\n<li>Culoare: ro\u0219u.<\/li>\n<\/ul>\n<\/div>","protected":false},"excerpt":{"rendered":"<p><span style=\"font-size: 100%;\">JRL Barber Comb Set JRL-J002 ideal pentru p\u0103rul foarte lung \u0219i sub\u021bire.<\/span><span style=\"font-size: 100%;\"><\/span><\/p>\n","protected":false},"featured_media":5035,"template":"","meta":[],"product_brand":[],"product_cat":[29,131],"product_tag":[],"class_list":{"0":"post-5033","1":"product","2":"type-product","3":"status-publish","4":"has-post-thumbnail","6":"product_cat-accesorii","7":"product_cat-piepteni-si-perii","8":"pa_brand-jrl-professional","9":"pa_felul-produsului-tip-pieptene","10":"pa_producator-china","12":"first","13":"instock","14":"shipping-taxable","15":"purchasable","16":"product-type-simple"},"_links":{"self":[{"href":"https:\/\/cool-style.md\/ro\/wp-json\/wp\/v2\/product\/5033","targetHints":{"allow":["GET"]}}],"collection":[{"href":"https:\/\/cool-style.md\/ro\/wp-json\/wp\/v2\/product"}],"about":[{"href":"https:\/\/cool-style.md\/ro\/wp-json\/wp\/v2\/types\/product"}],"wp:featuredmedia":[{"embeddable":true,"href":"https:\/\/cool-style.md\/ro\/wp-json\/wp\/v2\/media\/5035"}],"wp:attachment":[{"href":"https:\/\/cool-style.md\/ro\/wp-json\/wp\/v2\/media?parent=5033"}],"wp:term":[{"taxonomy":"product_brand","embeddable":true,"href":"https:\/\/cool-style.md\/ro\/wp-json\/wp\/v2\/product_brand?post=5033"},{"taxonomy":"product_cat","embeddable":true,"href":"https:\/\/cool-style.md\/ro\/wp-json\/wp\/v2\/product_cat?post=5033"},{"taxonomy":"product_tag","embeddable":true,"href":"https:\/\/cool-style.md\/ro\/wp-json\/wp\/v2\/product_tag?post=5033"}],"curies":[{"name":"wp","href":"https:\/\/api.w.org\/{rel}","templated":true}]}}