{"id":5044,"date":"2025-04-11T17:54:29","date_gmt":"2025-04-11T17:54:29","guid":{"rendered":"https:\/\/cool-style.md\/?post_type=product&#038;p=5044"},"modified":"2025-04-15T17:36:18","modified_gmt":"2025-04-15T17:36:18","slug":"jrl-magnetic-clipper-guard-jrl-g5-3","status":"publish","type":"product","link":"https:\/\/cool-style.md\/ro\/product\/jrl-magnetic-clipper-guard-jrl-g5-3\/","title":{"rendered":"Duz\u0103 magnetic\u0103 pentru ma\u0219inile JRL-2020 3mm JRL Magnetic Clipper Guard JRL-G5-3"},"content":{"rendered":"<h2 style=\"text-align: center;\">Duz\u0103 magnetic\u0103 pentru ma\u0219inile JRL-2020 JRL Magnetic Clipper Guard JRL-G5-3<\/h2>\n<div>Accesorii pentru <a href=\"https:\/\/cool-style.md\/accesorii\/aparate-de-tuns\/\">ma\u0219ini de tuns<\/a> profesionale de la produc\u0103torul <a href=\"https:\/\/www.jrlusa.com\/\" target=\"_blank\" rel=\"noopener\">JRL Professional<\/a>. Noile duze magnetice duble premium pentru ma\u0219ina de tuns se potrivesc majorit\u0103\u021bii ma\u0219inilor de tuns profesionale.<\/div>\n<ul>\n<li>Material: Nylon de \u00eenalt\u0103 calitate, mai u\u0219or, mai moale \u0219i mai durabil dec\u00e2t plasticul obi\u0219nuit;<\/li>\n<li>Design: Designul ergonomic \u00een form\u0103 de arc al accesoriilor protejeaz\u0103 scalpul la atingere, nu se zg\u00e2rie u\u0219or \u0219i ofer\u0103, de asemenea, o tunsoare confortabil\u0103;<\/li>\n<li>Confort \u0219i fixare: se instaleaz\u0103 rapid \u0219i precis pe ma\u0219in\u0103 cu ajutorul unui magnet, fiind \u00een acela\u0219i timp foarte stabile \u0219i durabile;<\/li>\n<li>Dimensiune: 3 mm.<\/li>\n<\/ul>\n<p><span style=\"font-size: 100%;\"><\/span><\/p>","protected":false},"excerpt":{"rendered":"<p><span style=\"font-size: 100%;\">JRL Magnetic Clipper Guard JRL-G5-3 &#8211; duze magnetice duble premium se potrivesc majorit\u0103\u021bii ma\u0219inilor de tuns profesionale.<\/span><span style=\"font-size: 100%;\"><\/span><\/p>\n","protected":false},"featured_media":5045,"template":"","meta":[],"product_brand":[],"product_cat":[29,242],"product_tag":[],"class_list":{"0":"post-5044","1":"product","2":"type-product","3":"status-publish","4":"has-post-thumbnail","6":"product_cat-accesorii","7":"product_cat-lame-si-duze","8":"pa_brand-jrl-professional","9":"pa_felul-produsului-duza","10":"pa_producator-china","12":"first","13":"instock","14":"shipping-taxable","15":"purchasable","16":"product-type-simple"},"_links":{"self":[{"href":"https:\/\/cool-style.md\/ro\/wp-json\/wp\/v2\/product\/5044","targetHints":{"allow":["GET"]}}],"collection":[{"href":"https:\/\/cool-style.md\/ro\/wp-json\/wp\/v2\/product"}],"about":[{"href":"https:\/\/cool-style.md\/ro\/wp-json\/wp\/v2\/types\/product"}],"wp:featuredmedia":[{"embeddable":true,"href":"https:\/\/cool-style.md\/ro\/wp-json\/wp\/v2\/media\/5045"}],"wp:attachment":[{"href":"https:\/\/cool-style.md\/ro\/wp-json\/wp\/v2\/media?parent=5044"}],"wp:term":[{"taxonomy":"product_brand","embeddable":true,"href":"https:\/\/cool-style.md\/ro\/wp-json\/wp\/v2\/product_brand?post=5044"},{"taxonomy":"product_cat","embeddable":true,"href":"https:\/\/cool-style.md\/ro\/wp-json\/wp\/v2\/product_cat?post=5044"},{"taxonomy":"product_tag","embeddable":true,"href":"https:\/\/cool-style.md\/ro\/wp-json\/wp\/v2\/product_tag?post=5044"}],"curies":[{"name":"wp","href":"https:\/\/api.w.org\/{rel}","templated":true}]}}