{"id":5054,"date":"2025-04-11T18:14:39","date_gmt":"2025-04-11T18:14:39","guid":{"rendered":"https:\/\/cool-style.md\/?post_type=product&#038;p=5054"},"modified":"2025-04-15T17:35:58","modified_gmt":"2025-04-15T17:35:58","slug":"jrl-uni-guards-jrl-g3","status":"publish","type":"product","link":"https:\/\/cool-style.md\/ro\/product\/jrl-uni-guards-jrl-g3\/","title":{"rendered":"Set de duze pentru ma\u0219ini de tuns JRL-1040, JRL-1090 8buc JRL Uni-Guards JRL-G3"},"content":{"rendered":"<h2 style=\"text-align: center;\">Set de duze pentru ma\u0219ini de tuns JRL-1040, JRL-1090\u00a0JRL Uni-Guards JRL-G3<\/h2>\n<div>Accesorii pentru <a href=\"https:\/\/cool-style.md\/accesorii\/aparate-de-tuns\/\">ma\u0219ini de tuns<\/a> profesionale de la produc\u0103torul <a href=\"https:\/\/www.jrlusa.com\/\" target=\"_blank\" rel=\"noopener\">JRL Professional<\/a>. Special conceput pentru a modifica lungimea de t\u0103iere \u00een intervalul 0,8\u201316 mm. Setul vine cu 8 accesorii fabricate din plastic de \u00eenalt\u0103 calitate \u0219i durabil. Sunt u\u0219or de pus, se fixeaz\u0103 \u00een siguran\u021b\u0103 pe ma\u0219in\u0103 \u0219i sunt u\u0219or de \u00eendep\u0103rtat. \u00cen acest fel, po\u021bi crea orice tunsoare cu tranzi\u021bii, gradiente \u0219i estompare. Dimensiune: 0,8 mm, 1,5 mm, 3 mm, 4,5 mm, 6 mm, 10 mm, 13 mm, 16 mm.<\/div>\n<p><span style=\"font-size: 100%;\"><\/span><\/p>","protected":false},"excerpt":{"rendered":"<p><span style=\"font-size: 100%;\">JRLJRL Uni-Guards JRL-G3 &#8211; setul include 8 duze fabricate din plastic de \u00eenalt\u0103 calitate \u0219i durabil.<\/span><span style=\"font-size: 100%;\"><\/span><\/p>\n","protected":false},"featured_media":5055,"template":"","meta":[],"product_brand":[],"product_cat":[29,242],"product_tag":[],"class_list":{"0":"post-5054","1":"product","2":"type-product","3":"status-publish","4":"has-post-thumbnail","6":"product_cat-accesorii","7":"product_cat-lame-si-duze","8":"pa_brand-jrl-professional","9":"pa_felul-produsului-duza","10":"pa_producator-china","12":"first","13":"instock","14":"shipping-taxable","15":"purchasable","16":"product-type-simple"},"_links":{"self":[{"href":"https:\/\/cool-style.md\/ro\/wp-json\/wp\/v2\/product\/5054","targetHints":{"allow":["GET"]}}],"collection":[{"href":"https:\/\/cool-style.md\/ro\/wp-json\/wp\/v2\/product"}],"about":[{"href":"https:\/\/cool-style.md\/ro\/wp-json\/wp\/v2\/types\/product"}],"wp:featuredmedia":[{"embeddable":true,"href":"https:\/\/cool-style.md\/ro\/wp-json\/wp\/v2\/media\/5055"}],"wp:attachment":[{"href":"https:\/\/cool-style.md\/ro\/wp-json\/wp\/v2\/media?parent=5054"}],"wp:term":[{"taxonomy":"product_brand","embeddable":true,"href":"https:\/\/cool-style.md\/ro\/wp-json\/wp\/v2\/product_brand?post=5054"},{"taxonomy":"product_cat","embeddable":true,"href":"https:\/\/cool-style.md\/ro\/wp-json\/wp\/v2\/product_cat?post=5054"},{"taxonomy":"product_tag","embeddable":true,"href":"https:\/\/cool-style.md\/ro\/wp-json\/wp\/v2\/product_tag?post=5054"}],"curies":[{"name":"wp","href":"https:\/\/api.w.org\/{rel}","templated":true}]}}