{"id":5121,"date":"2025-04-15T16:41:06","date_gmt":"2025-04-15T16:41:06","guid":{"rendered":"https:\/\/cool-style.md\/?post_type=product&#038;p=5121"},"modified":"2025-04-15T17:35:56","modified_gmt":"2025-04-15T17:35:56","slug":"jrl-standard-taper-blade-silver-ff2020","status":"publish","type":"product","link":"https:\/\/cool-style.md\/ro\/product\/jrl-standard-taper-blade-silver-ff2020\/","title":{"rendered":"Cu\u021bit standart pentru ma\u0219ina de tuns FF2020 JRL Standard Taper Blade Silver FF2020"},"content":{"rendered":"<h2 style=\"text-align: center;\">Cu\u021bit standart pentru ma\u0219ina de tuns JRL Standard Taper Blade Silver FF2020<\/h2>\n<div>Lam\u0103 conic\u0103 standard pentru<a href=\"https:\/\/cool-style.md\/accesorii\/aparate-de-tuns\/\"> ma\u0219ini de tuns<\/a> profesionale de la produc\u0103torul <a href=\"https:\/\/www.jrlusa.com\/\" target=\"_blank\" rel=\"noopener\">JRL Professional<\/a>. Set de lame mobil\u0103 \u0219i fix\u0103 cu acoperire din aluminiu. Lamele din o\u021bel inoxidabil sunt durabile, se autoascu\u021besc \u0219i r\u0103m\u00e2n ascu\u021bite la fiecare t\u0103ietur\u0103. Potrivit pentru alte m\u0103rci populare.<\/div>\n<div><\/div>\n<div><strong>Culoare:<\/strong> argintiu<\/div>\n<p><span style=\"font-size: 100%;\"><\/span><\/p>","protected":false},"excerpt":{"rendered":"<p><span style=\"font-size: 100%;\">JRL Standard Taper Blade Silver FF2020 &#8211; lam\u0103 pentru aparat profesional pentru tuns.<\/span><span style=\"font-size: 100%;\"><\/span><\/p>\n","protected":false},"featured_media":5123,"template":"","meta":[],"product_brand":[],"product_cat":[29,242],"product_tag":[],"class_list":{"0":"post-5121","1":"product","2":"type-product","3":"status-publish","4":"has-post-thumbnail","6":"product_cat-accesorii","7":"product_cat-lame-si-duze","8":"pa_brand-jrl-professional","9":"pa_felul-produsului-lama","10":"pa_producator-china","12":"first","13":"instock","14":"shipping-taxable","15":"purchasable","16":"product-type-simple"},"_links":{"self":[{"href":"https:\/\/cool-style.md\/ro\/wp-json\/wp\/v2\/product\/5121","targetHints":{"allow":["GET"]}}],"collection":[{"href":"https:\/\/cool-style.md\/ro\/wp-json\/wp\/v2\/product"}],"about":[{"href":"https:\/\/cool-style.md\/ro\/wp-json\/wp\/v2\/types\/product"}],"wp:featuredmedia":[{"embeddable":true,"href":"https:\/\/cool-style.md\/ro\/wp-json\/wp\/v2\/media\/5123"}],"wp:attachment":[{"href":"https:\/\/cool-style.md\/ro\/wp-json\/wp\/v2\/media?parent=5121"}],"wp:term":[{"taxonomy":"product_brand","embeddable":true,"href":"https:\/\/cool-style.md\/ro\/wp-json\/wp\/v2\/product_brand?post=5121"},{"taxonomy":"product_cat","embeddable":true,"href":"https:\/\/cool-style.md\/ro\/wp-json\/wp\/v2\/product_cat?post=5121"},{"taxonomy":"product_tag","embeddable":true,"href":"https:\/\/cool-style.md\/ro\/wp-json\/wp\/v2\/product_tag?post=5121"}],"curies":[{"name":"wp","href":"https:\/\/api.w.org\/{rel}","templated":true}]}}