{"id":514,"date":"2021-12-13T08:07:18","date_gmt":"2021-12-13T08:07:18","guid":{"rendered":"https:\/\/cool-style.md\/?post_type=product&#038;p=514"},"modified":"2026-01-05T19:21:03","modified_gmt":"2026-01-05T19:21:03","slug":"nishman-hair-building-light-brown","status":"publish","type":"product","link":"https:\/\/cool-style.md\/ro\/product\/nishman-hair-building-light-brown\/","title":{"rendered":"Set fibre pentru p\u0103rul rar Nishman Hair Building Keratin Fiber 2in1 Light Brown"},"content":{"rendered":"<h2><span style=\"font-size: 75%;\">Produs de \u00eengro\u0219are a p\u0103rului cu fibre cheratinice <a href=\"https:\/\/nishman.com.tr\/\" target=\"_blank\" rel=\"noopener\">Nishman<\/a> Hair Building Keratin Fiber 2in1 Light Brown<\/span><\/h2>\n<ul>\n<li>Produsul con\u021bine fibre cheratinice;<\/li>\n<li>Pute\u021bi face p\u0103rul sub\u021biere mai gros \u00een doar 30 de secunde;<\/li>\n<li>Sunt doar doi pa\u0219i simpli pentru a ob\u021bine un p\u0103r gros \u0219i natural;<\/li>\n<li>Solu\u021bia optim\u0103 pentru femei \u0219i b\u0103rba\u021bi;<\/li>\n<li>Se spala usor cu sampon;<\/li>\n<li>Potrivit pentru toate tipurile de p\u0103r.<\/li>\n<\/ul>\n<p><img decoding=\"async\" class=\"size-medium wp-image-433 alignleft\" src=\"https:\/\/cool-style.md\/wp-content\/uploads\/2021\/12\/Nishman-Hair-Building-Keratin-Fiber-2in1-400x400.jpg\" alt=\"Nishman Hair Building Keratin Fiber 2in1\" width=\"400\" height=\"400\" srcset=\"https:\/\/cool-style.md\/wp-content\/uploads\/2021\/12\/Nishman-Hair-Building-Keratin-Fiber-2in1-400x400.jpg 400w, https:\/\/cool-style.md\/wp-content\/uploads\/2021\/12\/Nishman-Hair-Building-Keratin-Fiber-2in1-300x300.jpg 300w, https:\/\/cool-style.md\/wp-content\/uploads\/2021\/12\/Nishman-Hair-Building-Keratin-Fiber-2in1-100x100.jpg 100w, https:\/\/cool-style.md\/wp-content\/uploads\/2021\/12\/Nishman-Hair-Building-Keratin-Fiber-2in1-510x510.jpg 510w, https:\/\/cool-style.md\/wp-content\/uploads\/2021\/12\/Nishman-Hair-Building-Keratin-Fiber-2in1-800x800.jpg 800w, https:\/\/cool-style.md\/wp-content\/uploads\/2021\/12\/Nishman-Hair-Building-Keratin-Fiber-2in1-280x280.jpg 280w, https:\/\/cool-style.md\/wp-content\/uploads\/2021\/12\/Nishman-Hair-Building-Keratin-Fiber-2in1-768x768.jpg 768w, https:\/\/cool-style.md\/wp-content\/uploads\/2021\/12\/Nishman-Hair-Building-Keratin-Fiber-2in1-247x247.jpg 247w, https:\/\/cool-style.md\/wp-content\/uploads\/2021\/12\/Nishman-Hair-Building-Keratin-Fiber-2in1.jpg 960w\" sizes=\"(max-width: 400px) 100vw, 400px\" \/>Setul este format din dou\u0103 elemente &#8211; un agent de \u00eengro\u0219are \u0219i un spray de fixare. Agentul de ingrosare va adauga volum <a href=\"https:\/\/cool-style.md\/ro\/product-category\/cosmetice-barbati\/ingrijirea-par-barbati\/\">parului<\/a> care se rarieste, iar spray-ul va ajuta la coafarea si fixarea rezultatului.<\/p>\n<p><strong>Culoarea:<\/strong> maro deschis<\/p>\n<p><strong>Volum:<\/strong> 100 ml + 20 gr<\/p>\n<p><strong>Mod de utilizare:<\/strong> Asigura\u021bi-v\u0103 c\u0103 p\u0103rul este curat \u0219i uscat \u00eenainte de utilizare. Pentru o potrivire perfecta a fibrelor cheratinice, parul trebuie sa aiba cel putin 2 cm lungime.Stropiti fibrele in aceasta zona pana sunt acoperite complet. Piept\u0103na\u021bi bine p\u0103rul pentru a distribui fibrele \u00een mod uniform. Pentru fixare, pulveriza\u021bi de la o distan\u021b\u0103 de aprox. Aplica\u021bi 15 cm de Fibrehold Spray pe zona fibrelor cheratinice.<\/p>\n<p><strong>Aten\u021bie:<\/strong> numai pentru uz extern. A se pastra departe de caldura si lumina soarelui. \u00cen caz de contact cu ochii, cl\u0103ti\u021bi cu mult\u0103 ap\u0103. A nu se lasa la indemana copiilor.<\/p>","protected":false},"excerpt":{"rendered":"<p><span style=\"font-size: 100%;\">Nishman Hair Building Keratin Fiber 2in1 Light Brown \u043f\u0440\u0438\u0434\u0430\u0441\u0442 \u043e\u0431\u044a\u0451\u043c \u043f\u043e\u0440\u0435\u0434\u0435\u0432\u0448\u0438\u043c \u0432\u043e\u043b\u043e\u0441\u0430\u043c.<\/span><\/p>\n","protected":false},"featured_media":516,"template":"","meta":[],"product_brand":[],"product_cat":[31],"product_tag":[],"class_list":{"0":"post-514","1":"product","2":"type-product","3":"status-publish","4":"has-post-thumbnail","6":"product_cat-ingrijirea-par-barbati","7":"pa_brand-nishman","8":"pa_culoarea-maro-deschis","9":"pa_producator-turcia","10":"pa_volum-100ml-20gr","12":"first","13":"instock","14":"featured","15":"shipping-taxable","16":"purchasable","17":"product-type-simple"},"_links":{"self":[{"href":"https:\/\/cool-style.md\/ro\/wp-json\/wp\/v2\/product\/514","targetHints":{"allow":["GET"]}}],"collection":[{"href":"https:\/\/cool-style.md\/ro\/wp-json\/wp\/v2\/product"}],"about":[{"href":"https:\/\/cool-style.md\/ro\/wp-json\/wp\/v2\/types\/product"}],"wp:featuredmedia":[{"embeddable":true,"href":"https:\/\/cool-style.md\/ro\/wp-json\/wp\/v2\/media\/516"}],"wp:attachment":[{"href":"https:\/\/cool-style.md\/ro\/wp-json\/wp\/v2\/media?parent=514"}],"wp:term":[{"taxonomy":"product_brand","embeddable":true,"href":"https:\/\/cool-style.md\/ro\/wp-json\/wp\/v2\/product_brand?post=514"},{"taxonomy":"product_cat","embeddable":true,"href":"https:\/\/cool-style.md\/ro\/wp-json\/wp\/v2\/product_cat?post=514"},{"taxonomy":"product_tag","embeddable":true,"href":"https:\/\/cool-style.md\/ro\/wp-json\/wp\/v2\/product_tag?post=514"}],"curies":[{"name":"wp","href":"https:\/\/api.w.org\/{rel}","templated":true}]}}