{"id":5144,"date":"2025-04-17T17:39:09","date_gmt":"2025-04-17T17:39:09","guid":{"rendered":"https:\/\/cool-style.md\/?post_type=product&#038;p=5144"},"modified":"2026-01-12T19:38:55","modified_gmt":"2026-01-12T19:38:55","slug":"jrl-forte-pro-feather-dryer-combo-kit","status":"publish","type":"product","link":"https:\/\/cool-style.md\/ro\/product\/jrl-forte-pro-feather-dryer-combo-kit\/","title":{"rendered":"Set usc\u0103tor de p\u0103r FP2020L \u0219i pulverizator A16 JRL Forte Pro Feather Dryer Combo Kit"},"content":{"rendered":"<h2 style=\"text-align: center;\">Set usc\u0103tor de p\u0103r \u0219i pulverizator JRL Forte Pro Feather Dryer Combo Kit<\/h2>\n<p><span style=\"font-size: 100%;\"><strong>Setul include c\u00e2te unul din fiecare: usc\u0103tor de p\u0103r FP2020L, 1 carcas\u0103, 1 sticl\u0103 pulverizatoare, 2 duze.<\/strong><\/span><\/p>\n<div>\n<p class=\"\"><span style=\"font-size: 100%;\"><a href=\"https:\/\/cool-style.md\/wp-content\/uploads\/2025\/04\/Cool-style.md-JRL-Forte-Pro-Feather-Dryer-1.jpg\"><img decoding=\"async\" class=\"wp-image-5145 alignleft\" src=\"https:\/\/cool-style.md\/wp-content\/uploads\/2025\/04\/Cool-style.md-JRL-Forte-Pro-Feather-Dryer-1-400x400.jpg\" alt=\"Cool-style.md JRL Forte Pro Feather Dryer\" width=\"250\" height=\"250\" srcset=\"https:\/\/cool-style.md\/wp-content\/uploads\/2025\/04\/Cool-style.md-JRL-Forte-Pro-Feather-Dryer-1-400x400.jpg 400w, https:\/\/cool-style.md\/wp-content\/uploads\/2025\/04\/Cool-style.md-JRL-Forte-Pro-Feather-Dryer-1-800x800.jpg 800w, https:\/\/cool-style.md\/wp-content\/uploads\/2025\/04\/Cool-style.md-JRL-Forte-Pro-Feather-Dryer-1-280x280.jpg 280w, https:\/\/cool-style.md\/wp-content\/uploads\/2025\/04\/Cool-style.md-JRL-Forte-Pro-Feather-Dryer-1-768x768.jpg 768w, https:\/\/cool-style.md\/wp-content\/uploads\/2025\/04\/Cool-style.md-JRL-Forte-Pro-Feather-Dryer-1-1536x1536.jpg 1536w, https:\/\/cool-style.md\/wp-content\/uploads\/2025\/04\/Cool-style.md-JRL-Forte-Pro-Feather-Dryer-1-300x300.jpg 300w, https:\/\/cool-style.md\/wp-content\/uploads\/2025\/04\/Cool-style.md-JRL-Forte-Pro-Feather-Dryer-1-510x510.jpg 510w, https:\/\/cool-style.md\/wp-content\/uploads\/2025\/04\/Cool-style.md-JRL-Forte-Pro-Feather-Dryer-1-100x100.jpg 100w, https:\/\/cool-style.md\/wp-content\/uploads\/2025\/04\/Cool-style.md-JRL-Forte-Pro-Feather-Dryer-1.jpg 1920w\" sizes=\"(max-width: 250px) 100vw, 250px\" \/><\/a><\/span><\/p>\n<h3><a href=\"https:\/\/cool-style.md\/accesorii\/tehnica-de-styling\/\">Usc\u0103tor de p\u0103r<\/a> profesional FP2020L de la produc\u0103torul <a href=\"https:\/\/www.jrlusa.com\/\" target=\"_blank\" rel=\"noopener\">JRL Professional<\/a>:<\/h3>\n<ul>\n<li>Ultrau\u0219or: doar 390 g;<\/li>\n<li>Ofer\u0103 un flux puternic de aer care ajut\u0103 la uscarea \u0219i coafarea p\u0103rului mai rapid;<\/li>\n<li>Echipat cu dou\u0103 moduri de uscare pentru un control precis al coaf\u0103rii;<\/li>\n<li>Reduce eficient timpul de coafare \u0219i ofer\u0103 p\u0103r neted \u0219i str\u0103lucitor, cu daune minime;<\/li>\n<li>Cu un motor de curent continuu f\u0103r\u0103 perii \u00eembun\u0103t\u0103\u021bit, cu o durat\u0103 de via\u021b\u0103 de p\u00e2n\u0103 la 5000 de ore \u0219i o putere incredibil\u0103 de 2400W;<\/li>\n<\/ul>\n<h3><a href=\"https:\/\/cool-style.md\/wp-content\/uploads\/2025\/04\/Cool-style.md-JRL-Spray-Bottle-A16.webp\"><img decoding=\"async\" class=\"wp-image-4945 alignleft\" src=\"https:\/\/cool-style.md\/wp-content\/uploads\/2025\/04\/Cool-style.md-JRL-Spray-Bottle-A16-401x400.webp\" alt=\"Cool-style.md JRL Spray Bottle A16\" width=\"250\" height=\"250\" srcset=\"https:\/\/cool-style.md\/wp-content\/uploads\/2025\/04\/Cool-style.md-JRL-Spray-Bottle-A16-401x400.webp 401w, https:\/\/cool-style.md\/wp-content\/uploads\/2025\/04\/Cool-style.md-JRL-Spray-Bottle-A16-280x280.webp 280w, https:\/\/cool-style.md\/wp-content\/uploads\/2025\/04\/Cool-style.md-JRL-Spray-Bottle-A16-300x300.webp 300w, https:\/\/cool-style.md\/wp-content\/uploads\/2025\/04\/Cool-style.md-JRL-Spray-Bottle-A16-510x509.webp 510w, https:\/\/cool-style.md\/wp-content\/uploads\/2025\/04\/Cool-style.md-JRL-Spray-Bottle-A16-100x100.webp 100w, https:\/\/cool-style.md\/wp-content\/uploads\/2025\/04\/Cool-style.md-JRL-Spray-Bottle-A16.webp 698w\" sizes=\"(max-width: 250px) 100vw, 250px\" \/><\/a>Pulverizator automat A16 de la <a href=\"https:\/\/www.jrlusa.com\/\" target=\"_blank\" rel=\"noopener\">JRL Professional<\/a>:<\/h3>\n<ul>\n<li>Fabricat din plastic durabil, cu pomp\u0103 de pulverizare reglabil\u0103 pentru o aplicare precis\u0103;<\/li>\n<li>\u00cen interiorul pulverizatorului se afl\u0103 o bil\u0103 metalic\u0103 grea care permite pompei s\u0103 r\u0103m\u00e2n\u0103 sub ap\u0103 chiar dac\u0103 sticla este \u00eentoars\u0103 cu susul \u00een jos;<\/li>\n<li>Patru role duble care lucreaz\u0103 \u00een direc\u021bii diferite v\u0103 permit s\u0103 roti\u021bi liber 360 de grade \u00een plan vertical.<\/li>\n<\/ul>\n<p><a href=\"https:\/\/cool-style.md\/wp-content\/uploads\/2025\/04\/Cool-style.md-JRL-Forte-Pro-Feather-Dryer-Combo-Kit-.jpg\"><img decoding=\"async\" class=\"wp-image-5146 alignleft\" src=\"https:\/\/cool-style.md\/wp-content\/uploads\/2025\/04\/Cool-style.md-JRL-Forte-Pro-Feather-Dryer-Combo-Kit--400x400.jpg\" alt=\"Cool-style.md JRL Forte Pro Feather Dryer Combo Kit\" width=\"250\" height=\"250\" srcset=\"https:\/\/cool-style.md\/wp-content\/uploads\/2025\/04\/Cool-style.md-JRL-Forte-Pro-Feather-Dryer-Combo-Kit--400x400.jpg 400w, https:\/\/cool-style.md\/wp-content\/uploads\/2025\/04\/Cool-style.md-JRL-Forte-Pro-Feather-Dryer-Combo-Kit--800x800.jpg 800w, https:\/\/cool-style.md\/wp-content\/uploads\/2025\/04\/Cool-style.md-JRL-Forte-Pro-Feather-Dryer-Combo-Kit--280x280.jpg 280w, https:\/\/cool-style.md\/wp-content\/uploads\/2025\/04\/Cool-style.md-JRL-Forte-Pro-Feather-Dryer-Combo-Kit--768x768.jpg 768w, https:\/\/cool-style.md\/wp-content\/uploads\/2025\/04\/Cool-style.md-JRL-Forte-Pro-Feather-Dryer-Combo-Kit--300x300.jpg 300w, https:\/\/cool-style.md\/wp-content\/uploads\/2025\/04\/Cool-style.md-JRL-Forte-Pro-Feather-Dryer-Combo-Kit--510x510.jpg 510w, https:\/\/cool-style.md\/wp-content\/uploads\/2025\/04\/Cool-style.md-JRL-Forte-Pro-Feather-Dryer-Combo-Kit--100x100.jpg 100w, https:\/\/cool-style.md\/wp-content\/uploads\/2025\/04\/Cool-style.md-JRL-Forte-Pro-Feather-Dryer-Combo-Kit-.jpg 1500w\" sizes=\"(max-width: 250px) 100vw, 250px\" \/><\/a><\/p>\n<h3>Cazul BA1 de la <a href=\"https:\/\/www.jrlusa.com\/\" target=\"_blank\" rel=\"noopener\">JRL Professional<\/a>:<\/h3>\n<ul>\n<li>Fabricat\u0103 din material textil hidrofug, are fund rigid \u0219i ram\u0103 cu fermoar pentru deschiderea u\u0219oar\u0103 a gen\u021bii;<\/li>\n<li>\u00cen interior exist\u0103 compartimente pentru cele mai mici accesorii;<\/li>\n<li>Geanta are m\u00e2ner \u0219i curea de um\u0103r.<\/li>\n<\/ul>\n<\/div>\n<p><span style=\"font-size: 100%;\"><\/span><\/p>","protected":false},"excerpt":{"rendered":"<p><span style=\"font-size: 100%;\">JRL Forte Pro Feather Dryer Combo Kit &#8211; un set minunat pentru stili\u0219ti: un usc\u0103tor de p\u0103r cu dou\u0103 duze \u0219i un pulverizator \u00eentr-o hus\u0103 convenabil\u0103.<\/span><span style=\"font-size: 100%;\"><\/span><\/p>\n","protected":false},"featured_media":5147,"template":"","meta":[],"product_brand":[],"product_cat":[29,177],"product_tag":[],"class_list":{"0":"post-5144","1":"product","2":"type-product","3":"status-publish","4":"has-post-thumbnail","6":"product_cat-accesorii","7":"product_cat-aparate-de-tuns","8":"pa_brand-jrl-professional","9":"pa_felul-produsului-pulverizator","10":"pa_felul-produsului-geanta","11":"pa_felul-produsului-uscator-de-par","12":"pa_producator-china","14":"first","15":"instock","16":"featured","17":"shipping-taxable","18":"purchasable","19":"product-type-simple"},"_links":{"self":[{"href":"https:\/\/cool-style.md\/ro\/wp-json\/wp\/v2\/product\/5144","targetHints":{"allow":["GET"]}}],"collection":[{"href":"https:\/\/cool-style.md\/ro\/wp-json\/wp\/v2\/product"}],"about":[{"href":"https:\/\/cool-style.md\/ro\/wp-json\/wp\/v2\/types\/product"}],"wp:featuredmedia":[{"embeddable":true,"href":"https:\/\/cool-style.md\/ro\/wp-json\/wp\/v2\/media\/5147"}],"wp:attachment":[{"href":"https:\/\/cool-style.md\/ro\/wp-json\/wp\/v2\/media?parent=5144"}],"wp:term":[{"taxonomy":"product_brand","embeddable":true,"href":"https:\/\/cool-style.md\/ro\/wp-json\/wp\/v2\/product_brand?post=5144"},{"taxonomy":"product_cat","embeddable":true,"href":"https:\/\/cool-style.md\/ro\/wp-json\/wp\/v2\/product_cat?post=5144"},{"taxonomy":"product_tag","embeddable":true,"href":"https:\/\/cool-style.md\/ro\/wp-json\/wp\/v2\/product_tag?post=5144"}],"curies":[{"name":"wp","href":"https:\/\/api.w.org\/{rel}","templated":true}]}}