{"id":5152,"date":"2025-04-19T18:21:30","date_gmt":"2025-04-19T18:21:30","guid":{"rendered":"https:\/\/cool-style.md\/?post_type=product&#038;p=5152"},"modified":"2025-04-15T19:18:33","modified_gmt":"2025-04-15T19:18:33","slug":"jrl-straight-and-curl-ion-jpa067","status":"publish","type":"product","link":"https:\/\/cool-style.md\/ro\/product\/jrl-straight-and-curl-ion-jpa067\/","title":{"rendered":"Plac\u0103 de \u00eendreptat p\u0103rul JRL Straight and Curl Ion JPA067"},"content":{"rendered":"<h2 style=\"text-align: center;\">Plac\u0103 de \u00eendreptat p\u0103rul JRL Straight and Curl Ion JPA067<\/h2>\n<div>\n<p class=\"\" data-start=\"54\" data-end=\"293\"><strong data-start=\"54\" data-end=\"169\"><a href=\"https:\/\/cool-style.md\/wp-content\/uploads\/2025\/04\/Cool-style.md-JRL-Straight-and-Curl-Ion-JPA067-.webp\"><img decoding=\"async\" class=\" wp-image-5153 alignleft\" src=\"https:\/\/cool-style.md\/wp-content\/uploads\/2025\/04\/Cool-style.md-JRL-Straight-and-Curl-Ion-JPA067--400x400.webp\" alt=\"Cool-style.md JRL Straight and Curl Ion JPA067\" width=\"320\" height=\"320\" srcset=\"https:\/\/cool-style.md\/wp-content\/uploads\/2025\/04\/Cool-style.md-JRL-Straight-and-Curl-Ion-JPA067--400x400.webp 400w, https:\/\/cool-style.md\/wp-content\/uploads\/2025\/04\/Cool-style.md-JRL-Straight-and-Curl-Ion-JPA067--800x800.webp 800w, https:\/\/cool-style.md\/wp-content\/uploads\/2025\/04\/Cool-style.md-JRL-Straight-and-Curl-Ion-JPA067--280x280.webp 280w, https:\/\/cool-style.md\/wp-content\/uploads\/2025\/04\/Cool-style.md-JRL-Straight-and-Curl-Ion-JPA067--768x768.webp 768w, https:\/\/cool-style.md\/wp-content\/uploads\/2025\/04\/Cool-style.md-JRL-Straight-and-Curl-Ion-JPA067--300x300.webp 300w, https:\/\/cool-style.md\/wp-content\/uploads\/2025\/04\/Cool-style.md-JRL-Straight-and-Curl-Ion-JPA067--510x510.webp 510w, https:\/\/cool-style.md\/wp-content\/uploads\/2025\/04\/Cool-style.md-JRL-Straight-and-Curl-Ion-JPA067--100x100.webp 100w, https:\/\/cool-style.md\/wp-content\/uploads\/2025\/04\/Cool-style.md-JRL-Straight-and-Curl-Ion-JPA067-.webp 1000w\" sizes=\"(max-width: 320px) 100vw, 320px\" \/><\/a><a href=\"https:\/\/cool-style.md\/accesorii\/tehnica-de-styling\/\">Plac\u0103 de \u00eendreptat p\u0103rul<\/a> versatil de la<span style=\"font-size: 100%;\">\u00a0<a href=\"https:\/\/www.jrlusa.com\/\" target=\"_blank\" rel=\"noopener\">JRL Professional<\/a><\/span>, conceput pentru \u00eengrijirea delicat\u0103 \u0219i u\u0219oar\u0103 a p\u0103rului chiar la tine acas\u0103.<\/strong> Tehnologiile moderne \u0219i designul ergonomic bine g\u00e2ndit permit ob\u021binerea unui rezultat profesional f\u0103r\u0103 a apela la un salon.<\/p>\n<p class=\"\" data-start=\"295\" data-end=\"677\"><strong data-start=\"295\" data-end=\"332\">Pl\u0103cile ceramice cu \u00eenveli\u0219 ionic<\/strong> distribuie uniform c\u0103ldura, protej\u00e2nd p\u0103rul de deteriorare \u0219i oferindu-i un aspect neted \u0219i str\u0103lucitor. Aparatul se \u00eenc\u0103lze\u0219te rapid p\u00e2n\u0103 la 230\u00b0C, iar gama larg\u0103 de temperaturi (180\u2013230\u00b0C) permite alegerea set\u0103rii ideale pentru orice tip de p\u0103r. <strong data-start=\"581\" data-end=\"600\">Ecranul digital<\/strong> ofer\u0103 un control precis al temperaturii, f\u0103c\u00e2nd utilizarea extrem de comod\u0103.<\/p>\n<p class=\"\" data-start=\"679\" data-end=\"1047\"><strong data-start=\"679\" data-end=\"715\">Sistemul inteligent de \u00eenc\u0103lzire<\/strong> se adapteaz\u0103 automat la grosimea \u0219i textura firului de p\u0103r, asigur\u00e2nd o coafare eficient\u0103 f\u0103r\u0103 risc de supra\u00eenc\u0103lzire. Corpul u\u0219or, fabricat din aluminiu \u0219i plastic, este confortabil de manevrat, iar <strong data-start=\"916\" data-end=\"966\">cablul rotativ de 2,7 metri cu rota\u021bie de 360\u00b0<\/strong> ofer\u0103 libertate total\u0103 de mi\u0219care \u2013 ideal pentru realizarea coafurilor complexe.<\/p>\n<p class=\"\" data-start=\"1049\" data-end=\"1256\"><strong data-start=\"1049\" data-end=\"1091\">Stilizatorul JRL Straight and Curl Ion<\/strong> este alegerea perfect\u0103 pentru cei care \u00ee\u0219i doresc fie un p\u0103r drept \u0219i neted, fie bucle lejere, men\u021bin\u00e2nd \u00een acela\u0219i timp s\u0103n\u0103tatea \u0219i frumuse\u021bea natural\u0103 a p\u0103rului.<\/p>\n<\/div>\n<p><span style=\"font-size: 100%;\"><\/span><\/p>","protected":false},"excerpt":{"rendered":"<p><span style=\"font-size: 100%;\">JRL Straight and Curl Ion JPA067 &#8211; este alegerea perfect\u0103 pentru cei care \u00ee\u0219i doresc fie un p\u0103r drept \u0219i neted, fie bucle lejere, men\u021bin\u00e2nd \u00een acela\u0219i timp s\u0103n\u0103tatea \u0219i frumuse\u021bea natural\u0103 a p\u0103rului.<\/span><span style=\"font-size: 100%;\"><\/span><\/p>\n","protected":false},"featured_media":5155,"template":"","meta":[],"product_brand":[],"product_cat":[29,246],"product_tag":[],"class_list":{"0":"post-5152","1":"product","2":"type-product","3":"status-publish","4":"has-post-thumbnail","6":"product_cat-accesorii","7":"product_cat-tehnica-de-styling","8":"pa_brand-jrl-professional","9":"pa_felul-produsului-placa-de-indreptat-parul","10":"pa_producator-china","12":"first","13":"instock","14":"featured","15":"shipping-taxable","16":"purchasable","17":"product-type-simple"},"_links":{"self":[{"href":"https:\/\/cool-style.md\/ro\/wp-json\/wp\/v2\/product\/5152","targetHints":{"allow":["GET"]}}],"collection":[{"href":"https:\/\/cool-style.md\/ro\/wp-json\/wp\/v2\/product"}],"about":[{"href":"https:\/\/cool-style.md\/ro\/wp-json\/wp\/v2\/types\/product"}],"wp:featuredmedia":[{"embeddable":true,"href":"https:\/\/cool-style.md\/ro\/wp-json\/wp\/v2\/media\/5155"}],"wp:attachment":[{"href":"https:\/\/cool-style.md\/ro\/wp-json\/wp\/v2\/media?parent=5152"}],"wp:term":[{"taxonomy":"product_brand","embeddable":true,"href":"https:\/\/cool-style.md\/ro\/wp-json\/wp\/v2\/product_brand?post=5152"},{"taxonomy":"product_cat","embeddable":true,"href":"https:\/\/cool-style.md\/ro\/wp-json\/wp\/v2\/product_cat?post=5152"},{"taxonomy":"product_tag","embeddable":true,"href":"https:\/\/cool-style.md\/ro\/wp-json\/wp\/v2\/product_tag?post=5152"}],"curies":[{"name":"wp","href":"https:\/\/api.w.org\/{rel}","templated":true}]}}