{"id":5158,"date":"2025-04-19T18:59:05","date_gmt":"2025-04-19T18:59:05","guid":{"rendered":"https:\/\/cool-style.md\/?post_type=product&#038;p=5158"},"modified":"2025-04-15T19:12:35","modified_gmt":"2025-04-15T19:12:35","slug":"jrl-spring-clamp-curling-iron-38mm","status":"publish","type":"product","link":"https:\/\/cool-style.md\/ro\/product\/jrl-spring-clamp-curling-iron-38mm\/","title":{"rendered":"Ondulator de p\u0103r JRL Spring Clamp Curling Iron 38mm"},"content":{"rendered":"<h2 style=\"text-align: center;\">Ondulator de p\u0103r JRL Spring Clamp Curling Iron 38mm<\/h2>\n<div>\n<p class=\"\" data-start=\"54\" data-end=\"293\"><strong data-start=\"54\" data-end=\"169\"><a href=\"https:\/\/cool-style.md\/wp-content\/uploads\/2025\/04\/Cool-style.md-JRL-Spring-Clamp-Curling-Iron.jpg\"><img decoding=\"async\" class=\" wp-image-5164 alignleft\" src=\"https:\/\/cool-style.md\/wp-content\/uploads\/2025\/04\/Cool-style.md-JRL-Spring-Clamp-Curling-Iron-600x400.jpg\" alt=\"Cool-style.md JRL Spring Clamp Curling Iron\" width=\"437\" height=\"291\" srcset=\"https:\/\/cool-style.md\/wp-content\/uploads\/2025\/04\/Cool-style.md-JRL-Spring-Clamp-Curling-Iron-600x400.jpg 600w, https:\/\/cool-style.md\/wp-content\/uploads\/2025\/04\/Cool-style.md-JRL-Spring-Clamp-Curling-Iron-510x340.jpg 510w, https:\/\/cool-style.md\/wp-content\/uploads\/2025\/04\/Cool-style.md-JRL-Spring-Clamp-Curling-Iron.jpg 756w\" sizes=\"(max-width: 437px) 100vw, 437px\" \/><\/a><\/strong><\/p>\n<div><a href=\"https:\/\/cool-style.md\/accesorii\/tehnica-de-styling\/\">Ondulatorul de p\u0103r<\/a> <a href=\"https:\/\/cool-style.md\/accesorii\/tehnica-de-styling\/\">JRL Professional<\/a> 38mm este un instrument profesional pentru crearea unor bucle perfecte. Conceput pentru a satisface nevoile stili\u0219tilor \u0219i ale iubitorilor de coafare perfect\u0103, acest model combin\u0103 performan\u021ba ridicat\u0103, u\u0219urin\u021ba \u00een utilizare \u0219i tratarea delicat\u0103 a p\u0103rului.<\/div>\n<div><\/div>\n<div><strong>\u00cenc\u0103lzire instantanee<\/strong><\/div>\n<div><\/div>\n<div>Elementul modern de \u00eenc\u0103lzire PTC asigur\u0103 atingerea rapid\u0103 a temperaturii de lucru \u0219i o distribu\u021bie uniform\u0103 a c\u0103ldurii pe \u00eentreaga suprafa\u021b\u0103, ceea ce garanteaz\u0103 un rezultat de durat\u0103 cu un impact minim asupra structurii p\u0103rului.<\/div>\n<div><\/div>\n<div><strong>Control individual al temperaturii<\/strong><\/div>\n<div><\/div>\n<div>Intervalul de temperatur\u0103 de la 60 la 240\u00b0C v\u0103 permite s\u0103 selecta\u021bi cu precizie modul pentru orice tip de p\u0103r &#8211; de la cel sub\u021bire \u0219i sensibil la cel gros \u0219i dens.<\/div>\n<div><\/div>\n<div><strong>Control convenabil<\/strong><\/div>\n<div><\/div>\n<div>Panoul de control intuitiv cu afi\u0219aj LCD \u00eencorporat v\u0103 ajut\u0103 s\u0103 controla\u021bi cu precizie temperatura \u0219i procesul de coafare.<\/div>\n<div><\/div>\n<div><strong>Design ergonomic \u0219i u\u0219or<\/strong><\/div>\n<div><\/div>\n<div>M\u00e2nerul confortabil \u0219i greutatea redus\u0103 a corpului ofer\u0103 confort chiar \u0219i \u00een timpul utiliz\u0103rii pe termen lung &#8211; ideal pentru saloane \u0219i rutine de \u00eenfrumuse\u021bare acas\u0103.<\/div>\n<div><\/div>\n<div><strong>Siguran\u021b\u0103 \u0219i \u00eengrijire pentru p\u0103r<\/strong><\/div>\n<div><\/div>\n<div>Protec\u021bia termic\u0103 \u0219i acoperirea de \u00eenalt\u0103 calitate a elementelor de lucru reduc la minimum riscul de supra\u00eenc\u0103lzire \u0219i protejeaz\u0103 p\u0103rul de deteriorare.<\/div>\n<div><\/div>\n<div><strong>Avantaje:<\/strong><\/div>\n<div><\/div>\n<div>\u00cenc\u0103lzire rapid\u0103 \u0219i men\u021binere stabil\u0103 a temperaturii<\/div>\n<div>Potrivit pentru toate tipurile de p\u0103r<\/div>\n<div>Materiale durabile \u0219i sistem de protec\u021bie fiabil<\/div>\n<div>Cablu profesional extins &#8211; pentru libertate de mi\u0219care<\/div>\n<ul>\n<li><strong>Diametru:<\/strong> 38 mm;<\/li>\n<li><strong>Lungimea cablului de alimentare:<\/strong> 3 m;<\/li>\n<li><strong>Putere:<\/strong> 57 W;<\/li>\n<li><strong>Temperatura minim\u0103 de \u00eenc\u0103lzire:<\/strong> 60\u00b0C;<\/li>\n<li><strong>Temperatura maxim\u0103 de \u00eenc\u0103lzire:<\/strong> 240 \u00b0C<\/li>\n<li><strong>\u00cenveli\u0219<\/strong>: Titan-turmalin\u0103.<\/li>\n<\/ul>\n<p class=\"\" data-start=\"54\" data-end=\"293\"><strong data-start=\"54\" data-end=\"169\">\u00a0<\/strong><\/p>\n<\/div>\n<p><span style=\"font-size: 100%;\"><\/span><\/p>","protected":false},"excerpt":{"rendered":"<p><span style=\"font-size: 100%;\">JRL Spring Clamp Curling Iron 38mm &#8211;\u00a0nu este doar un ondulator, ci un adev\u0103rat asistent \u00een crearea de bucle elegante, de lung\u0103 durat\u0103, cu calitate de salon.<\/span><span style=\"font-size: 100%;\"><\/span><\/p>\n","protected":false},"featured_media":5162,"template":"","meta":[],"product_brand":[],"product_cat":[29,246],"product_tag":[],"class_list":{"0":"post-5158","1":"product","2":"type-product","3":"status-publish","4":"has-post-thumbnail","6":"product_cat-accesorii","7":"product_cat-tehnica-de-styling","8":"pa_brand-jrl-professional","9":"pa_felul-produsului-ondulator-de-par","10":"pa_producator-china","12":"first","13":"instock","14":"featured","15":"shipping-taxable","16":"purchasable","17":"product-type-simple"},"_links":{"self":[{"href":"https:\/\/cool-style.md\/ro\/wp-json\/wp\/v2\/product\/5158","targetHints":{"allow":["GET"]}}],"collection":[{"href":"https:\/\/cool-style.md\/ro\/wp-json\/wp\/v2\/product"}],"about":[{"href":"https:\/\/cool-style.md\/ro\/wp-json\/wp\/v2\/types\/product"}],"wp:featuredmedia":[{"embeddable":true,"href":"https:\/\/cool-style.md\/ro\/wp-json\/wp\/v2\/media\/5162"}],"wp:attachment":[{"href":"https:\/\/cool-style.md\/ro\/wp-json\/wp\/v2\/media?parent=5158"}],"wp:term":[{"taxonomy":"product_brand","embeddable":true,"href":"https:\/\/cool-style.md\/ro\/wp-json\/wp\/v2\/product_brand?post=5158"},{"taxonomy":"product_cat","embeddable":true,"href":"https:\/\/cool-style.md\/ro\/wp-json\/wp\/v2\/product_cat?post=5158"},{"taxonomy":"product_tag","embeddable":true,"href":"https:\/\/cool-style.md\/ro\/wp-json\/wp\/v2\/product_tag?post=5158"}],"curies":[{"name":"wp","href":"https:\/\/api.w.org\/{rel}","templated":true}]}}