{"id":521,"date":"2021-12-13T09:02:47","date_gmt":"2021-12-13T09:02:47","guid":{"rendered":"https:\/\/cool-style.md\/?post_type=product&#038;p=521"},"modified":"2026-01-05T19:23:43","modified_gmt":"2026-01-05T19:23:43","slug":"nishman-hair-magic-retouch-black","status":"publish","type":"product","link":"https:\/\/cool-style.md\/ro\/product\/nishman-hair-magic-retouch-black\/","title":{"rendered":"Spray-vopsea pentru p\u0103r Nishman Hair Magic Retouch Root Consealer Black 100ml"},"content":{"rendered":"<h2><span style=\"font-size: 75%;\">Spray-vopsea pentru p\u0103r Nishman Hair Magic Retouch Root Consealer Black<\/span><\/h2>\n<ul>\n<li>Potrivit pentru scalp \u0219i p\u0103r de barb\u0103;<\/li>\n<li>Pentru o culoare frumoas\u0103 \u00een mod natural;<\/li>\n<li>Pulverizati cu un spray super fin;<\/li>\n<li>Se usuca rapid;<\/li>\n<li>Nu lasa pete;<\/li>\n<li><span style=\"font-size: 14.4px;\">Dureaz\u0103 p\u00e2n\u0103 la urm\u0103torul \u0219ampon.<\/span><\/li>\n<\/ul>\n<p><img decoding=\"async\" class=\"size-medium wp-image-524 alignleft\" src=\"https:\/\/cool-style.md\/wp-content\/uploads\/2021\/12\/Nishman-Hair-Magic-Retouch-400x400.jpg\" alt=\"\" width=\"400\" height=\"400\" srcset=\"https:\/\/cool-style.md\/wp-content\/uploads\/2021\/12\/Nishman-Hair-Magic-Retouch-400x400.jpg 400w, https:\/\/cool-style.md\/wp-content\/uploads\/2021\/12\/Nishman-Hair-Magic-Retouch-300x300.jpg 300w, https:\/\/cool-style.md\/wp-content\/uploads\/2021\/12\/Nishman-Hair-Magic-Retouch-100x100.jpg 100w, https:\/\/cool-style.md\/wp-content\/uploads\/2021\/12\/Nishman-Hair-Magic-Retouch-510x510.jpg 510w, https:\/\/cool-style.md\/wp-content\/uploads\/2021\/12\/Nishman-Hair-Magic-Retouch-800x800.jpg 800w, https:\/\/cool-style.md\/wp-content\/uploads\/2021\/12\/Nishman-Hair-Magic-Retouch-280x280.jpg 280w, https:\/\/cool-style.md\/wp-content\/uploads\/2021\/12\/Nishman-Hair-Magic-Retouch-768x768.jpg 768w, https:\/\/cool-style.md\/wp-content\/uploads\/2021\/12\/Nishman-Hair-Magic-Retouch-247x247.jpg 247w, https:\/\/cool-style.md\/wp-content\/uploads\/2021\/12\/Nishman-Hair-Magic-Retouch.jpg 1024w\" sizes=\"(max-width: 400px) 100vw, 400px\" \/>Consealer <a href=\"https:\/\/nishman.com.tr\/\" target=\"_blank\" rel=\"noopener\">Nishman<\/a> acoper\u0103 instantaneu r\u0103d\u0103cinile p\u0103rului, se \u00eembin\u0103 perfect cu culoarea p\u0103rului, ofer\u0103 un aspect natural \u0219i se usuc\u0103 rapid. Vopseaua spray ajut\u0103 la \u00eent\u0103rirea vopselei pentru o lung\u0103 perioad\u0103 de timp.<\/p>\n<p><strong>Culoare:<\/strong> negru<\/p>\n<p><strong>Volum:<\/strong> 100 ml<\/p>\n<p><strong>Mod de utilizare:<\/strong> Asigura\u021bi-v\u0103 c\u0103 p\u0103rul este curat \u0219i uscat \u00eenainte de utilizare. Agita\u021bi recipientul \u0219i pulveriza\u021bi pe p\u0103r la o distan\u021b\u0103 de 10-15 cm. A\u0219tepta\u021bi 1 minut s\u0103 se usuce complet.<\/p>\n<p><strong>Aten\u021bie:<\/strong> numai pentru uz extern. A se pastra departe de caldura si lumina soarelui. \u00cen caz de contact cu ochii, cl\u0103ti\u021bi cu mult\u0103 ap\u0103. A nu se lasa la indemana copiilor.<\/p>","protected":false},"excerpt":{"rendered":"<p><span style=\"font-size: 100%;\">Nishman Hair Magic Retouch Root Consealer Black va ascunde momental r\u0103d\u0103cinile supracrescute.<\/span><span style=\"font-size: 100%;\"><\/span><\/p>\n","protected":false},"featured_media":523,"template":"","meta":[],"product_brand":[],"product_cat":[182,31],"product_tag":[],"class_list":{"0":"post-521","1":"product","2":"type-product","3":"status-publish","4":"has-post-thumbnail","6":"product_cat-vopsele-barbati","7":"product_cat-ingrijirea-par-barbati","8":"pa_brand-nishman","9":"pa_culoarea-negru","10":"pa_felul-produsului-tip-vopsele","11":"pa_producator-turcia","12":"pa_volum-100ml","14":"first","15":"instock","16":"featured","17":"shipping-taxable","18":"purchasable","19":"product-type-simple"},"_links":{"self":[{"href":"https:\/\/cool-style.md\/ro\/wp-json\/wp\/v2\/product\/521","targetHints":{"allow":["GET"]}}],"collection":[{"href":"https:\/\/cool-style.md\/ro\/wp-json\/wp\/v2\/product"}],"about":[{"href":"https:\/\/cool-style.md\/ro\/wp-json\/wp\/v2\/types\/product"}],"wp:featuredmedia":[{"embeddable":true,"href":"https:\/\/cool-style.md\/ro\/wp-json\/wp\/v2\/media\/523"}],"wp:attachment":[{"href":"https:\/\/cool-style.md\/ro\/wp-json\/wp\/v2\/media?parent=521"}],"wp:term":[{"taxonomy":"product_brand","embeddable":true,"href":"https:\/\/cool-style.md\/ro\/wp-json\/wp\/v2\/product_brand?post=521"},{"taxonomy":"product_cat","embeddable":true,"href":"https:\/\/cool-style.md\/ro\/wp-json\/wp\/v2\/product_cat?post=521"},{"taxonomy":"product_tag","embeddable":true,"href":"https:\/\/cool-style.md\/ro\/wp-json\/wp\/v2\/product_tag?post=521"}],"curies":[{"name":"wp","href":"https:\/\/api.w.org\/{rel}","templated":true}]}}