{"id":5384,"date":"2025-05-30T18:36:28","date_gmt":"2025-05-30T18:36:28","guid":{"rendered":"https:\/\/cool-style.md\/?post_type=product&#038;p=5384"},"modified":"2025-05-30T18:39:17","modified_gmt":"2025-05-30T18:39:17","slug":"nishman-powder-styling-wax-p1-160gr","status":"publish","type":"product","link":"https:\/\/cool-style.md\/ro\/product\/nishman-powder-styling-wax-p1-160gr\/","title":{"rendered":"Pudr\u0103 volumizant\u0103 pentru p\u0103r Nishman Powder Styling Wax P1 160gr"},"content":{"rendered":"<h2><span style=\"font-size: 75%;\">Pudr\u0103 volumizant\u0103 Nishman Powder Styling Wax P1<\/span><\/h2>\n<ul>\n<li>D\u0103 volum \u0219i \u00eel fixeaz\u0103;<\/li>\n<li>Grad mediu de fixare;<\/li>\n<li>Nu las\u0103 urme pe p\u0103r;<\/li>\n<li>\u00cendep\u0103rteaz\u0103 str\u0103lucirea uleioas\u0103;<\/li>\n<\/ul>\n<p><a href=\"https:\/\/cool-style.md\/wp-content\/uploads\/2025\/05\/Cool-style.md-Nishman-Powder-Styling-Wax-P1-160gr-.jpg\"><img decoding=\"async\" class=\" wp-image-5385 alignleft\" src=\"https:\/\/cool-style.md\/wp-content\/uploads\/2025\/05\/Cool-style.md-Nishman-Powder-Styling-Wax-P1-160gr--400x400.jpg\" alt=\"Cool-style.md Nishman Powder Styling Wax P1 160gr\" width=\"279\" height=\"279\" srcset=\"https:\/\/cool-style.md\/wp-content\/uploads\/2025\/05\/Cool-style.md-Nishman-Powder-Styling-Wax-P1-160gr--400x400.jpg 400w, https:\/\/cool-style.md\/wp-content\/uploads\/2025\/05\/Cool-style.md-Nishman-Powder-Styling-Wax-P1-160gr--800x800.jpg 800w, https:\/\/cool-style.md\/wp-content\/uploads\/2025\/05\/Cool-style.md-Nishman-Powder-Styling-Wax-P1-160gr--280x280.jpg 280w, https:\/\/cool-style.md\/wp-content\/uploads\/2025\/05\/Cool-style.md-Nishman-Powder-Styling-Wax-P1-160gr--768x768.jpg 768w, https:\/\/cool-style.md\/wp-content\/uploads\/2025\/05\/Cool-style.md-Nishman-Powder-Styling-Wax-P1-160gr--300x300.jpg 300w, https:\/\/cool-style.md\/wp-content\/uploads\/2025\/05\/Cool-style.md-Nishman-Powder-Styling-Wax-P1-160gr--510x510.jpg 510w, https:\/\/cool-style.md\/wp-content\/uploads\/2025\/05\/Cool-style.md-Nishman-Powder-Styling-Wax-P1-160gr--100x100.jpg 100w, https:\/\/cool-style.md\/wp-content\/uploads\/2025\/05\/Cool-style.md-Nishman-Powder-Styling-Wax-P1-160gr-.jpg 1000w\" sizes=\"(max-width: 279px) 100vw, 279px\" \/><\/a>Pudra matifiant\u0103 <a href=\"https:\/\/nishman.com.tr\/\" target=\"_blank\" rel=\"noopener\">Nishman<\/a> adaug\u0103 volum \u0219i \u00eel fixeaz\u0103. Design elegant, u\u0219urin\u021b\u0103 \u00een utilizare, flexibilitate \u0219i durabilitate. Produs de \u00eenalt\u0103 calitate pentru frizerii profesioni\u0219ti. F\u0103r\u0103 lipire \u0219i bulg\u0103ri, nu las\u0103 urme pe p\u0103r, \u00eendep\u0103rteaz\u0103 str\u0103lucirea uleioas\u0103. Potrivit <a href=\"https:\/\/cool-style.md\/ro\/cosmetice-femei\/ingrijirea-par-femei\/\">pentru toate tipurile de p\u0103r<\/a>, precum \u0219i pentru uz zilnic.<\/p>\n<p><strong>Volum:<\/strong> 160 gr<\/p>\n<p><strong>Fixare:\u00a0<\/strong>medie<\/p>\n<p><span style=\"font-size: 100%;\"><strong>Aten\u021bie:<\/strong> numai pentru uz extern. \u00cen caz de contact cu ochii, cl\u0103ti\u021bi cu mult\u0103 ap\u0103. A nu se lasa la indemana copiilor.<\/span><\/p>","protected":false},"excerpt":{"rendered":"<p><span style=\"font-size: 100%;\">Nishman Powder Styling Wax P1 d\u0103 volum, \u00eendep\u0103rteaz\u0103 str\u0103lucirea uleioas\u0103, are efect mat.<\/span><span style=\"font-size: 100%;\"><\/span><\/p>\n","protected":false},"featured_media":5386,"template":"","meta":[],"product_brand":[],"product_cat":[30],"product_tag":[],"class_list":{"0":"post-5384","1":"product","2":"type-product","3":"status-publish","4":"has-post-thumbnail","6":"product_cat-coafarea-barbati","7":"pa_brand-nishman","8":"pa_felul-produsului-tip-pudra","9":"pa_producator-turcia","10":"pa_volum-160-gr","12":"first","13":"instock","14":"featured","15":"shipping-taxable","16":"purchasable","17":"product-type-simple"},"_links":{"self":[{"href":"https:\/\/cool-style.md\/ro\/wp-json\/wp\/v2\/product\/5384","targetHints":{"allow":["GET"]}}],"collection":[{"href":"https:\/\/cool-style.md\/ro\/wp-json\/wp\/v2\/product"}],"about":[{"href":"https:\/\/cool-style.md\/ro\/wp-json\/wp\/v2\/types\/product"}],"wp:featuredmedia":[{"embeddable":true,"href":"https:\/\/cool-style.md\/ro\/wp-json\/wp\/v2\/media\/5386"}],"wp:attachment":[{"href":"https:\/\/cool-style.md\/ro\/wp-json\/wp\/v2\/media?parent=5384"}],"wp:term":[{"taxonomy":"product_brand","embeddable":true,"href":"https:\/\/cool-style.md\/ro\/wp-json\/wp\/v2\/product_brand?post=5384"},{"taxonomy":"product_cat","embeddable":true,"href":"https:\/\/cool-style.md\/ro\/wp-json\/wp\/v2\/product_cat?post=5384"},{"taxonomy":"product_tag","embeddable":true,"href":"https:\/\/cool-style.md\/ro\/wp-json\/wp\/v2\/product_tag?post=5384"}],"curies":[{"name":"wp","href":"https:\/\/api.w.org\/{rel}","templated":true}]}}