{"id":5403,"date":"2025-06-02T19:12:35","date_gmt":"2025-06-02T19:12:35","guid":{"rendered":"https:\/\/cool-style.md\/?post_type=product&#038;p=5403"},"modified":"2025-06-02T19:30:03","modified_gmt":"2025-06-02T19:30:03","slug":"nishman-hair-regrowth-treatment-minoxidil","status":"publish","type":"product","link":"https:\/\/cool-style.md\/ro\/product\/nishman-hair-regrowth-treatment-minoxidil\/","title":{"rendered":"Stimulator de cre\u0219tere a p\u0103rului Nishman Hair Regrowth Treatment Minoxidil 60ml"},"content":{"rendered":"<h2><span style=\"font-size: 75%;\">Stimulator de cre\u0219tere a p\u0103rului Nishman Hair Regrowth Treatment Minoxidil<\/span><\/h2>\n<ul>\n<li data-start=\"951\" data-end=\"992\">\n<p data-start=\"953\" data-end=\"992\"><span class=\"relative -mx-px my-[-0.2rem] rounded px-px py-[0.2rem] transition-colors duration-100 ease-in-out\">Con\u021bine 5% minoxidil \u2014 ingredient activ cu eficien\u021b\u0103 dovedit\u0103 clinic \u00eempotriva c\u0103derii p\u0103rului.<\/span><\/p>\n<\/li>\n<li data-start=\"1035\" data-end=\"1076\">\n<p data-start=\"1037\" data-end=\"1076\"><span class=\"relative -mx-px my-[-0.2rem] rounded px-px py-[0.2rem] transition-colors duration-100 ease-in-out\">Potrivit pentru b\u0103rba\u021bii care doresc s\u0103-\u0219i redob\u00e2ndeasc\u0103 densitatea p\u0103rului \u0219i s\u0103 \u00eencetineasc\u0103 procesul de c\u0103dere.<\/span><\/p>\n<\/li>\n<li data-start=\"1077\" data-end=\"1157\">\n<p data-start=\"1079\" data-end=\"1157\"><span class=\"relative -mx-px my-[-0.2rem] rounded px-px py-[0.2rem] transition-colors duration-100 ease-in-out\">Aplicare u\u0219oar\u0103: se aplic\u0103 direct pe zonele afectate ale scalpului<\/span><\/p>\n<\/li>\n<\/ul>\n<p><span class=\"relative -mx-px my-[-0.2rem] rounded px-px py-[0.2rem] transition-colors duration-100 ease-in-out\"><a href=\"https:\/\/cool-style.md\/wp-content\/uploads\/2025\/06\/Cool-style.md-Nishman-Hair-Regrowth-Treatment-Minoxidil-60ml-.jpg\"><img decoding=\"async\" class=\"wp-image-5405 alignleft\" src=\"https:\/\/cool-style.md\/wp-content\/uploads\/2025\/06\/Cool-style.md-Nishman-Hair-Regrowth-Treatment-Minoxidil-60ml--320x400.jpg\" alt=\"Cool-style.md Nishman Hair Regrowth Treatment Minoxidil 60ml\" width=\"240\" height=\"300\" srcset=\"https:\/\/cool-style.md\/wp-content\/uploads\/2025\/06\/Cool-style.md-Nishman-Hair-Regrowth-Treatment-Minoxidil-60ml--320x400.jpg 320w, https:\/\/cool-style.md\/wp-content\/uploads\/2025\/06\/Cool-style.md-Nishman-Hair-Regrowth-Treatment-Minoxidil-60ml--640x800.jpg 640w, https:\/\/cool-style.md\/wp-content\/uploads\/2025\/06\/Cool-style.md-Nishman-Hair-Regrowth-Treatment-Minoxidil-60ml--768x960.jpg 768w, https:\/\/cool-style.md\/wp-content\/uploads\/2025\/06\/Cool-style.md-Nishman-Hair-Regrowth-Treatment-Minoxidil-60ml--510x638.jpg 510w, https:\/\/cool-style.md\/wp-content\/uploads\/2025\/06\/Cool-style.md-Nishman-Hair-Regrowth-Treatment-Minoxidil-60ml-.jpg 1080w\" sizes=\"(max-width: 240px) 100vw, 240px\" \/><\/a><a href=\"https:\/\/nishman.com.tr\/\" target=\"_blank\" rel=\"noopener\">Nishman<\/a> Minoxidil <\/span>\u2014 <span class=\"relative -mx-px my-[-0.2rem] rounded px-px py-[0.2rem] transition-colors duration-100 ease-in-out\">tratament eficient pentru stimularea cre\u0219terii <a href=\"https:\/\/cool-style.md\/ru\/cosmetice-barbati\/ingrijirea-par-barbati\/\">p\u0103rului la b\u0103rba\u021bii<\/a> care se confrunt\u0103 cu c\u0103derea sau sub\u021bierea p\u0103rului.<\/span> <span class=\"relative -mx-px my-[-0.2rem] rounded px-px py-[0.2rem] transition-colors duration-100 ease-in-out\">Fiecare flacon con\u021bine 60 ml de solu\u021bie cu minoxidil 5%, oferind un tratament complet pentru 6 luni.<\/span> <span class=\"relative -mx-px my-[-0.2rem] rounded px-px py-[0.2rem] transition-colors duration-100 ease-in-out\">Produsul \u00eembun\u0103t\u0103\u021be\u0219te circula\u021bia sanguin\u0103 la nivelul scalpului, activeaz\u0103 foliculii de p\u0103r \u0219i stimuleaz\u0103 cre\u0219terea unor fire noi \u0219i mai dese. Recomandat b\u0103rba\u021bilor care doresc s\u0103 combat\u0103 eficient c\u0103derea p\u0103rului \u0219i s\u0103 \u00eembun\u0103t\u0103\u021beasc\u0103 s\u0103n\u0103tatea acestuia.<\/span><\/p>\n<p><span class=\"relative -mx-px my-[-0.2rem] rounded px-px py-[0.2rem] transition-colors duration-100 ease-in-out\">Minoxidilul ac\u021bioneaz\u0103 prin dilatarea vaselor de s\u00e2nge, \u00eembun\u0103t\u0103\u021bind circula\u021bia la nivelul scalpului \u0219i stimul\u00e2nd cre\u0219terea firelor noi de p\u0103r.<\/span> <span class=\"relative -mx-px my-[-0.2rem] rounded px-px py-[0.2rem] transition-colors duration-100 ease-in-out\">Utilizarea constant\u0103 ajut\u0103 la cre\u0219terea densit\u0103\u021bii \u0219i grosimii p\u0103rului, reduc\u00e2nd \u00een acela\u0219i timp c\u0103derea acestuia.<\/span><\/p>\n<p><strong>Volum:<\/strong> 60\u00a0 ml<\/p>\n<p><span style=\"font-size: 100%;\"><strong>Aten\u021bie:<\/strong> numai pentru uz extern. \u00cen caz de contact cu ochii, cl\u0103ti\u021bi cu mult\u0103 ap\u0103. A nu se lasa la indemana copiilor.<\/span><\/p>","protected":false},"excerpt":{"rendered":"<p><span style=\"font-size: 100%;\">Nishman Hair Regrowth Treatment Minoxidil promoveaz\u0103 restaurarea foliculilor de p\u0103r \u0219i previne c\u0103derea ulterioar\u0103 a p\u0103rului.<\/span><span style=\"font-size: 100%;\"><\/span><\/p>\n","protected":false},"featured_media":5404,"template":"","meta":[],"product_brand":[],"product_cat":[31],"product_tag":[],"class_list":{"0":"post-5403","1":"product","2":"type-product","3":"status-publish","4":"has-post-thumbnail","6":"product_cat-ingrijirea-par-barbati","7":"pa_brand-nishman","8":"pa_felul-produsului-spray","9":"pa_producator-turcia","10":"pa_volum-60ml","12":"first","13":"instock","14":"featured","15":"shipping-taxable","16":"purchasable","17":"product-type-simple"},"_links":{"self":[{"href":"https:\/\/cool-style.md\/ro\/wp-json\/wp\/v2\/product\/5403","targetHints":{"allow":["GET"]}}],"collection":[{"href":"https:\/\/cool-style.md\/ro\/wp-json\/wp\/v2\/product"}],"about":[{"href":"https:\/\/cool-style.md\/ro\/wp-json\/wp\/v2\/types\/product"}],"wp:featuredmedia":[{"embeddable":true,"href":"https:\/\/cool-style.md\/ro\/wp-json\/wp\/v2\/media\/5404"}],"wp:attachment":[{"href":"https:\/\/cool-style.md\/ro\/wp-json\/wp\/v2\/media?parent=5403"}],"wp:term":[{"taxonomy":"product_brand","embeddable":true,"href":"https:\/\/cool-style.md\/ro\/wp-json\/wp\/v2\/product_brand?post=5403"},{"taxonomy":"product_cat","embeddable":true,"href":"https:\/\/cool-style.md\/ro\/wp-json\/wp\/v2\/product_cat?post=5403"},{"taxonomy":"product_tag","embeddable":true,"href":"https:\/\/cool-style.md\/ro\/wp-json\/wp\/v2\/product_tag?post=5403"}],"curies":[{"name":"wp","href":"https:\/\/api.w.org\/{rel}","templated":true}]}}