{"id":5410,"date":"2025-06-02T19:41:29","date_gmt":"2025-06-02T19:41:29","guid":{"rendered":"https:\/\/cool-style.md\/?post_type=product&#038;p=5410"},"modified":"2025-06-02T19:52:27","modified_gmt":"2025-06-02T19:52:27","slug":"nishlady-hydrafacial-face-wash-foam","status":"publish","type":"product","link":"https:\/\/cool-style.md\/ro\/product\/nishlady-hydrafacial-face-wash-foam\/","title":{"rendered":"Spum\u0103 de cur\u0103\u021bare pentru fa\u021b\u0103 NishLady Hydrafacial Face Wash Foam 150ml"},"content":{"rendered":"<h2><span style=\"font-size: 75%;\">Spum\u0103 de cur\u0103\u021bare pentru fa\u021b\u0103 NishLady Hydrafacial Face Wash Foam<\/span><\/h2>\n<ul>\n<li data-start=\"1033\" data-end=\"1074\">\n<p data-start=\"1035\" data-end=\"1074\"><span class=\"relative -mx-px my-[-0.2rem] rounded px-px py-[0.2rem] transition-colors duration-100 ease-in-out\">Cur\u0103\u021bare profund\u0103 a porilor \u0219i \u00eendep\u0103rtarea machiajului<\/span><\/p>\n<\/li>\n<li data-start=\"1075\" data-end=\"1116\">\n<p data-start=\"1077\" data-end=\"1116\"><span class=\"relative -mx-px my-[-0.2rem] rounded px-px py-[0.2rem] transition-colors duration-100 ease-in-out\">Hidratare \u0219i men\u021binerea nivelului natural de pH<\/span><\/p>\n<\/li>\n<li data-start=\"1117\" data-end=\"1158\">\n<p data-start=\"1119\" data-end=\"1158\"><span class=\"relative -mx-px my-[-0.2rem] rounded px-px py-[0.2rem] transition-colors duration-100 ease-in-out\">Revigorare \u0219i tonifiere a pielii<\/span><\/p>\n<\/li>\n<li data-start=\"1159\" data-end=\"1239\">\n<p data-start=\"1161\" data-end=\"1239\"><span class=\"relative -mx-px my-[-0.2rem] rounded px-px py-[0.2rem] transition-colors duration-100 ease-in-out\">Potrivit\u0103 pentru utilizare zilnic\u0103<\/span><\/p>\n<\/li>\n<\/ul>\n<p>O spum\u0103 delicat\u0103 <a href=\"https:\/\/nishlady.com\/\" target=\"_blank\" rel=\"noopener\">NishLady<\/a> de cur\u0103\u021bare pentru <a href=\"https:\/\/cool-style.md\/cosmetice-femei\/ingrijirea-fata-corp\/\">fa\u021b\u0103<\/a>, conceput\u0103 pentru \u00eengrijirea eficient\u0103 a pielii fe\u021bei. <span class=\"relative -mx-px my-[-0.2rem] rounded px-px py-[0.2rem] transition-colors duration-100 ease-in-out\">Cu o textur\u0103 u\u0219oar\u0103, \u00eendep\u0103rteaz\u0103 cu bl\u00e2nde\u021be impurit\u0103\u021bile \u0219i excesul de sebum, f\u0103r\u0103 a perturba echilibrul natural al pielii.<\/span> <span class=\"relative -mx-px my-[-0.2rem] rounded px-px py-[0.2rem] transition-colors duration-100 ease-in-out\">Potrivit\u0103 pentru toate tipurile de piele, inclusiv cea sensibil\u0103.<\/span><\/p>\n<p><strong>Volum:<\/strong> 150 ml<\/p>\n<p><strong>Mod de utilizare:<\/strong> Aplica\u021bi o cantitate mic\u0103 de spum\u0103 pe pielea umed\u0103 a fe\u021bei, masa\u021bi u\u0219or cu mi\u0219c\u0103ri circulare, apoi cl\u0103ti\u021bi bine cu ap\u0103 cald\u0103.<\/p>\n<p><strong>Aten\u021bie:<\/strong> numai pentru uz extern. \u00cen caz de contact cu ochii, cl\u0103ti\u021bi cu mult\u0103 ap\u0103. A nu se lasa la indemana copiilor.<\/p>","protected":false},"excerpt":{"rendered":"<p><span style=\"font-size: 100%;\">NishLady Hydrafacial Face Wash Foam este o spum\u0103 delicat\u0103 de cur\u0103\u021bare, conceput\u0103 pentru \u00eengrijirea eficient\u0103 a pielii fe\u021bei.<\/span><span style=\"font-size: 100%;\"><\/span><\/p>\n","protected":false},"featured_media":5413,"template":"","meta":[],"product_brand":[],"product_cat":[200],"product_tag":[],"class_list":{"0":"post-5410","1":"product","2":"type-product","3":"status-publish","4":"has-post-thumbnail","6":"product_cat-ingrijirea-fata-corp","7":"pa_brand-nishlady","8":"pa_felul-produsului-spuma-curatare","9":"pa_producator-turcia","10":"pa_volum-150ml","12":"first","13":"instock","14":"featured","15":"shipping-taxable","16":"purchasable","17":"product-type-simple"},"_links":{"self":[{"href":"https:\/\/cool-style.md\/ro\/wp-json\/wp\/v2\/product\/5410","targetHints":{"allow":["GET"]}}],"collection":[{"href":"https:\/\/cool-style.md\/ro\/wp-json\/wp\/v2\/product"}],"about":[{"href":"https:\/\/cool-style.md\/ro\/wp-json\/wp\/v2\/types\/product"}],"wp:featuredmedia":[{"embeddable":true,"href":"https:\/\/cool-style.md\/ro\/wp-json\/wp\/v2\/media\/5413"}],"wp:attachment":[{"href":"https:\/\/cool-style.md\/ro\/wp-json\/wp\/v2\/media?parent=5410"}],"wp:term":[{"taxonomy":"product_brand","embeddable":true,"href":"https:\/\/cool-style.md\/ro\/wp-json\/wp\/v2\/product_brand?post=5410"},{"taxonomy":"product_cat","embeddable":true,"href":"https:\/\/cool-style.md\/ro\/wp-json\/wp\/v2\/product_cat?post=5410"},{"taxonomy":"product_tag","embeddable":true,"href":"https:\/\/cool-style.md\/ro\/wp-json\/wp\/v2\/product_tag?post=5410"}],"curies":[{"name":"wp","href":"https:\/\/api.w.org\/{rel}","templated":true}]}}