{"id":543,"date":"2021-12-13T17:30:38","date_gmt":"2021-12-13T17:30:38","guid":{"rendered":"https:\/\/cool-style.md\/?post_type=product&#038;p=543"},"modified":"2026-01-05T18:43:31","modified_gmt":"2026-01-05T18:43:31","slug":"nishman-after-shave-lotion-400ml","status":"publish","type":"product","link":"https:\/\/cool-style.md\/ro\/product\/nishman-after-shave-lotion-400ml\/","title":{"rendered":"Lo\u021biune dup\u0103 ras Nishman After Shave Care Lotion 1 Iceberg 400ml"},"content":{"rendered":"<h2><span style=\"font-size: 75%;\">Lo\u021biune dup\u0103 ras\u00a0Nishman After Shave Care Lotion 1 Iceberg 400ml<\/span><\/h2>\n<ul>\n<li>Hidrateaz\u0103 \u0219i hr\u0103ne\u0219te pielea fe\u021bei;<\/li>\n<li><span style=\"font-size: 100%;\">Nu contine alcool;<\/span><\/li>\n<li><span style=\"font-size: 100%;\">Con\u021bine aloe;<\/span><\/li>\n<li><span style=\"font-size: 100%;\">Vindec\u0103 \u0219i calmeaz\u0103 pielea;<\/span><\/li>\n<li><span style=\"font-size: 100%;\">Potrivit pentru toate tipurile de piele;<\/span><\/li>\n<\/ul>\n<p><img decoding=\"async\" class=\"size-medium wp-image-545 alignleft\" src=\"https:\/\/cool-style.md\/wp-content\/uploads\/2021\/12\/Cool-style.md-Nishman-After-Shave-Car-Lotion-1-Iceberg-320x400.jpg\" alt=\"Cool-style.md Nishman After Shave Car Lotion 1 Iceberg\" width=\"320\" height=\"400\" srcset=\"https:\/\/cool-style.md\/wp-content\/uploads\/2021\/12\/Cool-style.md-Nishman-After-Shave-Car-Lotion-1-Iceberg-320x400.jpg 320w, https:\/\/cool-style.md\/wp-content\/uploads\/2021\/12\/Cool-style.md-Nishman-After-Shave-Car-Lotion-1-Iceberg-510x638.jpg 510w, https:\/\/cool-style.md\/wp-content\/uploads\/2021\/12\/Cool-style.md-Nishman-After-Shave-Car-Lotion-1-Iceberg-640x800.jpg 640w, https:\/\/cool-style.md\/wp-content\/uploads\/2021\/12\/Cool-style.md-Nishman-After-Shave-Car-Lotion-1-Iceberg.jpg 680w\" sizes=\"(max-width: 320px) 100vw, 320px\" \/>Lo\u021biunea hidratant\u0103 <a href=\"https:\/\/nishman.com.tr\/\" target=\"_blank\" rel=\"noopener\">Nishman<\/a> f\u0103r\u0103 alcool calmeaz\u0103 instantaneu \u0219i revitalizeaz\u0103 pielea <a href=\"https:\/\/cool-style.md\/ro\/product-category\/cosmetice-barbati\/pentru-barbierit\/\">dup\u0103 ras<\/a>. Formula sa \u00eembog\u0103\u021bit\u0103 hidrateaz\u0103 pielea \u0219i amelioreaz\u0103 ro\u0219ea\u021ba \u0219i etan\u0219eitatea. Extractul de aloe, care face parte din compozi\u021bie, are un efect de vindecare \u0219i \u00eenmuiere a r\u0103nilor asupra pielii. Perfect pentru pielea sensibil\u0103 \u0219i uscat\u0103.<\/p>\n<p><strong>Volum:<\/strong> 400 ml<\/p>\n<p><strong>Mod de utilizare:<\/strong> Freca\u021bi o cantitate mic\u0103 de produs \u00eentre palme \u0219i aplica\u021bi cu mi\u0219c\u0103ri u\u0219oare pe pielea fe\u021bei. Repeta\u021bi dup\u0103 fiecare b\u0103rbierit.<\/p>\n<p><strong>Aten\u021bie:<\/strong> numai pentru uz extern. \u00cen caz de contact cu ochii, cl\u0103ti\u021bi cu mult\u0103 ap\u0103. A nu se lasa la indemana copiilor.<\/p>","protected":false},"excerpt":{"rendered":"<p><span style=\"font-size: 100%;\">Nishman After Shave Care Lotion 1 Iceberg va calma \u0219i hidrata pielea dup\u0103 b\u0103rbierit.<\/span><span style=\"font-size: 100%;\"><\/span><\/p>\n","protected":false},"featured_media":544,"template":"","meta":[],"product_brand":[],"product_cat":[34],"product_tag":[],"class_list":{"0":"post-543","1":"product","2":"type-product","3":"status-publish","4":"has-post-thumbnail","6":"product_cat-pentru-barbierit","7":"pa_brand-nishman","8":"pa_felul-produsului-tip-lotiune","9":"pa_producator-turcia","10":"pa_volum-400ml","12":"first","13":"instock","14":"featured","15":"shipping-taxable","16":"purchasable","17":"product-type-simple"},"_links":{"self":[{"href":"https:\/\/cool-style.md\/ro\/wp-json\/wp\/v2\/product\/543","targetHints":{"allow":["GET"]}}],"collection":[{"href":"https:\/\/cool-style.md\/ro\/wp-json\/wp\/v2\/product"}],"about":[{"href":"https:\/\/cool-style.md\/ro\/wp-json\/wp\/v2\/types\/product"}],"wp:featuredmedia":[{"embeddable":true,"href":"https:\/\/cool-style.md\/ro\/wp-json\/wp\/v2\/media\/544"}],"wp:attachment":[{"href":"https:\/\/cool-style.md\/ro\/wp-json\/wp\/v2\/media?parent=543"}],"wp:term":[{"taxonomy":"product_brand","embeddable":true,"href":"https:\/\/cool-style.md\/ro\/wp-json\/wp\/v2\/product_brand?post=543"},{"taxonomy":"product_cat","embeddable":true,"href":"https:\/\/cool-style.md\/ro\/wp-json\/wp\/v2\/product_cat?post=543"},{"taxonomy":"product_tag","embeddable":true,"href":"https:\/\/cool-style.md\/ro\/wp-json\/wp\/v2\/product_tag?post=543"}],"curies":[{"name":"wp","href":"https:\/\/api.w.org\/{rel}","templated":true}]}}