{"id":5435,"date":"2025-06-03T18:06:31","date_gmt":"2025-06-03T18:06:31","guid":{"rendered":"https:\/\/cool-style.md\/?post_type=product&#038;p=5435"},"modified":"2025-06-05T19:13:08","modified_gmt":"2025-06-05T19:13:08","slug":"nishlady-meta-blond-premium-lightener-white","status":"publish","type":"product","link":"https:\/\/cool-style.md\/ro\/product\/nishlady-meta-blond-premium-lightener-white\/","title":{"rendered":"Pudr\u0103 alb\u0103 pentru decolorarea p\u0103rului p\u00e2n\u0103 la 9 tonuri NishLady Meta Blond Premium Lightener White 500gr"},"content":{"rendered":"<h2><span style=\"font-size: 75%;\">Pudr\u0103 alb\u0103 pentru decolorarea p\u0103rului p\u00e2n\u0103 la 9 tonuri NishLady Meta Blond Premium Lightener White<\/span><\/h2>\n<ul>\n<li>Decoloreaz\u0103 p\u0103rul de orice nuan\u021b\u0103;<\/li>\n<li>P\u0103streaz\u0103 consisten\u021ba cremoasa;<\/li>\n<li>Nu usuc\u0103 p\u0103rul;<\/li>\n<li>Ofer\u0103 nuan\u021ba dorit\u0103.<\/li>\n<\/ul>\n<p><a href=\"https:\/\/cool-style.md\/wp-content\/uploads\/2025\/06\/Cool-style.md-NishLady-Meta-Blond-Premium-Lightener.jpg\"><img decoding=\"async\" class=\"wp-image-5429 aligncenter\" src=\"https:\/\/cool-style.md\/wp-content\/uploads\/2025\/06\/Cool-style.md-NishLady-Meta-Blond-Premium-Lightener-800x264.jpg\" alt=\"Cool-style.md NishLady Meta Blond Premium Lightener\" width=\"476\" height=\"157\" srcset=\"https:\/\/cool-style.md\/wp-content\/uploads\/2025\/06\/Cool-style.md-NishLady-Meta-Blond-Premium-Lightener-800x264.jpg 800w, https:\/\/cool-style.md\/wp-content\/uploads\/2025\/06\/Cool-style.md-NishLady-Meta-Blond-Premium-Lightener-1400x462.jpg 1400w, https:\/\/cool-style.md\/wp-content\/uploads\/2025\/06\/Cool-style.md-NishLady-Meta-Blond-Premium-Lightener-768x253.jpg 768w, https:\/\/cool-style.md\/wp-content\/uploads\/2025\/06\/Cool-style.md-NishLady-Meta-Blond-Premium-Lightener-510x168.jpg 510w, https:\/\/cool-style.md\/wp-content\/uploads\/2025\/06\/Cool-style.md-NishLady-Meta-Blond-Premium-Lightener.jpg 1467w\" sizes=\"(max-width: 476px) 100vw, 476px\" \/><\/a><span class=\"relative -mx-px my-[-0.2rem] rounded px-px py-[0.2rem] transition-colors duration-100 ease-in-out\"><span style=\"font-size: 100%;\"><a href=\"https:\/\/nishlady.com\/\" target=\"_blank\" rel=\"noopener\">NishLady<\/a><\/span> Metablonde White este o pudr\u0103 de decolorare universal\u0103 p\u00e2n\u0103 la 9 tonuri, f\u0103r\u0103 pigmen\u021bi ad\u0103uga\u021bi, care ofer\u0103 o deschidere curat\u0103 p\u00e2n\u0103 la 9 niveluri. Ideal\u0103 pentru ob\u021binerea blondurilor str\u0103lucitoare \u0219i preg\u0103tirea p\u0103rului pentru tonifiere ulterioar\u0103.<\/span><span class=\"relative -mx-px my-[-0.2rem] rounded px-px py-[0.2rem] transition-colors duration-100 ease-in-out\">\u00a0<\/span>Numai pentru uz profesional, <a href=\"https:\/\/cool-style.md\/ro\/cosmetice-femei\/ingrijirea-par-femei\/\">pentru toate tipurile de p\u0103r.<\/a><\/p>\n<p><strong>Volum:<\/strong> 500 gr<\/p>\n<p><strong>Mod de utilizare: <\/strong>Amesteca\u021bi pudra Metablonde cu oxidant (1,5%, 3%, 6% sau 9%) \u00een propor\u021bie de <strong data-start=\"1028\" data-end=\"1035\">1:2<\/strong> (1 parte pudr\u0103 + 2 p\u0103r\u021bi oxidant).<br data-start=\"1070\" data-end=\"1073\" \/>Folosi\u021bi un recipient nemetalic. Aplica\u021bi uniform pe p\u0103rul uscat \u0219i nesp\u0103lat. Evita\u021bi contactul cu ochii \u0219i pielea iritat\u0103 sau r\u0103nit\u0103. L\u0103sa\u021bi s\u0103 ac\u021bioneze <strong data-start=\"1291\" data-end=\"1315\">p\u00e2n\u0103 la 50 de minute<\/strong>, \u00een func\u021bie de nivelul dorit de deschidere. Verifica\u021bi vizual procesul \u00een mod regulat. Nu aplica\u021bi c\u0103ldur\u0103. Cl\u0103ti\u021bi bine cu ap\u0103 cald\u0103 \u0219i sp\u0103la\u021bi p\u0103rul cu \u0219ampon. Dac\u0103 este necesar, aplica\u021bi un toner.<\/p>\n<p><span style=\"font-size: 100%;\"><strong>Aten\u021bie:<\/strong> numai pentru uz extern. \u00cen caz de contact cu ochii, cl\u0103ti\u021bi cu mult\u0103 ap\u0103. A nu se lasa la indemana copiilor.<\/span><\/p>","protected":false},"excerpt":{"rendered":"<p>NishLady Meta Blond Premium Lightener White decoloreaz\u0103 p\u0103rul de orice ton, nu usuc\u0103 p\u0103rul.<\/span><span style=\"font-size: 100%;\"><\/span><\/p>\n","protected":false},"featured_media":5436,"template":"","meta":[],"product_brand":[],"product_cat":[130],"product_tag":[],"class_list":{"0":"post-5435","1":"product","2":"type-product","3":"status-publish","4":"has-post-thumbnail","6":"product_cat-oxidanti","7":"pa_brand-nishlady","8":"pa_felul-produsului-tip-pudra-decolorarea","9":"pa_producator-turcia","10":"pa_volum-500gr","12":"first","13":"instock","14":"featured","15":"shipping-taxable","16":"purchasable","17":"product-type-simple"},"_links":{"self":[{"href":"https:\/\/cool-style.md\/ro\/wp-json\/wp\/v2\/product\/5435","targetHints":{"allow":["GET"]}}],"collection":[{"href":"https:\/\/cool-style.md\/ro\/wp-json\/wp\/v2\/product"}],"about":[{"href":"https:\/\/cool-style.md\/ro\/wp-json\/wp\/v2\/types\/product"}],"wp:featuredmedia":[{"embeddable":true,"href":"https:\/\/cool-style.md\/ro\/wp-json\/wp\/v2\/media\/5436"}],"wp:attachment":[{"href":"https:\/\/cool-style.md\/ro\/wp-json\/wp\/v2\/media?parent=5435"}],"wp:term":[{"taxonomy":"product_brand","embeddable":true,"href":"https:\/\/cool-style.md\/ro\/wp-json\/wp\/v2\/product_brand?post=5435"},{"taxonomy":"product_cat","embeddable":true,"href":"https:\/\/cool-style.md\/ro\/wp-json\/wp\/v2\/product_cat?post=5435"},{"taxonomy":"product_tag","embeddable":true,"href":"https:\/\/cool-style.md\/ro\/wp-json\/wp\/v2\/product_tag?post=5435"}],"curies":[{"name":"wp","href":"https:\/\/api.w.org\/{rel}","templated":true}]}}