{"id":5443,"date":"2025-06-03T18:44:01","date_gmt":"2025-06-03T18:44:01","guid":{"rendered":"https:\/\/cool-style.md\/?post_type=product&#038;p=5443"},"modified":"2025-09-10T19:57:32","modified_gmt":"2025-09-10T19:57:32","slug":"nishlady-milk-therapy-conditioner-5l","status":"publish","type":"product","link":"https:\/\/cool-style.md\/ro\/product\/nishlady-milk-therapy-conditioner-5l\/","title":{"rendered":"Balsam pentru p\u0103r uscat \u0219i deteriorat NishLady Milk Therapy Conditioner 5000ml"},"content":{"rendered":"<h2><span style=\"font-size: 75%;\">Balsam pentru p\u0103r uscat \u0219i deteriorat NishLady Milk Therapy Conditioner<\/span><\/h2>\n<ul>\n<li>con\u021bine un complex de 12 aminoacizi;<\/li>\n<li>previne p\u0103rul uscat \u0219i fragil;<\/li>\n<li>ofer\u0103 o str\u0103lucire s\u0103n\u0103toas\u0103;<\/li>\n<li>nu contine saruri si parabeni.<\/li>\n<\/ul>\n<p><span style=\"font-size: 100%;\"><a href=\"https:\/\/cool-style.md\/wp-content\/uploads\/2024\/07\/Cool-style.md-Nishlady-Milk-Therapy-Collection.jpg\"><img decoding=\"async\" class=\"alignleft wp-image-4044\" src=\"https:\/\/cool-style.md\/wp-content\/uploads\/2024\/07\/Cool-style.md-Nishlady-Milk-Therapy-Collection-427x400.jpg\" alt=\"Cool-style.md Nishlady Milk Therapy Collection\" width=\"350\" height=\"328\" srcset=\"https:\/\/cool-style.md\/wp-content\/uploads\/2024\/07\/Cool-style.md-Nishlady-Milk-Therapy-Collection-427x400.jpg 427w, https:\/\/cool-style.md\/wp-content\/uploads\/2024\/07\/Cool-style.md-Nishlady-Milk-Therapy-Collection-510x478.jpg 510w, https:\/\/cool-style.md\/wp-content\/uploads\/2024\/07\/Cool-style.md-Nishlady-Milk-Therapy-Collection.jpg 721w\" sizes=\"(max-width: 350px) 100vw, 350px\" \/><\/a><\/span>Balsamul <a href=\"https:\/\/nishlady.com\/\" target=\"_blank\" rel=\"noopener\">Nishlady<\/a>\u00a0 &#8211; datorit\u0103 proteinelor \u0219i aminoacizilor pe care \u00eei con\u021bine, red\u0103 textura p\u0103rului deteriorat \u0219i suprauscat la nivelul dorit de umiditate, faciliteaz\u0103 piept\u0103narea, elimin\u0103 \u00eencre\u021birea \u0219i adaug\u0103 str\u0103lucire.<\/p>\n<p><strong>Volum:<\/strong> 5000 ml<\/p>\n<p><strong>Mod de utilizare:<\/strong> Aplicati pe parul curat si umed dupa samponare cu miscari usoare de masaj. Cl\u0103ti\u021bi cu ap\u0103 cald\u0103 dup\u0103 c\u00e2teva minute.<\/p>\n<p><span style=\"font-size: 100%;\"><strong>Aten\u021bie:<\/strong> numai pentru uz extern. \u00cen caz de contact cu ochii, cl\u0103ti\u021bi cu mult\u0103 ap\u0103. A nu se lasa la indemana copiilor.<\/span><\/p>","protected":false},"excerpt":{"rendered":"<p><span style=\"font-size: 100%;\">NishLady Milk Therapy Conditioner hr\u0103ne\u0219te r\u0103d\u0103cinile p\u0103rului, hidrateaz\u0103 p\u0103rul \u0219i \u00eengrije\u0219te delicat scalpul.<\/span><\/p>\n","protected":false},"featured_media":6251,"template":"","meta":[],"product_brand":[],"product_cat":[36],"product_tag":[],"class_list":{"0":"post-5443","1":"product","2":"type-product","3":"status-publish","4":"has-post-thumbnail","6":"product_cat-ingrijirea-par-femei","7":"pa_brand-nishlady","8":"pa_felul-produsului-tip-balsam","9":"pa_producator-turcia","10":"pa_volum-5000ml","12":"first","13":"instock","14":"featured","15":"shipping-taxable","16":"purchasable","17":"product-type-simple"},"_links":{"self":[{"href":"https:\/\/cool-style.md\/ro\/wp-json\/wp\/v2\/product\/5443","targetHints":{"allow":["GET"]}}],"collection":[{"href":"https:\/\/cool-style.md\/ro\/wp-json\/wp\/v2\/product"}],"about":[{"href":"https:\/\/cool-style.md\/ro\/wp-json\/wp\/v2\/types\/product"}],"wp:featuredmedia":[{"embeddable":true,"href":"https:\/\/cool-style.md\/ro\/wp-json\/wp\/v2\/media\/6251"}],"wp:attachment":[{"href":"https:\/\/cool-style.md\/ro\/wp-json\/wp\/v2\/media?parent=5443"}],"wp:term":[{"taxonomy":"product_brand","embeddable":true,"href":"https:\/\/cool-style.md\/ro\/wp-json\/wp\/v2\/product_brand?post=5443"},{"taxonomy":"product_cat","embeddable":true,"href":"https:\/\/cool-style.md\/ro\/wp-json\/wp\/v2\/product_cat?post=5443"},{"taxonomy":"product_tag","embeddable":true,"href":"https:\/\/cool-style.md\/ro\/wp-json\/wp\/v2\/product_tag?post=5443"}],"curies":[{"name":"wp","href":"https:\/\/api.w.org\/{rel}","templated":true}]}}