{"id":573,"date":"2021-12-15T07:51:14","date_gmt":"2021-12-15T07:51:14","guid":{"rendered":"https:\/\/cool-style.md\/?post_type=product&#038;p=573"},"modified":"2024-12-04T19:06:27","modified_gmt":"2024-12-04T19:06:27","slug":"nishman-beard-mustache-care-oil","status":"publish","type":"product","link":"https:\/\/cool-style.md\/ro\/product\/nishman-beard-mustache-care-oil\/","title":{"rendered":"Ulei pentru barb\u0103 Nishman Beard Mustache Care Oil 75ml"},"content":{"rendered":"<h2><span style=\"font-size: 75%;\">Ulei pentru barb\u0103 Nishman Beard Mustache Care Oil<\/span><\/h2>\n<ul>\n<li>\u00cenmoaie p\u0103rul din barb\u0103;<\/li>\n<li>Hidrateaz\u0103 \u0219i hr\u0103ne\u0219te pielea fe\u021bei;<\/li>\n<li>Are un miros placut si textura;<\/li>\n<li>Nu lasa luciu uleios;<\/li>\n<li>Fabricat din ingrediente naturale;<\/li>\n<li>Potrivit pentru toate tipurile de piele;<\/li>\n<\/ul>\n<p><img decoding=\"async\" class=\" wp-image-576 alignleft\" src=\"https:\/\/cool-style.md\/wp-content\/uploads\/2021\/12\/Cool-style.md-Nishman-Beard-Mustache-Care-Oil-400x400.jpg\" alt=\"Cool-style.md Nishman Beard Mustache Care Oil\" width=\"439\" height=\"439\" srcset=\"https:\/\/cool-style.md\/wp-content\/uploads\/2021\/12\/Cool-style.md-Nishman-Beard-Mustache-Care-Oil-400x400.jpg 400w, https:\/\/cool-style.md\/wp-content\/uploads\/2021\/12\/Cool-style.md-Nishman-Beard-Mustache-Care-Oil-300x300.jpg 300w, https:\/\/cool-style.md\/wp-content\/uploads\/2021\/12\/Cool-style.md-Nishman-Beard-Mustache-Care-Oil-100x100.jpg 100w, https:\/\/cool-style.md\/wp-content\/uploads\/2021\/12\/Cool-style.md-Nishman-Beard-Mustache-Care-Oil-510x510.jpg 510w, https:\/\/cool-style.md\/wp-content\/uploads\/2021\/12\/Cool-style.md-Nishman-Beard-Mustache-Care-Oil-280x280.jpg 280w, https:\/\/cool-style.md\/wp-content\/uploads\/2021\/12\/Cool-style.md-Nishman-Beard-Mustache-Care-Oil-247x247.jpg 247w, https:\/\/cool-style.md\/wp-content\/uploads\/2021\/12\/Cool-style.md-Nishman-Beard-Mustache-Care-Oil.jpg 679w\" sizes=\"(max-width: 439px) 100vw, 439px\" \/>Uleiul <a href=\"https:\/\/nishman.com.tr\/\" target=\"_blank\" rel=\"noopener\">NISHMAN<\/a> de \u00eengrijire \u00eenmoaie \u0219i neteze\u0219te <a href=\"https:\/\/cool-style.md\/ro\/cosmetice-barbati\/ingrijirea-barbii\/\">barba<\/a> \u0219i musta\u021ba. Hidrateaz\u0103 eficient datorit\u0103 compozi\u021biei unice a 5 uleiuri &#8211; ulei de jojoba, ulei de argan, ulei de floarea soarelui, ulei de masline si ulei de migdale dulci. Satureaz\u0103 cu ingrediente utile, confer\u0103 catifelare \u0219i str\u0103lucire. Se absoarbe rapid \u0219i nu las\u0103 str\u0103lucire excesiv\u0103. Sticl\u0103 convenabil\u0103 de utilizat.<\/p>\n<p><strong>Volum:<\/strong> 75 ml<\/p>\n<p><strong>Mod de utilizare:<\/strong> Freca\u021bi c\u00e2teva pic\u0103turi de ulei \u00eentre palme \u0219i aplica\u021bi uniform pe barb\u0103 \u0219i p\u0103rul de musta\u021b\u0103. Poate fi aplicat pe piele.<\/p>\n<p><strong>Aten\u021bie:<\/strong> numai pentru uz extern. \u00cen caz de contact cu ochii, cl\u0103ti\u021bi cu mult\u0103 ap\u0103. A nu se lasa la indemana copiilor.<\/p>","protected":false},"excerpt":{"rendered":"<p><span style=\"font-size: 100%;\">Nishman Beard Mustache Care Oil hidrateaz\u0103 \u0219i hr\u0103ne\u0219te pielea fe\u021bei \u0219i catifeleaz\u0103 p\u0103rul din barb\u0103.<\/span><span style=\"font-size: 100%;\"><\/span><\/p>\n","protected":false},"featured_media":575,"template":"","meta":[],"product_brand":[],"product_cat":[32],"product_tag":[],"class_list":{"0":"post-573","1":"product","2":"type-product","3":"status-publish","4":"has-post-thumbnail","6":"product_cat-ingrijirea-barbii","7":"pa_brand-nishman","8":"pa_felul-produsului-tip-ulei","9":"pa_producator-turcia","10":"pa_volum-75ml","12":"first","13":"instock","14":"sale","15":"featured","16":"shipping-taxable","17":"purchasable","18":"product-type-simple"},"_links":{"self":[{"href":"https:\/\/cool-style.md\/ro\/wp-json\/wp\/v2\/product\/573","targetHints":{"allow":["GET"]}}],"collection":[{"href":"https:\/\/cool-style.md\/ro\/wp-json\/wp\/v2\/product"}],"about":[{"href":"https:\/\/cool-style.md\/ro\/wp-json\/wp\/v2\/types\/product"}],"wp:featuredmedia":[{"embeddable":true,"href":"https:\/\/cool-style.md\/ro\/wp-json\/wp\/v2\/media\/575"}],"wp:attachment":[{"href":"https:\/\/cool-style.md\/ro\/wp-json\/wp\/v2\/media?parent=573"}],"wp:term":[{"taxonomy":"product_brand","embeddable":true,"href":"https:\/\/cool-style.md\/ro\/wp-json\/wp\/v2\/product_brand?post=573"},{"taxonomy":"product_cat","embeddable":true,"href":"https:\/\/cool-style.md\/ro\/wp-json\/wp\/v2\/product_cat?post=573"},{"taxonomy":"product_tag","embeddable":true,"href":"https:\/\/cool-style.md\/ro\/wp-json\/wp\/v2\/product_tag?post=573"}],"curies":[{"name":"wp","href":"https:\/\/api.w.org\/{rel}","templated":true}]}}