{"id":6225,"date":"2025-09-10T18:57:47","date_gmt":"2025-09-10T18:57:47","guid":{"rendered":"https:\/\/cool-style.md\/?post_type=product&#038;p=6225"},"modified":"2025-09-10T19:02:02","modified_gmt":"2025-09-10T19:02:02","slug":"immortal-hair-styling-gel-gold-edition","status":"publish","type":"product","link":"https:\/\/cool-style.md\/ro\/product\/immortal-hair-styling-gel-gold-edition\/","title":{"rendered":"Gel de styling Immortal Hair Styling Gel Gold Edition 500ml"},"content":{"rendered":"<h2><span style=\"font-size: 75%;\">Gel de styling Immortal Hair Styling Gel Gold Edition<\/span><\/h2>\n<ul>\n<li><span style=\"font-size: 100%;\">Coafare u\u0219oar\u0103 \u0219i rapid\u0103;<\/span><\/li>\n<li><span style=\"font-size: 100%;\">Potrivit pentru p\u0103r de orice lungime;<\/span><\/li>\n<li><span style=\"font-size: 100%;\">Fixare puternic\u0103;<\/span><\/li>\n<li>Ofer\u0103 o str\u0103lucire u\u0219oar\u0103;<\/li>\n<li><span style=\"font-size: 100%;\">Nu \u00eengreuneaz\u0103 p\u0103rul;<\/span><\/li>\n<li><span style=\"font-size: 100%;\">Se spal\u0103 la \u0219amponare.<\/span><\/li>\n<\/ul>\n<p><span style=\"font-size: 100%;\"><a href=\"https:\/\/cool-style.md\/wp-content\/uploads\/2025\/09\/Cool-style.md-Immortal-Hair-Styling-Gel-Gold-Edition-.jpg\"><img decoding=\"async\" class=\"wp-image-6226 alignleft\" src=\"https:\/\/cool-style.md\/wp-content\/uploads\/2025\/09\/Cool-style.md-Immortal-Hair-Styling-Gel-Gold-Edition--400x400.jpg\" alt=\"Cool-style.md Immortal Hair Styling Gel Gold Edition\" width=\"197\" height=\"197\" srcset=\"https:\/\/cool-style.md\/wp-content\/uploads\/2025\/09\/Cool-style.md-Immortal-Hair-Styling-Gel-Gold-Edition--400x400.jpg 400w, https:\/\/cool-style.md\/wp-content\/uploads\/2025\/09\/Cool-style.md-Immortal-Hair-Styling-Gel-Gold-Edition--800x800.jpg 800w, https:\/\/cool-style.md\/wp-content\/uploads\/2025\/09\/Cool-style.md-Immortal-Hair-Styling-Gel-Gold-Edition--280x280.jpg 280w, https:\/\/cool-style.md\/wp-content\/uploads\/2025\/09\/Cool-style.md-Immortal-Hair-Styling-Gel-Gold-Edition--768x768.jpg 768w, https:\/\/cool-style.md\/wp-content\/uploads\/2025\/09\/Cool-style.md-Immortal-Hair-Styling-Gel-Gold-Edition--300x300.jpg 300w, https:\/\/cool-style.md\/wp-content\/uploads\/2025\/09\/Cool-style.md-Immortal-Hair-Styling-Gel-Gold-Edition--510x510.jpg 510w, https:\/\/cool-style.md\/wp-content\/uploads\/2025\/09\/Cool-style.md-Immortal-Hair-Styling-Gel-Gold-Edition--100x100.jpg 100w, https:\/\/cool-style.md\/wp-content\/uploads\/2025\/09\/Cool-style.md-Immortal-Hair-Styling-Gel-Gold-Edition-.jpg 1280w\" sizes=\"(max-width: 197px) 100vw, 197px\" \/><\/a>Gelul <a href=\"https:\/\/immortal.com.tr\/\" target=\"_blank\" rel=\"noopener\">Immortal<\/a> Hair Styling Gold Edition ofer\u0103 str\u0103lucire suplimentar\u0103, volum extrem \u0219i fixare puternic\u0103 pentru coafuri impecabile, dar \u00eendr\u0103zne\u021be. Dezvoltat de exper\u021bi, acest gel \u00eembun\u0103t\u0103\u021be\u0219te textura \u0219i ridic\u0103 p\u0103rul, men\u021bin\u00e2nd \u00een acela\u0219i timp forma pe tot parcursul zilei, f\u0103r\u0103 a l\u0103sa urme rebele sau reziduuri. Ideal pentru crearea de coafuri dinamice care ies \u00een eviden\u021b\u0103 prin finisajul radiant \u0219i fixarea de lung\u0103 durat\u0103. Potrivit\u0103 <a href=\"https:\/\/cool-style.md\/ro\/product-category\/cosmetice-barbati\/coafarea-barbati\/\">pentru toate tipurile de p\u0103r<\/a>.<\/span><\/p>\n<p><span style=\"font-size: 100%;\"><strong>Fixare:<\/strong> puternic\u0103<\/span><\/p>\n<p><span style=\"font-size: 100%;\"><strong>Volum:<\/strong> 500 ml<\/span><\/p>\n<p><span style=\"font-size: 100%;\"><strong>Mod de utilizare:<\/strong> Freca\u021bi o cantitate mic\u0103 de gel \u00eentre palme. Aplica\u021bi uniform pe p\u0103rul curat \u0219i umed \u0219i crea\u021bi forma dorit\u0103.<\/span><\/p>\n<p><span style=\"font-size: 100%;\"><strong>Aten\u021bie:<\/strong> numai pentru uz extern. \u00cen caz de contact cu ochii, cl\u0103ti\u021bi cu mult\u0103 ap\u0103. A nu se lasa la indemana copiilor.<\/span><\/p>","protected":false},"excerpt":{"rendered":"<p><span style=\"font-size: 100%;\">Immortal Hair Styling Gel Gold Edition ofer\u0103 o fixare puternic\u0103 \u0219i adaug\u0103 str\u0103lucire p\u0103rului.<\/span><span style=\"font-size: 100%;\"><\/span><\/p>\n","protected":false},"featured_media":6227,"template":"","meta":[],"product_brand":[],"product_cat":[30],"product_tag":[],"class_list":{"0":"post-6225","1":"product","2":"type-product","3":"status-publish","4":"has-post-thumbnail","6":"product_cat-coafarea-barbati","7":"pa_brand-immortal","8":"pa_felul-produsului-tip-gel-pentru-par","9":"pa_fixare-puternica","10":"pa_producator-turcia","11":"pa_volum-500ml","13":"first","14":"instock","15":"featured","16":"shipping-taxable","17":"purchasable","18":"product-type-simple"},"_links":{"self":[{"href":"https:\/\/cool-style.md\/ro\/wp-json\/wp\/v2\/product\/6225","targetHints":{"allow":["GET"]}}],"collection":[{"href":"https:\/\/cool-style.md\/ro\/wp-json\/wp\/v2\/product"}],"about":[{"href":"https:\/\/cool-style.md\/ro\/wp-json\/wp\/v2\/types\/product"}],"wp:featuredmedia":[{"embeddable":true,"href":"https:\/\/cool-style.md\/ro\/wp-json\/wp\/v2\/media\/6227"}],"wp:attachment":[{"href":"https:\/\/cool-style.md\/ro\/wp-json\/wp\/v2\/media?parent=6225"}],"wp:term":[{"taxonomy":"product_brand","embeddable":true,"href":"https:\/\/cool-style.md\/ro\/wp-json\/wp\/v2\/product_brand?post=6225"},{"taxonomy":"product_cat","embeddable":true,"href":"https:\/\/cool-style.md\/ro\/wp-json\/wp\/v2\/product_cat?post=6225"},{"taxonomy":"product_tag","embeddable":true,"href":"https:\/\/cool-style.md\/ro\/wp-json\/wp\/v2\/product_tag?post=6225"}],"curies":[{"name":"wp","href":"https:\/\/api.w.org\/{rel}","templated":true}]}}