{"id":6228,"date":"2025-09-10T19:10:36","date_gmt":"2025-09-10T19:10:36","guid":{"rendered":"https:\/\/cool-style.md\/?post_type=product&#038;p=6228"},"modified":"2025-09-10T19:13:57","modified_gmt":"2025-09-10T19:13:57","slug":"immortal-blue-diamond-hair-styling-gel","status":"publish","type":"product","link":"https:\/\/cool-style.md\/ro\/product\/immortal-blue-diamond-hair-styling-gel\/","title":{"rendered":"Gel de styling cu argan Immortal Blue Diamond Hair Styling Gel 300ml"},"content":{"rendered":"<h2><span style=\"font-size: 75%;\">Gel de styling Immortal Blue Diamond Hair Styling Gel<\/span><\/h2>\n<ul>\n<li><span style=\"font-size: 100%;\">Coafare u\u0219oar\u0103 \u0219i rapid\u0103;<\/span><\/li>\n<li><span style=\"font-size: 100%;\">Potrivit pentru p\u0103r de orice lungime;<\/span><\/li>\n<li><span style=\"font-size: 100%;\">Fixare puternic\u0103;<\/span><\/li>\n<li>Ofer\u0103 o str\u0103lucire u\u0219oar\u0103;<\/li>\n<li><span style=\"font-size: 100%;\">Nu \u00eengreuneaz\u0103 p\u0103rul;<\/span><\/li>\n<li><span style=\"font-size: 100%;\">Se spal\u0103 la \u0219amponare.<\/span><\/li>\n<\/ul>\n<p><span style=\"font-size: 100%;\"><a href=\"https:\/\/cool-style.md\/wp-content\/uploads\/2025\/09\/Cool-style.md-Immortal-Diamond-Hair-Styling-Gel.jpg\"><img decoding=\"async\" class=\" wp-image-6230 alignleft\" src=\"https:\/\/cool-style.md\/wp-content\/uploads\/2025\/09\/Cool-style.md-Immortal-Diamond-Hair-Styling-Gel-300x400.jpg\" alt=\"Cool-style.md Immortal Diamond Hair Styling Gel\" width=\"219\" height=\"292\" srcset=\"https:\/\/cool-style.md\/wp-content\/uploads\/2025\/09\/Cool-style.md-Immortal-Diamond-Hair-Styling-Gel-300x400.jpg 300w, https:\/\/cool-style.md\/wp-content\/uploads\/2025\/09\/Cool-style.md-Immortal-Diamond-Hair-Styling-Gel-600x800.jpg 600w, https:\/\/cool-style.md\/wp-content\/uploads\/2025\/09\/Cool-style.md-Immortal-Diamond-Hair-Styling-Gel-768x1024.jpg 768w, https:\/\/cool-style.md\/wp-content\/uploads\/2025\/09\/Cool-style.md-Immortal-Diamond-Hair-Styling-Gel-510x680.jpg 510w, https:\/\/cool-style.md\/wp-content\/uploads\/2025\/09\/Cool-style.md-Immortal-Diamond-Hair-Styling-Gel.jpg 960w\" sizes=\"(max-width: 219px) 100vw, 219px\" \/><\/a>Gel mat\u0103 pentru aranjarea p\u0103rului <a href=\"https:\/\/immortal.com.tr\/\" target=\"_blank\" rel=\"noopener\">Immortal<\/a> ajut\u0103 la modelarea p\u0103rului. Creeaz\u0103 un stil de lung\u0103 durat\u0103. Nu las\u0103 urme pe p\u0103r. Datorit\u0103 componentelor speciale din compozi\u021bie, gelul fixeaz\u0103 p\u0103rul, protej\u00e2ndu-i structura natural\u0103. Potrivit\u0103 <a href=\"https:\/\/cool-style.md\/ro\/product-category\/cosmetice-barbati\/coafarea-barbati\/\">pentru toate tipurile de p\u0103r<\/a>.<\/span><\/p>\n<p><span style=\"font-size: 100%;\"><strong>Fixare:<\/strong> ultra-puternic\u0103<\/span><\/p>\n<p><span style=\"font-size: 100%;\"><strong>Volum:<\/strong> 300 ml<\/span><\/p>\n<p><span style=\"font-size: 100%;\"><strong>Mod de utilizare:<\/strong> Freca\u021bi o cantitate mic\u0103 de gel \u00eentre palme. Aplica\u021bi uniform pe p\u0103rul curat \u0219i umed \u0219i crea\u021bi forma dorit\u0103.<\/span><\/p>\n<p><span style=\"font-size: 100%;\"><strong>Aten\u021bie:<\/strong> numai pentru uz extern. \u00cen caz de contact cu ochii, cl\u0103ti\u021bi cu mult\u0103 ap\u0103. A nu se lasa la indemana copiilor.<\/span><\/p>","protected":false},"excerpt":{"rendered":"<p><span style=\"font-size: 100%;\">Immortal Blue Diamond Hair Styling Gel ofer\u0103 o fixare puternic\u0103 \u0219i adaug\u0103 str\u0103lucire p\u0103rului.<\/span><span style=\"font-size: 100%;\"><\/span><\/p>\n","protected":false},"featured_media":6229,"template":"","meta":[],"product_brand":[],"product_cat":[30],"product_tag":[],"class_list":{"0":"post-6228","1":"product","2":"type-product","3":"status-publish","4":"has-post-thumbnail","6":"product_cat-coafarea-barbati","7":"pa_brand-immortal","8":"pa_felul-produsului-tip-gel-pentru-par","9":"pa_fixare-extra-puternica","10":"pa_producator-turcia","11":"pa_volum-300ml","13":"first","14":"instock","15":"featured","16":"shipping-taxable","17":"purchasable","18":"product-type-simple"},"_links":{"self":[{"href":"https:\/\/cool-style.md\/ro\/wp-json\/wp\/v2\/product\/6228","targetHints":{"allow":["GET"]}}],"collection":[{"href":"https:\/\/cool-style.md\/ro\/wp-json\/wp\/v2\/product"}],"about":[{"href":"https:\/\/cool-style.md\/ro\/wp-json\/wp\/v2\/types\/product"}],"wp:featuredmedia":[{"embeddable":true,"href":"https:\/\/cool-style.md\/ro\/wp-json\/wp\/v2\/media\/6229"}],"wp:attachment":[{"href":"https:\/\/cool-style.md\/ro\/wp-json\/wp\/v2\/media?parent=6228"}],"wp:term":[{"taxonomy":"product_brand","embeddable":true,"href":"https:\/\/cool-style.md\/ro\/wp-json\/wp\/v2\/product_brand?post=6228"},{"taxonomy":"product_cat","embeddable":true,"href":"https:\/\/cool-style.md\/ro\/wp-json\/wp\/v2\/product_cat?post=6228"},{"taxonomy":"product_tag","embeddable":true,"href":"https:\/\/cool-style.md\/ro\/wp-json\/wp\/v2\/product_tag?post=6228"}],"curies":[{"name":"wp","href":"https:\/\/api.w.org\/{rel}","templated":true}]}}