{"id":6242,"date":"2025-09-10T19:29:38","date_gmt":"2025-09-10T19:29:38","guid":{"rendered":"https:\/\/cool-style.md\/?post_type=product&#038;p=6242"},"modified":"2025-09-10T19:33:11","modified_gmt":"2025-09-10T19:33:11","slug":"immortal-keratin-leave-in-spray","status":"publish","type":"product","link":"https:\/\/cool-style.md\/ro\/product\/immortal-keratin-leave-in-spray\/","title":{"rendered":"Balsam-spray bifazic pentru p\u0103r Immortal Keratin Leave In Spray 500ml"},"content":{"rendered":"<h2><span style=\"font-size: 75%;\">Balsam-spray bifazic pentru p\u0103r Immortal Keratin Leave In Spray<\/span><\/h2>\n<ul>\n<li>Ingrediente naturale;<\/li>\n<li>Revitalizeaz\u0103 p\u0103rul;<\/li>\n<li>\u00cenmoaie \u0219i adaug\u0103 str\u0103lucire;<\/li>\n<li>Hr\u0103ne\u0219te p\u0103rul cu vitamine.<\/li>\n<\/ul>\n<p><span style=\"font-size: 100%;\"><a href=\"https:\/\/cool-style.md\/wp-content\/uploads\/2025\/09\/Cool-style.md-Immortal-Keratin-Leave-In-Spray-.webp\"><img decoding=\"async\" class=\"wp-image-6243 aligncenter\" src=\"https:\/\/cool-style.md\/wp-content\/uploads\/2025\/09\/Cool-style.md-Immortal-Keratin-Leave-In-Spray--400x400.webp\" alt=\"Cool-style.md Immortal Keratin Leave In Spray\" width=\"204\" height=\"204\" srcset=\"https:\/\/cool-style.md\/wp-content\/uploads\/2025\/09\/Cool-style.md-Immortal-Keratin-Leave-In-Spray--400x400.webp 400w, https:\/\/cool-style.md\/wp-content\/uploads\/2025\/09\/Cool-style.md-Immortal-Keratin-Leave-In-Spray--800x800.webp 800w, https:\/\/cool-style.md\/wp-content\/uploads\/2025\/09\/Cool-style.md-Immortal-Keratin-Leave-In-Spray--280x280.webp 280w, https:\/\/cool-style.md\/wp-content\/uploads\/2025\/09\/Cool-style.md-Immortal-Keratin-Leave-In-Spray--768x768.webp 768w, https:\/\/cool-style.md\/wp-content\/uploads\/2025\/09\/Cool-style.md-Immortal-Keratin-Leave-In-Spray--1536x1536.webp 1536w, https:\/\/cool-style.md\/wp-content\/uploads\/2025\/09\/Cool-style.md-Immortal-Keratin-Leave-In-Spray--300x300.webp 300w, https:\/\/cool-style.md\/wp-content\/uploads\/2025\/09\/Cool-style.md-Immortal-Keratin-Leave-In-Spray--510x510.webp 510w, https:\/\/cool-style.md\/wp-content\/uploads\/2025\/09\/Cool-style.md-Immortal-Keratin-Leave-In-Spray--100x100.webp 100w, https:\/\/cool-style.md\/wp-content\/uploads\/2025\/09\/Cool-style.md-Immortal-Keratin-Leave-In-Spray-.webp 1600w\" sizes=\"(max-width: 204px) 100vw, 204px\" \/><\/a>Balsamul-spray <a href=\"https:\/\/immortal.com.tr\/\" target=\"_blank\" rel=\"noopener\">Immortal<\/a> ofer\u0103 \u00eengrijire zilnic\u0103 a p\u0103rului. Datorit\u0103 proteinelor din lapte din compozi\u021bie, produsul ofer\u0103 p\u0103rului moale \u0219i str\u0103lucire. Ajut\u0103 la coafarea cu u\u0219urin\u021b\u0103 a p\u0103rului \u0219i a b\u0103rbii, prevenind \u00eencurcarea \u0219i asigur\u00e2nd o piept\u0103nare u\u0219oar\u0103.Spray-ul descurc\u0103tor \u0219i f\u0103r\u0103 cl\u0103tire cu keratin\u0103 vegetal\u0103 este formulat special pentru a netezi \u0219i \u00eent\u0103ri p\u0103rul, facilit\u00e2nd \u00een acela\u0219i timp piept\u0103narea \u0219i reduc\u00e2nd ruperea. \u00cembog\u0103\u021bit cu keratin\u0103 vegetal\u0103, ajut\u0103 la restabilirea rezisten\u021bei \u0219i str\u0103lucirii naturale a p\u0103rului, f\u0103r\u0103 a-l \u00eengreuna. Ideal <a href=\"https:\/\/cool-style.md\/ro\/product-category\/cosmetice-barbati\/coafarea-barbati\/\">pentru toate tipurile de p\u0103r<\/a>, acest spray u\u0219or descurc\u0103 rapid nodurile, l\u0103s\u00e2nd p\u0103rul moale, u\u0219or de aranjat \u0219i protejat pe tot parcursul zilei.<\/span><\/p>\n<p><span style=\"font-size: 100%;\"><strong>Volum:<\/strong> 500 ml<\/span><\/p>\n<p><span style=\"font-size: 100%;\"><strong>Mod de utilizare:<\/strong> Agita\u021bi bine \u00eenainte de utilizare. Aplica\u021bi pe p\u0103rul curat \u0219i umed dup\u0103 \u0219amponare cu mi\u0219c\u0103ri u\u0219oare de masaj. Cl\u0103ti\u021bi cu ap\u0103 cald\u0103 dup\u0103 c\u00e2teva minute.<\/span><\/p>\n<p><span style=\"font-size: 100%;\"><strong>Aten\u021bie:<\/strong> numai pentru uz extern. \u00cen caz de contact cu ochii, cl\u0103ti\u021bi cu mult\u0103 ap\u0103. A nu se lasa la indemana copiilor.<\/span><\/p>","protected":false},"excerpt":{"rendered":"<p><span style=\"font-size: 100%;\">Immortal Keratin Leave In Sprayofer\u0103 piept\u0103narea u\u0219oar\u0103 a p\u0103rului \u0219i a barbei, face p\u0103rul mai moale.<\/span><span style=\"font-size: 100%;\"><\/span><\/p>\n","protected":false},"featured_media":6244,"template":"","meta":[],"product_brand":[],"product_cat":[31],"product_tag":[],"class_list":{"0":"post-6242","1":"product","2":"type-product","3":"status-publish","4":"has-post-thumbnail","6":"product_cat-ingrijirea-par-barbati","7":"pa_brand-immortal","8":"pa_felul-produsului-tip-balsam","9":"pa_producator-turcia","10":"pa_volum-500ml","12":"first","13":"instock","14":"featured","15":"shipping-taxable","16":"purchasable","17":"product-type-simple"},"_links":{"self":[{"href":"https:\/\/cool-style.md\/ro\/wp-json\/wp\/v2\/product\/6242","targetHints":{"allow":["GET"]}}],"collection":[{"href":"https:\/\/cool-style.md\/ro\/wp-json\/wp\/v2\/product"}],"about":[{"href":"https:\/\/cool-style.md\/ro\/wp-json\/wp\/v2\/types\/product"}],"wp:featuredmedia":[{"embeddable":true,"href":"https:\/\/cool-style.md\/ro\/wp-json\/wp\/v2\/media\/6244"}],"wp:attachment":[{"href":"https:\/\/cool-style.md\/ro\/wp-json\/wp\/v2\/media?parent=6242"}],"wp:term":[{"taxonomy":"product_brand","embeddable":true,"href":"https:\/\/cool-style.md\/ro\/wp-json\/wp\/v2\/product_brand?post=6242"},{"taxonomy":"product_cat","embeddable":true,"href":"https:\/\/cool-style.md\/ro\/wp-json\/wp\/v2\/product_cat?post=6242"},{"taxonomy":"product_tag","embeddable":true,"href":"https:\/\/cool-style.md\/ro\/wp-json\/wp\/v2\/product_tag?post=6242"}],"curies":[{"name":"wp","href":"https:\/\/api.w.org\/{rel}","templated":true}]}}