{"id":626,"date":"2021-12-15T15:04:05","date_gmt":"2021-12-15T15:04:05","guid":{"rendered":"https:\/\/cool-style.md\/?post_type=product&#038;p=626"},"modified":"2023-07-11T09:25:05","modified_gmt":"2023-07-11T09:25:05","slug":"%d1%89%d1%91%d1%82%d0%ba%d0%b0-nishman-fade-brush-r","status":"publish","type":"product","link":"https:\/\/cool-style.md\/ro\/product\/%d1%89%d1%91%d1%82%d0%ba%d0%b0-nishman-fade-brush-r\/","title":{"rendered":"Perie Nishman Fade Brush R"},"content":{"rendered":"<h2><span style=\"font-size: 75%;\">Perie Nishman Fade Brush R<\/span><\/h2>\n<p>Perie profesional\u0103 cu m\u00e2ner din plastic \u0219i peri naturali. Peria <a href=\"https:\/\/nishman.com.tr\/\" target=\"_blank\" rel=\"noopener\">Nishman<\/a> este ideal\u0103 pentru \u00eendep\u0103rtarea p\u0103rului t\u0103iat, piept\u0103narea <a href=\"https:\/\/cool-style.md\/ro\/cosmetice-barbati\/ingrijirea-barbii\/\">b\u0103rbii<\/a> \u0219i cur\u0103\u021barea ma\u0219inii de b\u0103rbierit. Peria ajut\u0103 perfect stilistul s\u0103 verifice \u00een timp imperfectiunile. Perul periei este din peri de mistret cu nailon ad\u0103ugat, este destul de moale si nu se zgarie.<\/p>\n<p><strong>Material m\u00e2ner<\/strong>: plastic<\/p>\n<p><strong>Dimensiune m\u00e2ner:<\/strong> 65 x 60 mm<\/p>\n<p><strong>Lungimea perilor:<\/strong> 20 mm<\/p>\n<p><strong>Culoare:<\/strong> neagra<\/p>","protected":false},"excerpt":{"rendered":"<p><span style=\"font-size: 100%;\">Nishman Fade Brush R ideal\u0103 pentru stili\u0219ti pentru a m\u0103tura chiar \u0219i cele mai mici fire de p\u0103r.<\/span><span style=\"font-size: 100%;\"><\/span><\/p>\n","protected":false},"featured_media":609,"template":"","meta":[],"product_brand":[],"product_cat":[29,131],"product_tag":[],"class_list":{"0":"post-626","1":"product","2":"type-product","3":"status-publish","4":"has-post-thumbnail","6":"product_cat-accesorii","7":"product_cat-piepteni-si-perii","8":"pa_brand-nishman","9":"pa_felul-produsului-tip-perie","10":"pa_producator-turcia","12":"first","13":"instock","14":"shipping-taxable","15":"purchasable","16":"product-type-simple"},"_links":{"self":[{"href":"https:\/\/cool-style.md\/ro\/wp-json\/wp\/v2\/product\/626","targetHints":{"allow":["GET"]}}],"collection":[{"href":"https:\/\/cool-style.md\/ro\/wp-json\/wp\/v2\/product"}],"about":[{"href":"https:\/\/cool-style.md\/ro\/wp-json\/wp\/v2\/types\/product"}],"wp:featuredmedia":[{"embeddable":true,"href":"https:\/\/cool-style.md\/ro\/wp-json\/wp\/v2\/media\/609"}],"wp:attachment":[{"href":"https:\/\/cool-style.md\/ro\/wp-json\/wp\/v2\/media?parent=626"}],"wp:term":[{"taxonomy":"product_brand","embeddable":true,"href":"https:\/\/cool-style.md\/ro\/wp-json\/wp\/v2\/product_brand?post=626"},{"taxonomy":"product_cat","embeddable":true,"href":"https:\/\/cool-style.md\/ro\/wp-json\/wp\/v2\/product_cat?post=626"},{"taxonomy":"product_tag","embeddable":true,"href":"https:\/\/cool-style.md\/ro\/wp-json\/wp\/v2\/product_tag?post=626"}],"curies":[{"name":"wp","href":"https:\/\/api.w.org\/{rel}","templated":true}]}}