{"id":6277,"date":"2025-09-11T19:26:39","date_gmt":"2025-09-11T19:26:39","guid":{"rendered":"https:\/\/cool-style.md\/?post_type=product&#038;p=6277"},"modified":"2025-09-11T19:34:50","modified_gmt":"2025-09-11T19:34:50","slug":"nishlady-colored-dry-shampoo-medium-brown","status":"publish","type":"product","link":"https:\/\/cool-style.md\/ro\/product\/nishlady-colored-dry-shampoo-medium-brown\/","title":{"rendered":"\u0218ampon uscat cu nuan\u021b\u0103 maro NishLady Colored Dry Shampoo Medium Brown 150ml"},"content":{"rendered":"<h2><span style=\"font-size: 75%;\">\u0218ampon uscat cu nuan\u021b\u0103 NishLady Colored Dry Shampoo Medium Brown<\/span><\/h2>\n<ul>\n<li>\u00cemprosp\u0103teaz\u0103 rapid p\u0103rul;<\/li>\n<li>Absoarbe sebumul;<\/li>\n<li>Nu \u00eengreuneaz\u0103 p\u0103rul;<\/li>\n<li>Ofer\u0103 nuan\u021b\u0103 p\u00e2n\u0103 la cl\u0103tire;<\/li>\n<li>Se spal\u0103 la \u0219amponare.<\/li>\n<\/ul>\n<p><a href=\"https:\/\/cool-style.md\/wp-content\/uploads\/2025\/09\/Cool-style.md-NishLady-Colored-Dry-Shampoo.jpg\"><img decoding=\"async\" class=\"wp-image-6275 alignleft\" src=\"https:\/\/cool-style.md\/wp-content\/uploads\/2025\/09\/Cool-style.md-NishLady-Colored-Dry-Shampoo-349x400.jpg\" alt=\"Cool-style.md NishLady Colored Dry Shampoo\" width=\"245\" height=\"281\" srcset=\"https:\/\/cool-style.md\/wp-content\/uploads\/2025\/09\/Cool-style.md-NishLady-Colored-Dry-Shampoo-349x400.jpg 349w, https:\/\/cool-style.md\/wp-content\/uploads\/2025\/09\/Cool-style.md-NishLady-Colored-Dry-Shampoo-510x585.jpg 510w, https:\/\/cool-style.md\/wp-content\/uploads\/2025\/09\/Cool-style.md-NishLady-Colored-Dry-Shampoo.jpg 691w\" sizes=\"(max-width: 245px) 100vw, 245px\" \/><\/a><a href=\"https:\/\/cool-style.md\/ru\/felul-produsului\/sampon-uscat\/\">\u0218ampon uscat<\/a> <a href=\"https:\/\/nishlady.com\/\" target=\"_blank\" rel=\"noopener\">Nishlady<\/a> pentru nuan\u021b\u0103 \u0219i prospe\u021bime. Acest \u0219ampon uscat este special conceput pentru p\u0103rul \u00eenchis la culoare. Formula tonifiant\u0103 absoarbe rapid uleiul de la r\u0103d\u0103cini, \u00eemprosp\u0103t\u00e2nd p\u0103rul \u0219i l\u0103s\u00e2ndu-l mai pufos \u0219i mai curat &#8211; f\u0103r\u0103 pete albe. Se potrive\u0219te perfect cu culoarea p\u0103rului, f\u0103r\u0103 a l\u0103sa urme vizibile \u0219i oferind un aspect natural \u0219i curat. Nu utiliza\u021bi mai multe zile la r\u00e2nd f\u0103r\u0103 s\u0103 v\u0103 sp\u0103la\u021bi p\u0103rul.<\/p>\n<p><strong>Mod de utilizare:<\/strong> Aplica\u021bi pe p\u0103rul uscat la o distan\u021ba de aproximativ 15-30 cm de p\u0103r \u0219i piept\u0103na\u021bi bine.<\/p>\n<p><strong>Volum:<\/strong> 150 ml<\/p>\n<p><strong>Culoare:<\/strong> maro<\/p>\n<p><strong>Aten\u021bie:<\/strong> numai pentru uz extern. \u00cen caz de contact cu ochii, cl\u0103ti\u021bi cu mult\u0103 ap\u0103. A nu se lasa la indemana copiilor.<\/p>","protected":false},"excerpt":{"rendered":"<p><span style=\"font-size: 100%;\">NishLady Colored Dry Shampoo Medium Brown creeaz\u0103 rapid efectul de prospe\u021bime \u0219i volum, ad\u0103ug\u00e2nd nuan\u021b\u0103.<\/span><span style=\"font-size: 100%;\"><\/span><\/p>\n","protected":false},"featured_media":6280,"template":"","meta":[],"product_brand":[],"product_cat":[36],"product_tag":[],"class_list":{"0":"post-6277","1":"product","2":"type-product","3":"status-publish","4":"has-post-thumbnail","6":"product_cat-ingrijirea-par-femei","7":"pa_brand-nishlady","8":"pa_culoarea-maro","9":"pa_felul-produsului-sampon-uscat","10":"pa_producator-turcia","11":"pa_volum-150ml","13":"first","14":"instock","15":"featured","16":"shipping-taxable","17":"purchasable","18":"product-type-simple"},"_links":{"self":[{"href":"https:\/\/cool-style.md\/ro\/wp-json\/wp\/v2\/product\/6277","targetHints":{"allow":["GET"]}}],"collection":[{"href":"https:\/\/cool-style.md\/ro\/wp-json\/wp\/v2\/product"}],"about":[{"href":"https:\/\/cool-style.md\/ro\/wp-json\/wp\/v2\/types\/product"}],"wp:featuredmedia":[{"embeddable":true,"href":"https:\/\/cool-style.md\/ro\/wp-json\/wp\/v2\/media\/6280"}],"wp:attachment":[{"href":"https:\/\/cool-style.md\/ro\/wp-json\/wp\/v2\/media?parent=6277"}],"wp:term":[{"taxonomy":"product_brand","embeddable":true,"href":"https:\/\/cool-style.md\/ro\/wp-json\/wp\/v2\/product_brand?post=6277"},{"taxonomy":"product_cat","embeddable":true,"href":"https:\/\/cool-style.md\/ro\/wp-json\/wp\/v2\/product_cat?post=6277"},{"taxonomy":"product_tag","embeddable":true,"href":"https:\/\/cool-style.md\/ro\/wp-json\/wp\/v2\/product_tag?post=6277"}],"curies":[{"name":"wp","href":"https:\/\/api.w.org\/{rel}","templated":true}]}}