{"id":6281,"date":"2025-09-11T19:39:08","date_gmt":"2025-09-11T19:39:08","guid":{"rendered":"https:\/\/cool-style.md\/?post_type=product&#038;p=6281"},"modified":"2025-09-11T19:44:28","modified_gmt":"2025-09-11T19:44:28","slug":"nishlady-perfumed-dry-shampoo-noctura","status":"publish","type":"product","link":"https:\/\/cool-style.md\/ro\/product\/nishlady-perfumed-dry-shampoo-noctura\/","title":{"rendered":"\u0218ampon uscat parfumat NishLady Perfumed Dry Shampoo Noctura 150ml"},"content":{"rendered":"<h2><span style=\"font-size: 75%;\">\u0218ampon uscat parfumat NishLady Perfumed Dry Shampoo Noctura<\/span><\/h2>\n<ul>\n<li>\u00cemprosp\u0103teaz\u0103 rapid p\u0103rul;<\/li>\n<li>Absoarbe sebumul;<\/li>\n<li>Nu \u00eengreuneaz\u0103 p\u0103rul;<\/li>\n<li>Las\u0103 o arom\u0103 pl\u0103cut\u0103 de lung\u0103 durat\u0103;<\/li>\n<li>Se spal\u0103 la \u0219amponare.<\/li>\n<\/ul>\n<p><a href=\"https:\/\/cool-style.md\/wp-content\/uploads\/2025\/09\/Cool-style.md-NishLady-Perfumed-Dry-Shampoo.jpg\"><img decoding=\"async\" class=\"wp-image-6283 alignleft\" src=\"https:\/\/cool-style.md\/wp-content\/uploads\/2025\/09\/Cool-style.md-NishLady-Perfumed-Dry-Shampoo-333x400.jpg\" alt=\"Cool-style.md NishLady Perfumed Dry Shampoo\" width=\"235\" height=\"282\" srcset=\"https:\/\/cool-style.md\/wp-content\/uploads\/2025\/09\/Cool-style.md-NishLady-Perfumed-Dry-Shampoo-333x400.jpg 333w, https:\/\/cool-style.md\/wp-content\/uploads\/2025\/09\/Cool-style.md-NishLady-Perfumed-Dry-Shampoo-667x800.jpg 667w, https:\/\/cool-style.md\/wp-content\/uploads\/2025\/09\/Cool-style.md-NishLady-Perfumed-Dry-Shampoo-510x612.jpg 510w, https:\/\/cool-style.md\/wp-content\/uploads\/2025\/09\/Cool-style.md-NishLady-Perfumed-Dry-Shampoo.jpg 720w\" sizes=\"(max-width: 235px) 100vw, 235px\" \/><\/a><a href=\"https:\/\/cool-style.md\/ru\/felul-produsului\/sampon-uscat\/\">\u0218ampon uscat<\/a> <a href=\"https:\/\/nishlady.com\/\" target=\"_blank\" rel=\"noopener\">Nishlady<\/a> pentru a ad\u0103uga volum \u0219i prospe\u021bime. Noctura este un \u0219ampon uscat pentru toate tipurile de p\u0103r care absoarbe excesul de sebum, ridic\u0103 r\u0103d\u0103cinile \u0219i te las\u0103 cu o senza\u021bie de cur\u0103\u021benie pe tot parcursul zilei. De asemenea, las\u0103 un parfum de lung\u0103 durat\u0103 pentru un efect subtil de sear\u0103.<\/p>\n<p><strong>Mod de utilizare:<\/strong> Aplica\u021bi pe p\u0103rul uscat la o distan\u021ba de aproximativ 15-30 cm de p\u0103r \u0219i piept\u0103na\u021bi bine.<\/p>\n<p><strong>Volum:<\/strong> 150 ml<\/p>\n<p><strong>Aten\u021bie:<\/strong> numai pentru uz extern. \u00cen caz de contact cu ochii, cl\u0103ti\u021bi cu mult\u0103 ap\u0103. A nu se lasa la indemana copiilor.<\/p>","protected":false},"excerpt":{"rendered":"<p><span style=\"font-size: 100%;\">NishLady Perfumed Dry Shampoo Noctura creeaz\u0103 rapid efect de prospe\u021bime \u0219i volum.<\/span><span style=\"font-size: 100%;\"><\/span><\/p>\n","protected":false},"featured_media":6282,"template":"","meta":[],"product_brand":[],"product_cat":[36],"product_tag":[],"class_list":{"0":"post-6281","1":"product","2":"type-product","3":"status-publish","4":"has-post-thumbnail","6":"product_cat-ingrijirea-par-femei","7":"pa_brand-nishlady","8":"pa_felul-produsului-sampon-uscat","9":"pa_producator-turcia","10":"pa_volum-150ml","12":"first","13":"instock","14":"featured","15":"shipping-taxable","16":"purchasable","17":"product-type-simple"},"_links":{"self":[{"href":"https:\/\/cool-style.md\/ro\/wp-json\/wp\/v2\/product\/6281","targetHints":{"allow":["GET"]}}],"collection":[{"href":"https:\/\/cool-style.md\/ro\/wp-json\/wp\/v2\/product"}],"about":[{"href":"https:\/\/cool-style.md\/ro\/wp-json\/wp\/v2\/types\/product"}],"wp:featuredmedia":[{"embeddable":true,"href":"https:\/\/cool-style.md\/ro\/wp-json\/wp\/v2\/media\/6282"}],"wp:attachment":[{"href":"https:\/\/cool-style.md\/ro\/wp-json\/wp\/v2\/media?parent=6281"}],"wp:term":[{"taxonomy":"product_brand","embeddable":true,"href":"https:\/\/cool-style.md\/ro\/wp-json\/wp\/v2\/product_brand?post=6281"},{"taxonomy":"product_cat","embeddable":true,"href":"https:\/\/cool-style.md\/ro\/wp-json\/wp\/v2\/product_cat?post=6281"},{"taxonomy":"product_tag","embeddable":true,"href":"https:\/\/cool-style.md\/ro\/wp-json\/wp\/v2\/product_tag?post=6281"}],"curies":[{"name":"wp","href":"https:\/\/api.w.org\/{rel}","templated":true}]}}