{"id":6288,"date":"2025-09-11T20:20:00","date_gmt":"2025-09-11T20:20:00","guid":{"rendered":"https:\/\/cool-style.md\/?post_type=product&#038;p=6288"},"modified":"2025-09-22T12:28:05","modified_gmt":"2025-09-22T12:28:05","slug":"nishlady-ring-styling-spray","status":"publish","type":"product","link":"https:\/\/cool-style.md\/ro\/product\/nishlady-ring-styling-spray\/","title":{"rendered":"Spray-lac de p\u0103r NishLady Ring Styling Spray 200ml"},"content":{"rendered":"<h2><span style=\"font-size: 75%;\">Spray-lac de p\u0103r\u00a0NishLady Ring Styling Spray<\/span><\/h2>\n<ul>\n<li>Coafare u\u0219oar\u0103 \u0219i rapid\u0103;<\/li>\n<li>Potrivit pentru p\u0103r de orice lungime;<\/li>\n<li>Ofer\u0103 o str\u0103lucire natural\u0103, hr\u0103ne\u0219te scalpul;<\/li>\n<li>Nu \u00eengreuneaz\u0103 p\u0103rul;<\/li>\n<li>Se spal\u0103 la \u0219amponare.<\/li>\n<\/ul>\n<p><a href=\"https:\/\/cool-style.md\/wp-content\/uploads\/2025\/09\/Cool-style.md-NishLady-Ring-Styling-Spray.jpg\"><img decoding=\"async\" class=\" wp-image-6289 alignleft\" src=\"https:\/\/cool-style.md\/wp-content\/uploads\/2025\/09\/Cool-style.md-NishLady-Ring-Styling-Spray-321x400.jpg\" alt=\"Cool-style.md NishLady Ring Styling Spray\" width=\"230\" height=\"287\" srcset=\"https:\/\/cool-style.md\/wp-content\/uploads\/2025\/09\/Cool-style.md-NishLady-Ring-Styling-Spray-321x400.jpg 321w, https:\/\/cool-style.md\/wp-content\/uploads\/2025\/09\/Cool-style.md-NishLady-Ring-Styling-Spray-642x800.jpg 642w, https:\/\/cool-style.md\/wp-content\/uploads\/2025\/09\/Cool-style.md-NishLady-Ring-Styling-Spray-768x957.jpg 768w, https:\/\/cool-style.md\/wp-content\/uploads\/2025\/09\/Cool-style.md-NishLady-Ring-Styling-Spray-510x636.jpg 510w, https:\/\/cool-style.md\/wp-content\/uploads\/2025\/09\/Cool-style.md-NishLady-Ring-Styling-Spray.jpg 1027w\" sizes=\"(max-width: 230px) 100vw, 230px\" \/><\/a><a href=\"https:\/\/nishlady.com\/\" target=\"_blank\" rel=\"noopener\">NishLady<\/a> Ring Lak este un <a href=\"https:\/\/cool-style.md\/felul-produsului\/tip-lac-de-par\/\">fixativ<\/a> profesional care ofer\u0103 o fixare de lung\u0103 durat\u0103 \u0219i un control perfect, f\u0103r\u0103 a lipi sau a \u00eengreuna p\u0103rul. Datorit\u0103 proteinelor hidrolizate din lapte \u0219i a unui complex de aminoacizi, fixativul nu numai c\u0103 fixeaz\u0103, dar hr\u0103ne\u0219te \u0219i protejeaz\u0103 p\u0103rul de uscare \u0219i influen\u021be externe. Formula u\u0219oar\u0103, cu uscare rapid\u0103 \u0219i f\u0103r\u0103 urme, este o alegere ideal\u0103 pentru utilizarea zilnic\u0103 \u0219i profesional\u0103.<\/p>\n<p><strong>Volum:<\/strong> 200 ml<\/p>\n<p><strong>Aten\u021bie:<\/strong> numai pentru uz extern. \u00cen caz de contact cu ochii, cl\u0103ti\u021bi cu mult\u0103 ap\u0103. A nu se lasa la indemana copiilor.<\/p>","protected":false},"excerpt":{"rendered":"<p><span style=\"font-size: 100%;\">NishLady Ring Styling Spray ofer\u0103 o fixare de lung\u0103 durat\u0103 \u0219i un control perfect, f\u0103r\u0103 a lipi sau a \u00eengreuna p\u0103rul.<\/span><span style=\"font-size: 100%;\"><\/span><\/p>\n","protected":false},"featured_media":6290,"template":"","meta":[],"product_brand":[],"product_cat":[35],"product_tag":[],"class_list":{"0":"post-6288","1":"product","2":"type-product","3":"status-publish","4":"has-post-thumbnail","6":"product_cat-coafarea-femei","7":"pa_brand-nishlady","8":"pa_felul-produsului-tip-lac-de-par","9":"pa_producator-turcia","10":"pa_volum-200ml","12":"first","13":"instock","14":"featured","15":"shipping-taxable","16":"purchasable","17":"product-type-simple"},"_links":{"self":[{"href":"https:\/\/cool-style.md\/ro\/wp-json\/wp\/v2\/product\/6288","targetHints":{"allow":["GET"]}}],"collection":[{"href":"https:\/\/cool-style.md\/ro\/wp-json\/wp\/v2\/product"}],"about":[{"href":"https:\/\/cool-style.md\/ro\/wp-json\/wp\/v2\/types\/product"}],"wp:featuredmedia":[{"embeddable":true,"href":"https:\/\/cool-style.md\/ro\/wp-json\/wp\/v2\/media\/6290"}],"wp:attachment":[{"href":"https:\/\/cool-style.md\/ro\/wp-json\/wp\/v2\/media?parent=6288"}],"wp:term":[{"taxonomy":"product_brand","embeddable":true,"href":"https:\/\/cool-style.md\/ro\/wp-json\/wp\/v2\/product_brand?post=6288"},{"taxonomy":"product_cat","embeddable":true,"href":"https:\/\/cool-style.md\/ro\/wp-json\/wp\/v2\/product_cat?post=6288"},{"taxonomy":"product_tag","embeddable":true,"href":"https:\/\/cool-style.md\/ro\/wp-json\/wp\/v2\/product_tag?post=6288"}],"curies":[{"name":"wp","href":"https:\/\/api.w.org\/{rel}","templated":true}]}}