{"id":6303,"date":"2025-09-12T07:28:27","date_gmt":"2025-09-12T07:28:27","guid":{"rendered":"https:\/\/cool-style.md\/?post_type=product&#038;p=6303"},"modified":"2025-09-12T07:35:21","modified_gmt":"2025-09-12T07:35:21","slug":"immortal-beard-perfume-75ml","status":"publish","type":"product","link":"https:\/\/cool-style.md\/ro\/product\/immortal-beard-perfume-75ml\/","title":{"rendered":"Parfum pentru barb\u0103 \u0219i musta\u021b\u0103 Immortal Beard Perfume 75ml"},"content":{"rendered":"<h2><span style=\"font-size: 75%;\">Parfum pentru barb\u0103 \u0219i musta\u021b\u0103 Immortal Beard Perfume<\/span><\/h2>\n<ul>\n<li>\u00cenmoaie p\u0103rul de barb\u0103;<\/li>\n<li>Ofer\u0103 o arom\u0103 pl\u0103cut\u0103;<\/li>\n<li>Promoveaz\u0103 cre\u0219terea p\u0103rului;<\/li>\n<\/ul>\n<p><a href=\"https:\/\/cool-style.md\/wp-content\/uploads\/2025\/09\/Cool-style.md-Immortal-Beard-Perfume.jpg\"><img decoding=\"async\" class=\" wp-image-6304 aligncenter\" src=\"https:\/\/cool-style.md\/wp-content\/uploads\/2025\/09\/Cool-style.md-Immortal-Beard-Perfume-320x400.jpg\" alt=\"Cool-style.md Immortal Beard Perfume\" width=\"200\" height=\"250\" srcset=\"https:\/\/cool-style.md\/wp-content\/uploads\/2025\/09\/Cool-style.md-Immortal-Beard-Perfume-320x400.jpg 320w, https:\/\/cool-style.md\/wp-content\/uploads\/2025\/09\/Cool-style.md-Immortal-Beard-Perfume-640x800.jpg 640w, https:\/\/cool-style.md\/wp-content\/uploads\/2025\/09\/Cool-style.md-Immortal-Beard-Perfume-768x960.jpg 768w, https:\/\/cool-style.md\/wp-content\/uploads\/2025\/09\/Cool-style.md-Immortal-Beard-Perfume-510x638.jpg 510w, https:\/\/cool-style.md\/wp-content\/uploads\/2025\/09\/Cool-style.md-Immortal-Beard-Perfume.jpg 1024w\" sizes=\"(max-width: 200px) 100vw, 200px\" \/><\/a><\/p>\n<p>Acest parfum <a href=\"https:\/\/cool-style.md\/ro\/cosmetice-barbati\/ingrijirea-barbii\/\">pentru barb\u0103<\/a> <a href=\"https:\/\/immortal.com.tr\/\" target=\"_blank\" rel=\"noopener\">Immortal<\/a> hr\u0103ne\u0219te, hidrateaz\u0103 \u0219i \u00eenmoaie barba, oferind un miros elegant \u0219i de lung\u0103 durat\u0103. Textura sa u\u0219oar\u0103, non-gras\u0103, promoveaz\u0103 cre\u0219terea s\u0103n\u0103toas\u0103 a b\u0103rbii \u0219i \u00eei \u00eembun\u0103t\u0103\u021be\u0219te aspectul, ideal pentru b\u0103rba\u021bii care \u00ee\u0219i doresc un rezultat \u00eengrijit \u0219i sofisticat.<\/p>\n<p><strong>Volum:<\/strong> 75 ml<\/p>\n<p><strong>Mod de utilizare:<\/strong> Pulveriza\u021bi pe p\u0103rul de barb\u0103 \u0219i musta\u021b\u0103, distribui\u021bi u\u0219or. Poate fi aplicat pe piele.<\/p>\n<p><strong>Aten\u021bie:<\/strong> numai pentru uz extern. \u00cen caz de contact cu ochii, cl\u0103ti\u021bi cu mult\u0103 ap\u0103. A nu se lasa la indemana copiilor.<\/p>","protected":false},"excerpt":{"rendered":"<p><span style=\"font-size: 100%;\">Immortal Beard Perfume hr\u0103ne\u0219te, hidrateaz\u0103 \u0219i \u00eenmoaie barba, oferind un miros elegant \u0219i de lung\u0103 durat\u0103.<\/span><span style=\"font-size: 100%;\"><\/span><\/p>\n","protected":false},"featured_media":6305,"template":"","meta":[],"product_brand":[],"product_cat":[32],"product_tag":[],"class_list":{"0":"post-6303","1":"product","2":"type-product","3":"status-publish","4":"has-post-thumbnail","6":"product_cat-ingrijirea-barbii","7":"pa_brand-immortal","8":"pa_felul-produsului-apa-de-parfum","9":"pa_producator-turcia","10":"pa_volum-75ml","12":"first","13":"instock","14":"featured","15":"shipping-taxable","16":"purchasable","17":"product-type-simple"},"_links":{"self":[{"href":"https:\/\/cool-style.md\/ro\/wp-json\/wp\/v2\/product\/6303","targetHints":{"allow":["GET"]}}],"collection":[{"href":"https:\/\/cool-style.md\/ro\/wp-json\/wp\/v2\/product"}],"about":[{"href":"https:\/\/cool-style.md\/ro\/wp-json\/wp\/v2\/types\/product"}],"wp:featuredmedia":[{"embeddable":true,"href":"https:\/\/cool-style.md\/ro\/wp-json\/wp\/v2\/media\/6305"}],"wp:attachment":[{"href":"https:\/\/cool-style.md\/ro\/wp-json\/wp\/v2\/media?parent=6303"}],"wp:term":[{"taxonomy":"product_brand","embeddable":true,"href":"https:\/\/cool-style.md\/ro\/wp-json\/wp\/v2\/product_brand?post=6303"},{"taxonomy":"product_cat","embeddable":true,"href":"https:\/\/cool-style.md\/ro\/wp-json\/wp\/v2\/product_cat?post=6303"},{"taxonomy":"product_tag","embeddable":true,"href":"https:\/\/cool-style.md\/ro\/wp-json\/wp\/v2\/product_tag?post=6303"}],"curies":[{"name":"wp","href":"https:\/\/api.w.org\/{rel}","templated":true}]}}