{"id":633,"date":"2021-12-15T21:38:13","date_gmt":"2021-12-15T21:38:13","guid":{"rendered":"https:\/\/cool-style.md\/?post_type=product&#038;p=633"},"modified":"2026-01-05T19:43:39","modified_gmt":"2026-01-05T19:43:39","slug":"nishman-neck-brush-954s","status":"publish","type":"product","link":"https:\/\/cool-style.md\/ro\/product\/nishman-neck-brush-954s\/","title":{"rendered":"Pamatuf dup\u0103 frezur\u0103 Nishman Neck Brush 954S"},"content":{"rendered":"<h2><span style=\"font-size: 75%;\"><\/span><span style=\"font-size: 75%;\">Pamatuf pentru eliminarea firelor de p\u0103r <\/span><span style=\"font-size: 75%;\">Nishman Neck Brush 954S<\/span><\/h2>\n<p>Perie dup\u0103 frezur\u0103 <a href=\"https:\/\/nishman.com.tr\/\" target=\"_blank\" rel=\"noopener\">Nishman<\/a> este un <a href=\"https:\/\/cool-style.md\/ro\/accesorii\/\">accesoriu<\/a> indispensabil pentru un barber. Perie este f\u0103cut\u0103 din peri naturale, moi \u0219i elastici, m\u00e2ner din lemn cu inel cauciucat. Ideal pentru m\u0103turarea p\u0103rului dup\u0103 tuns sau ras. Nu provoac\u0103 irita\u021bii, poate fi folosit\u0103 acasa. Peria de ras cu peri moi asigura un efect de masaj usor f\u0103r\u0103 zg\u00e2rieturi.<\/p>\n<p><strong>Material m\u00e2ner:<\/strong> lemn<\/p>\n<p><strong>In\u0103l\u021bime:<\/strong> 175 mm<\/p>\n<p><strong>Lungimea perilor:<\/strong> 85 mm<\/p>","protected":false},"excerpt":{"rendered":"<p><span style=\"font-size: 100%;\">Nishman Neck Brush 954S pentru perierea p\u0103rului fin dup\u0103 tundere sau b\u0103rbierit.<\/span><span style=\"font-size: 100%;\"><\/span><\/p>\n","protected":false},"featured_media":636,"template":"","meta":[],"product_brand":[],"product_cat":[29,131],"product_tag":[],"class_list":{"0":"post-633","1":"product","2":"type-product","3":"status-publish","4":"has-post-thumbnail","6":"product_cat-accesorii","7":"product_cat-piepteni-si-perii","8":"pa_brand-nishman","9":"pa_felul-produsului-tip-pamatuf","10":"pa_producator-turcia","12":"first","13":"instock","14":"shipping-taxable","15":"purchasable","16":"product-type-simple"},"_links":{"self":[{"href":"https:\/\/cool-style.md\/ro\/wp-json\/wp\/v2\/product\/633","targetHints":{"allow":["GET"]}}],"collection":[{"href":"https:\/\/cool-style.md\/ro\/wp-json\/wp\/v2\/product"}],"about":[{"href":"https:\/\/cool-style.md\/ro\/wp-json\/wp\/v2\/types\/product"}],"wp:featuredmedia":[{"embeddable":true,"href":"https:\/\/cool-style.md\/ro\/wp-json\/wp\/v2\/media\/636"}],"wp:attachment":[{"href":"https:\/\/cool-style.md\/ro\/wp-json\/wp\/v2\/media?parent=633"}],"wp:term":[{"taxonomy":"product_brand","embeddable":true,"href":"https:\/\/cool-style.md\/ro\/wp-json\/wp\/v2\/product_brand?post=633"},{"taxonomy":"product_cat","embeddable":true,"href":"https:\/\/cool-style.md\/ro\/wp-json\/wp\/v2\/product_cat?post=633"},{"taxonomy":"product_tag","embeddable":true,"href":"https:\/\/cool-style.md\/ro\/wp-json\/wp\/v2\/product_tag?post=633"}],"curies":[{"name":"wp","href":"https:\/\/api.w.org\/{rel}","templated":true}]}}