{"id":635,"date":"2021-12-15T21:30:21","date_gmt":"2021-12-15T21:30:21","guid":{"rendered":"https:\/\/cool-style.md\/?post_type=product&#038;p=635"},"modified":"2026-01-05T19:44:24","modified_gmt":"2026-01-05T19:44:24","slug":"nishman-shaving-brush-1056-red","status":"publish","type":"product","link":"https:\/\/cool-style.md\/ro\/product\/nishman-shaving-brush-1056-red\/","title":{"rendered":"Perie pentru ras Nishman Shaving Brush 1056 Red"},"content":{"rendered":"<h2><span style=\"font-size: 75%;\">Perie pentru ras Nishman Shaving Brush 1056 Red<\/span><\/h2>\n<p>Peria profsional\u0103 de ras <a href=\"https:\/\/nishman.com.tr\/\" target=\"_blank\" rel=\"noopener\">Nishman<\/a> este un <a href=\"https:\/\/cool-style.md\/ro\/accesorii\/\">accesoriu<\/a> de ras perfect, cu peri naturali de mistret si m\u00e2ner din lemn. Ajut\u0103 la ob\u021binerea unei neteziri perfecte a pielii \u0219i la evitarea irita\u021biilor. Peria de ras cu peri moi asigur\u0103 un efect de masaj u\u0219or f\u0103r\u0103 zg\u00e2rieturi. M\u00e2nerul este disponibil \u00een patru culori &#8211; negru, maro, ro\u0219u \u0219i portocaliu.<\/p>\n<p><strong>Material m\u00e2ner:<\/strong> lemn<\/p>\n<p><strong>In\u0103l\u021bime:<\/strong> 130 mm<\/p>\n<p><strong>Lungimea perilor:<\/strong> 60 mm<\/p>\n<p><strong>Culoare:<\/strong> ro\u0219ie<\/p>","protected":false},"excerpt":{"rendered":"<p><span style=\"font-size: 100%;\">Nishman Shaving Brush 1056 Red cu peri naturali moi.<\/span><span style=\"font-size: 100%;\"><\/span><\/p>\n","protected":false},"featured_media":634,"template":"","meta":[],"product_brand":[],"product_cat":[29,131],"product_tag":[],"class_list":{"0":"post-635","1":"product","2":"type-product","3":"status-publish","4":"has-post-thumbnail","6":"product_cat-accesorii","7":"product_cat-piepteni-si-perii","8":"pa_brand-nishman","9":"pa_felul-produsului-tip-perie-pentru-ras","10":"pa_producator-turcia","12":"first","13":"instock","14":"shipping-taxable","15":"purchasable","16":"product-type-simple"},"_links":{"self":[{"href":"https:\/\/cool-style.md\/ro\/wp-json\/wp\/v2\/product\/635","targetHints":{"allow":["GET"]}}],"collection":[{"href":"https:\/\/cool-style.md\/ro\/wp-json\/wp\/v2\/product"}],"about":[{"href":"https:\/\/cool-style.md\/ro\/wp-json\/wp\/v2\/types\/product"}],"wp:featuredmedia":[{"embeddable":true,"href":"https:\/\/cool-style.md\/ro\/wp-json\/wp\/v2\/media\/634"}],"wp:attachment":[{"href":"https:\/\/cool-style.md\/ro\/wp-json\/wp\/v2\/media?parent=635"}],"wp:term":[{"taxonomy":"product_brand","embeddable":true,"href":"https:\/\/cool-style.md\/ro\/wp-json\/wp\/v2\/product_brand?post=635"},{"taxonomy":"product_cat","embeddable":true,"href":"https:\/\/cool-style.md\/ro\/wp-json\/wp\/v2\/product_cat?post=635"},{"taxonomy":"product_tag","embeddable":true,"href":"https:\/\/cool-style.md\/ro\/wp-json\/wp\/v2\/product_tag?post=635"}],"curies":[{"name":"wp","href":"https:\/\/api.w.org\/{rel}","templated":true}]}}